{"id":11599,"date":"2025-10-26T17:41:52","date_gmt":"2025-10-26T17:41:52","guid":{"rendered":"https:\/\/prodental.hu\/shop\/?post_type=product&#038;p=11599"},"modified":"2026-01-02T21:24:02","modified_gmt":"2026-01-02T21:24:02","slug":"ino-shaper-files-aurora","status":"publish","type":"product","link":"https:\/\/prodental.hu\/shop\/product\/ino-shaper-files-aurora\/","title":{"rendered":"INO-Shaper Files &#8211; Blue"},"content":{"rendered":"","protected":false},"excerpt":{"rendered":"<p>Az INO-Shaper rendszer file-kioszt\u00e1sa megegyezik a VDW Rotate rendszer\u00e9vel.<\/p>\n<p>Az S-keresztmetszet fokozza a v\u00e1g\u00e1si hat\u00e9konys\u00e1got \u00e9s a t\u00f6rmel\u00e9k elt\u00e1vol\u00edt\u00e1s\u00e1t.<\/p>\n<p>A fejlett h\u0151kezel\u00e9s jav\u00edtja a rugalmass\u00e1got \u00e9s a f\u00e1rad\u00e1s\u00e1ll\u00f3s\u00e1got, cs\u00f6kkentve a t\u00f6r\u00e9s kock\u00e1zat\u00e1t.<\/p>\n<p>A Blue kivitel egy egyedi \u00e9s innovat\u00edv h\u0151kezel\u00e9si technol\u00f3gi\u00e1t jelent, amelynek k\u00f6sz\u00f6nhet\u0151en kiv\u00e1l\u00f3 flexibilit\u00e1si mutat\u00f3kkal b\u00edr.<br \/>\nA kis konicit\u00e1s\u00fa kialak\u00edt\u00e1snak k\u00f6sz\u00f6nhet\u0151en meg\u0151rzi a csatorna term\u00e9szetes form\u00e1j\u00e1t, a k\u00fcl\u00f6nb\u00f6z\u0151 m\u00e9retek haszn\u00e1lat\u00e1val az egyszer\u0171t\u0151l a legbonyolultabb form\u00e1k eset\u00e9n is.<\/p>\n<p>&nbsp;<\/p>\n","protected":false},"featured_media":11241,"comment_status":"open","ping_status":"closed","template":"","meta":{"inline_featured_image":false},"product_brand":[225],"product_cat":[138,239],"product_tag":[250,253],"class_list":{"0":"post-11599","1":"product","2":"type-product","3":"status-publish","4":"has-post-thumbnail","6":"product_brand-rogin-dental","7":"product_cat-endodoncia-gyokerkezeles","8":"product_cat-gepi-gyokertagitas","9":"product_tag-gepi-tagito","10":"product_tag-rotate-alternativa","12":"first","13":"instock","14":"taxable","15":"shipping-taxable","16":"purchasable","17":"product-type-variable"},"_links":{"self":[{"href":"https:\/\/prodental.hu\/shop\/wp-json\/wp\/v2\/product\/11599","targetHints":{"allow":["GET"]}}],"collection":[{"href":"https:\/\/prodental.hu\/shop\/wp-json\/wp\/v2\/product"}],"about":[{"href":"https:\/\/prodental.hu\/shop\/wp-json\/wp\/v2\/types\/product"}],"replies":[{"embeddable":true,"href":"https:\/\/prodental.hu\/shop\/wp-json\/wp\/v2\/comments?post=11599"}],"wp:featuredmedia":[{"embeddable":true,"href":"https:\/\/prodental.hu\/shop\/wp-json\/wp\/v2\/media\/11241"}],"wp:attachment":[{"href":"https:\/\/prodental.hu\/shop\/wp-json\/wp\/v2\/media?parent=11599"}],"wp:term":[{"taxonomy":"product_brand","embeddable":true,"href":"https:\/\/prodental.hu\/shop\/wp-json\/wp\/v2\/product_brand?post=11599"},{"taxonomy":"product_cat","embeddable":true,"href":"https:\/\/prodental.hu\/shop\/wp-json\/wp\/v2\/product_cat?post=11599"},{"taxonomy":"product_tag","embeddable":true,"href":"https:\/\/prodental.hu\/shop\/wp-json\/wp\/v2\/product_tag?post=11599"}],"curies":[{"name":"wp","href":"https:\/\/api.w.org\/{rel}","templated":true}]}}