{"id":11558,"date":"2025-10-30T17:51:04","date_gmt":"2025-10-30T17:51:04","guid":{"rendered":"https:\/\/prodental.hu\/shop\/?post_type=product&#038;p=11558"},"modified":"2025-10-30T17:51:04","modified_gmt":"2025-10-30T17:51:04","slug":"gates-glidden-32-mm","status":"publish","type":"product","link":"https:\/\/prodental.hu\/shop\/product\/gates-glidden-32-mm\/","title":{"rendered":"Gates Glidden, 32 mm"},"content":{"rendered":"","protected":false},"excerpt":{"rendered":"<p>Hossz: 32 mm<\/p>\n<p>A gy\u00f6k\u00e9rcsatorna koron\u00e1lis r\u00e9sz\u00e9nek felt\u00e1g\u00edt\u00e1s\u00e1hoz.<\/p>\n<p>Kiv\u00e1l\u00f3 min\u0151s\u00e9g\u0171 rozsdamentes ac\u00e9lb\u00f3l k\u00e9sz\u00fclt. Aj\u00e1nlott fordulatsz\u00e1m: 800-1200 fordulat\/perc.<\/p>\n<p>Nem v\u00e1g\u00f3 hegy.<\/p>\n<p>El\u0151re meghat\u00e1rozott t\u00f6r\u00e9si ponttal a sz\u00e1ron.<\/p>\n<p>Gy\u0171r\u0171s jel\u00f6l\u00e9ssel a m\u00e9ret azonos\u00edt\u00e1s\u00e1ra.<\/p>\n","protected":false},"featured_media":11236,"comment_status":"open","ping_status":"closed","template":"","meta":{"inline_featured_image":false},"product_brand":[225],"product_cat":[138,239],"product_tag":[249,258,257,237],"class_list":{"0":"post-11558","1":"product","2":"type-product","3":"status-publish","4":"has-post-thumbnail","6":"product_brand-rogin-dental","7":"product_cat-endodoncia-gyokerkezeles","8":"product_cat-gepi-gyokertagitas","9":"product_tag-bemeneti-tagito","10":"product_tag-gates-glidden","11":"product_tag-gyokercstorna-megnyitasa","12":"product_tag-gyokerkezeles","14":"first","15":"instock","16":"taxable","17":"shipping-taxable","18":"purchasable","19":"product-type-variable"},"_links":{"self":[{"href":"https:\/\/prodental.hu\/shop\/wp-json\/wp\/v2\/product\/11558","targetHints":{"allow":["GET"]}}],"collection":[{"href":"https:\/\/prodental.hu\/shop\/wp-json\/wp\/v2\/product"}],"about":[{"href":"https:\/\/prodental.hu\/shop\/wp-json\/wp\/v2\/types\/product"}],"replies":[{"embeddable":true,"href":"https:\/\/prodental.hu\/shop\/wp-json\/wp\/v2\/comments?post=11558"}],"wp:featuredmedia":[{"embeddable":true,"href":"https:\/\/prodental.hu\/shop\/wp-json\/wp\/v2\/media\/11236"}],"wp:attachment":[{"href":"https:\/\/prodental.hu\/shop\/wp-json\/wp\/v2\/media?parent=11558"}],"wp:term":[{"taxonomy":"product_brand","embeddable":true,"href":"https:\/\/prodental.hu\/shop\/wp-json\/wp\/v2\/product_brand?post=11558"},{"taxonomy":"product_cat","embeddable":true,"href":"https:\/\/prodental.hu\/shop\/wp-json\/wp\/v2\/product_cat?post=11558"},{"taxonomy":"product_tag","embeddable":true,"href":"https:\/\/prodental.hu\/shop\/wp-json\/wp\/v2\/product_tag?post=11558"}],"curies":[{"name":"wp","href":"https:\/\/api.w.org\/{rel}","templated":true}]}}