{"id":11545,"date":"2025-10-30T17:56:58","date_gmt":"2025-10-30T17:56:58","guid":{"rendered":"https:\/\/prodental.hu\/shop\/?post_type=product&#038;p=11545"},"modified":"2026-03-18T14:02:50","modified_gmt":"2026-03-18T14:02:50","slug":"kofferdam-kapcsok","status":"publish","type":"product","link":"https:\/\/prodental.hu\/shop\/product\/kofferdam-kapcsok\/","title":{"rendered":"Kofferdam kapocs"},"content":{"rendered":"","protected":false},"excerpt":{"rendered":"<p>A matt fel\u00fclet\u0171 kapcsok cs\u00f6kkentik a visszat\u00fckr\u00f6z\u0151d\u00e9st, rugalmasak, m\u00e9gis biztosan helyben maradnak.<\/p>\n","protected":false},"featured_media":11669,"comment_status":"open","ping_status":"closed","template":"","meta":{"inline_featured_image":false},"product_brand":[225],"product_cat":[244,138],"product_tag":[245,107,242],"class_list":{"0":"post-11545","1":"product","2":"type-product","3":"status-publish","4":"has-post-thumbnail","6":"product_brand-rogin-dental","7":"product_cat-kiegeszitok-gyokerkezeleshez","8":"product_cat-endodoncia-gyokerkezeles","9":"product_tag-izolalas","10":"product_tag-kofferdam","11":"product_tag-mikroszkopos-gyokerkezeles","13":"first","14":"instock","15":"taxable","16":"shipping-taxable","17":"purchasable","18":"product-type-variable"},"_links":{"self":[{"href":"https:\/\/prodental.hu\/shop\/wp-json\/wp\/v2\/product\/11545","targetHints":{"allow":["GET"]}}],"collection":[{"href":"https:\/\/prodental.hu\/shop\/wp-json\/wp\/v2\/product"}],"about":[{"href":"https:\/\/prodental.hu\/shop\/wp-json\/wp\/v2\/types\/product"}],"replies":[{"embeddable":true,"href":"https:\/\/prodental.hu\/shop\/wp-json\/wp\/v2\/comments?post=11545"}],"wp:featuredmedia":[{"embeddable":true,"href":"https:\/\/prodental.hu\/shop\/wp-json\/wp\/v2\/media\/11669"}],"wp:attachment":[{"href":"https:\/\/prodental.hu\/shop\/wp-json\/wp\/v2\/media?parent=11545"}],"wp:term":[{"taxonomy":"product_brand","embeddable":true,"href":"https:\/\/prodental.hu\/shop\/wp-json\/wp\/v2\/product_brand?post=11545"},{"taxonomy":"product_cat","embeddable":true,"href":"https:\/\/prodental.hu\/shop\/wp-json\/wp\/v2\/product_cat?post=11545"},{"taxonomy":"product_tag","embeddable":true,"href":"https:\/\/prodental.hu\/shop\/wp-json\/wp\/v2\/product_tag?post=11545"}],"curies":[{"name":"wp","href":"https:\/\/api.w.org\/{rel}","templated":true}]}}