{"id":11544,"date":"2025-10-26T13:06:51","date_gmt":"2025-10-26T13:06:51","guid":{"rendered":"https:\/\/prodental.hu\/shop\/?post_type=product&#038;p=11544"},"modified":"2026-02-05T20:20:09","modified_gmt":"2026-02-05T20:20:09","slug":"kofferdam-keszlet","status":"publish","type":"product","link":"https:\/\/prodental.hu\/shop\/product\/kofferdam-keszlet\/","title":{"rendered":"Kofferdam k\u00e9szlet"},"content":{"rendered":"<div class=\"embed-container\"><iframe title=\"\u3010\ud835\udc0d\ud835\udc1e\ud835\udc30 \ud835\udc00\ud835\udc2b\ud835\udc2b\ud835\udc22\ud835\udc2f\ud835\udc1a\ud835\udc25\ud835\udc2c\u3011\ud835\udc16\ud835\udc1a\ud835\udc2d\ud835\udc1c\ud835\udc21 \ud835\udc2d\ud835\udc21\ud835\udc1e \ud835\udc11\ud835\udc28\ud835\udc20\ud835\udc22\ud835\udc27 \ud835\udc03\ud835\udc1e\ud835\udc27\ud835\udc2d\ud835\udc1a\ud835\udc25 \ud835\udc03\ud835\udc1a\ud835\udc26 \ud835\udc0a\ud835\udc22\ud835\udc2d \ud835\udc22\ud835\udc27 \ud835\udc00\ud835\udc1c\ud835\udc2d\ud835\udc22\ud835\udc28\ud835\udc27!\ud83c\udfa5\" width=\"600\" height=\"338\" src=\"https:\/\/www.youtube.com\/embed\/iw89UhfExqc?feature=oembed\" frameborder=\"0\" allow=\"accelerometer; autoplay; clipboard-write; encrypted-media; gyroscope; picture-in-picture; web-share\" referrerpolicy=\"strict-origin-when-cross-origin\" allowfullscreen><\/iframe><\/div>\n","protected":false},"excerpt":{"rendered":"[embed]https:\/\/www.youtube.com\/watch?v=iw89UhfExqc[\/embed]\n<p>A k\u00e9szlet tartalma: 12 db kapocs, kapocstart\u00f3, 2 db keret, lyukaszt\u00f3, kapocsfelhelyez\u0151, sablon, steriliz\u00e1lhat\u00f3 t\u00e1rol\u00f3doboz<\/p>\n<p>Prec\u00edz elj\u00e1r\u00e1sokhoz tervezve, mint p\u00e9ld\u00e1ul a gy\u00f6k\u00e9rkezel\u00e9s.<br \/>\nA stabil kofferdam kapocs megakad\u00e1lyozza az elmozdul\u00e1st \u00e9s nem nyomja az \u00ednyt, biztos\u00edtva a beteg k\u00e9nyelm\u00e9t.<br \/>\nA matt fel\u00fclet\u0171 kapcsok cs\u00f6kkentik a t\u00fckr\u00f6z\u0151d\u00e9st.<br \/>\nA magas h\u0151m\u00e9rs\u00e9kleten is haszn\u00e1lhat\u00f3 steriliz\u00e1l\u00f3 doboz alapos tiszt\u00edt\u00e1st \u00e9s hossz\u00fa t\u00e1v\u00fa higi\u00e9ni\u00e1t biztos\u00edt.<\/p>\n","protected":false},"featured_media":11249,"comment_status":"open","ping_status":"closed","template":"","meta":{"inline_featured_image":false},"product_brand":[225],"product_cat":[244,138],"product_tag":[237,107,242],"class_list":{"0":"post-11544","1":"product","2":"type-product","3":"status-publish","4":"has-post-thumbnail","6":"product_brand-rogin-dental","7":"product_cat-kiegeszitok-gyokerkezeleshez","8":"product_cat-endodoncia-gyokerkezeles","9":"product_tag-gyokerkezeles","10":"product_tag-kofferdam","11":"product_tag-mikroszkopos-gyokerkezeles","13":"first","14":"instock","15":"taxable","16":"shipping-taxable","17":"purchasable","18":"product-type-simple"},"_links":{"self":[{"href":"https:\/\/prodental.hu\/shop\/wp-json\/wp\/v2\/product\/11544","targetHints":{"allow":["GET"]}}],"collection":[{"href":"https:\/\/prodental.hu\/shop\/wp-json\/wp\/v2\/product"}],"about":[{"href":"https:\/\/prodental.hu\/shop\/wp-json\/wp\/v2\/types\/product"}],"replies":[{"embeddable":true,"href":"https:\/\/prodental.hu\/shop\/wp-json\/wp\/v2\/comments?post=11544"}],"wp:featuredmedia":[{"embeddable":true,"href":"https:\/\/prodental.hu\/shop\/wp-json\/wp\/v2\/media\/11249"}],"wp:attachment":[{"href":"https:\/\/prodental.hu\/shop\/wp-json\/wp\/v2\/media?parent=11544"}],"wp:term":[{"taxonomy":"product_brand","embeddable":true,"href":"https:\/\/prodental.hu\/shop\/wp-json\/wp\/v2\/product_brand?post=11544"},{"taxonomy":"product_cat","embeddable":true,"href":"https:\/\/prodental.hu\/shop\/wp-json\/wp\/v2\/product_cat?post=11544"},{"taxonomy":"product_tag","embeddable":true,"href":"https:\/\/prodental.hu\/shop\/wp-json\/wp\/v2\/product_tag?post=11544"}],"curies":[{"name":"wp","href":"https:\/\/api.w.org\/{rel}","templated":true}]}}