{"id":11537,"date":"2025-10-26T10:46:48","date_gmt":"2025-10-26T10:46:48","guid":{"rendered":"https:\/\/prodental.hu\/shop\/?post_type=product&#038;p=11537"},"modified":"2025-10-26T10:53:49","modified_gmt":"2025-10-26T10:53:49","slug":"micro-shaper-debrider-h-file-szortiment","status":"publish","type":"product","link":"https:\/\/prodental.hu\/shop\/product\/micro-shaper-debrider-h-file-szortiment\/","title":{"rendered":"Micro-Shaper (Debrider, H-File, szortiment)"},"content":{"rendered":"","protected":false},"excerpt":{"rendered":"<p>Szortiment: 20\/.02, 25\/.02, 30\/.02<\/p>\n<p>.02-es konicit\u00e1s\u00e1val \u00e9s 3 k\u00fcl\u00f6nb\u00f6z\u0151 \u00e1tm\u00e9r\u0151j\u00e9vel ezt a reszel\u0151t \u00fagy alak\u00edtott\u00e1k ki, hogy hat\u00e9konyan elt\u00e1vol\u00edtsa a gy\u00f6k\u00e9rcsatorn\u00e1b\u00f3l a t\u00f6rmel\u00e9ket, a guttaperch\u00e1t \u00e9s a meszesed\u00e9seket, mik\u00f6zben pontos form\u00e1z\u00e1st tesz lehet\u0151v\u00e9. Ide\u00e1lis ism\u00e9telt kezel\u00e9sekhez \u00e9s \u00f6sszetett esetekhez, amelyek apr\u00f3l\u00e9kos csatornatiszt\u00edt\u00e1st \u00e9s form\u00e1z\u00e1st ig\u00e9nyelnek.<\/p>\n","protected":false},"featured_media":11536,"comment_status":"open","ping_status":"closed","template":"","meta":{"inline_featured_image":false},"product_brand":[225],"product_cat":[138,238],"product_tag":[243,242],"class_list":{"0":"post-11537","1":"product","2":"type-product","3":"status-publish","4":"has-post-thumbnail","6":"product_brand-rogin-dental","7":"product_cat-endodoncia-gyokerkezeles","8":"product_cat-kezi-gyokertagitas","9":"product_tag-micro-opener","10":"product_tag-mikroszkopos-gyokerkezeles","12":"first","13":"instock","14":"taxable","15":"shipping-taxable","16":"purchasable","17":"product-type-simple"},"_links":{"self":[{"href":"https:\/\/prodental.hu\/shop\/wp-json\/wp\/v2\/product\/11537","targetHints":{"allow":["GET"]}}],"collection":[{"href":"https:\/\/prodental.hu\/shop\/wp-json\/wp\/v2\/product"}],"about":[{"href":"https:\/\/prodental.hu\/shop\/wp-json\/wp\/v2\/types\/product"}],"replies":[{"embeddable":true,"href":"https:\/\/prodental.hu\/shop\/wp-json\/wp\/v2\/comments?post=11537"}],"wp:featuredmedia":[{"embeddable":true,"href":"https:\/\/prodental.hu\/shop\/wp-json\/wp\/v2\/media\/11536"}],"wp:attachment":[{"href":"https:\/\/prodental.hu\/shop\/wp-json\/wp\/v2\/media?parent=11537"}],"wp:term":[{"taxonomy":"product_brand","embeddable":true,"href":"https:\/\/prodental.hu\/shop\/wp-json\/wp\/v2\/product_brand?post=11537"},{"taxonomy":"product_cat","embeddable":true,"href":"https:\/\/prodental.hu\/shop\/wp-json\/wp\/v2\/product_cat?post=11537"},{"taxonomy":"product_tag","embeddable":true,"href":"https:\/\/prodental.hu\/shop\/wp-json\/wp\/v2\/product_tag?post=11537"}],"curies":[{"name":"wp","href":"https:\/\/api.w.org\/{rel}","templated":true}]}}