{"id":11533,"date":"2025-10-26T10:46:03","date_gmt":"2025-10-26T10:46:03","guid":{"rendered":"https:\/\/prodental.hu\/shop\/?post_type=product&#038;p=11533"},"modified":"2025-10-26T10:55:20","modified_gmt":"2025-10-26T10:55:20","slug":"micro-prober-opener-k-file-szortiment","status":"publish","type":"product","link":"https:\/\/prodental.hu\/shop\/product\/micro-prober-opener-k-file-szortiment\/","title":{"rendered":"Micro-Prober (Opener, K-File, szortiment)"},"content":{"rendered":"","protected":false},"excerpt":{"rendered":"<p>10\/.04, 15\/.04, 20\/.04<\/p>\n<p>A .04-es konicit\u00e1s\u00e1val \u00e9s 3 k\u00fcl\u00f6nb\u00f6z\u0151 \u00e1tm\u00e9r\u0151j\u00e9vel ez a reszel\u0151 kiv\u00e1l\u00f3an alkalmas a probl\u00e9m\u00e1s csatorn\u00e1k megtal\u00e1l\u00e1s\u00e1ra, a meszes csatorn\u00e1kban val\u00f3 el\u0151rehalad\u00e1sra \u00e9s a csatornabemenetek felt\u00e1r\u00e1s\u00e1ra.<\/p>\n<p>\u00dajrakezel\u00e9sn\u00e9l a csatolna bemenet\u00e9n\u00e9l tal\u00e1lhat\u00f3 gy\u00f6k\u00e9rt\u00f6m\u0151 anyag felt\u00f6r\u00e9s\u00e9re is haszn\u00e1lhat\u00f3.<\/p>\n","protected":false},"featured_media":11535,"comment_status":"open","ping_status":"closed","template":"","meta":{"inline_featured_image":false},"product_brand":[225],"product_cat":[138,238],"product_tag":[243,242],"class_list":{"0":"post-11533","1":"product","2":"type-product","3":"status-publish","4":"has-post-thumbnail","6":"product_brand-rogin-dental","7":"product_cat-endodoncia-gyokerkezeles","8":"product_cat-kezi-gyokertagitas","9":"product_tag-micro-opener","10":"product_tag-mikroszkopos-gyokerkezeles","12":"first","13":"instock","14":"taxable","15":"shipping-taxable","16":"purchasable","17":"product-type-simple"},"_links":{"self":[{"href":"https:\/\/prodental.hu\/shop\/wp-json\/wp\/v2\/product\/11533","targetHints":{"allow":["GET"]}}],"collection":[{"href":"https:\/\/prodental.hu\/shop\/wp-json\/wp\/v2\/product"}],"about":[{"href":"https:\/\/prodental.hu\/shop\/wp-json\/wp\/v2\/types\/product"}],"replies":[{"embeddable":true,"href":"https:\/\/prodental.hu\/shop\/wp-json\/wp\/v2\/comments?post=11533"}],"wp:featuredmedia":[{"embeddable":true,"href":"https:\/\/prodental.hu\/shop\/wp-json\/wp\/v2\/media\/11535"}],"wp:attachment":[{"href":"https:\/\/prodental.hu\/shop\/wp-json\/wp\/v2\/media?parent=11533"}],"wp:term":[{"taxonomy":"product_brand","embeddable":true,"href":"https:\/\/prodental.hu\/shop\/wp-json\/wp\/v2\/product_brand?post=11533"},{"taxonomy":"product_cat","embeddable":true,"href":"https:\/\/prodental.hu\/shop\/wp-json\/wp\/v2\/product_cat?post=11533"},{"taxonomy":"product_tag","embeddable":true,"href":"https:\/\/prodental.hu\/shop\/wp-json\/wp\/v2\/product_tag?post=11533"}],"curies":[{"name":"wp","href":"https:\/\/api.w.org\/{rel}","templated":true}]}}