{"id":11529,"date":"2025-10-26T09:47:20","date_gmt":"2025-10-26T09:47:20","guid":{"rendered":"https:\/\/prodental.hu\/shop\/?post_type=product&#038;p=11529"},"modified":"2026-01-02T14:34:43","modified_gmt":"2026-01-02T14:34:43","slug":"mikroszkop-file-ok-k-h-files-szortimentben","status":"publish","type":"product","link":"https:\/\/prodental.hu\/shop\/product\/mikroszkop-file-ok-k-h-files-szortimentben\/","title":{"rendered":"Mikroszk\u00f3p file-ok (K\/H-Files szortimentben)"},"content":{"rendered":"","protected":false},"excerpt":{"rendered":"<p>Mikroszk\u00f3pos file-tart\u00f3 ny\u00e9llel haszn\u00e1lhat\u00f3 K-File-ok \u00e9s H-File-ok.<\/p>\n","protected":false},"featured_media":11260,"comment_status":"open","ping_status":"closed","template":"","meta":{"inline_featured_image":false},"product_brand":[225],"product_cat":[138,238],"product_tag":[242],"class_list":{"0":"post-11529","1":"product","2":"type-product","3":"status-publish","4":"has-post-thumbnail","6":"product_brand-rogin-dental","7":"product_cat-endodoncia-gyokerkezeles","8":"product_cat-kezi-gyokertagitas","9":"product_tag-mikroszkopos-gyokerkezeles","11":"first","12":"instock","13":"taxable","14":"shipping-taxable","15":"purchasable","16":"product-type-variable"},"_links":{"self":[{"href":"https:\/\/prodental.hu\/shop\/wp-json\/wp\/v2\/product\/11529","targetHints":{"allow":["GET"]}}],"collection":[{"href":"https:\/\/prodental.hu\/shop\/wp-json\/wp\/v2\/product"}],"about":[{"href":"https:\/\/prodental.hu\/shop\/wp-json\/wp\/v2\/types\/product"}],"replies":[{"embeddable":true,"href":"https:\/\/prodental.hu\/shop\/wp-json\/wp\/v2\/comments?post=11529"}],"wp:featuredmedia":[{"embeddable":true,"href":"https:\/\/prodental.hu\/shop\/wp-json\/wp\/v2\/media\/11260"}],"wp:attachment":[{"href":"https:\/\/prodental.hu\/shop\/wp-json\/wp\/v2\/media?parent=11529"}],"wp:term":[{"taxonomy":"product_brand","embeddable":true,"href":"https:\/\/prodental.hu\/shop\/wp-json\/wp\/v2\/product_brand?post=11529"},{"taxonomy":"product_cat","embeddable":true,"href":"https:\/\/prodental.hu\/shop\/wp-json\/wp\/v2\/product_cat?post=11529"},{"taxonomy":"product_tag","embeddable":true,"href":"https:\/\/prodental.hu\/shop\/wp-json\/wp\/v2\/product_tag?post=11529"}],"curies":[{"name":"wp","href":"https:\/\/api.w.org\/{rel}","templated":true}]}}