{"id":11527,"date":"2025-10-26T09:46:38","date_gmt":"2025-10-26T09:46:38","guid":{"rendered":"https:\/\/prodental.hu\/shop\/?post_type=product&#038;p=11527"},"modified":"2025-10-26T10:00:35","modified_gmt":"2025-10-26T10:00:35","slug":"mikroszkop-es-kezi-file-tarto-nyel","status":"publish","type":"product","link":"https:\/\/prodental.hu\/shop\/product\/mikroszkop-es-kezi-file-tarto-nyel\/","title":{"rendered":"Mikroszk\u00f3p \u00e9s k\u00e9zi file-tart\u00f3 ny\u00e9l"},"content":{"rendered":"","protected":false},"excerpt":{"rendered":"<p>A t\u00f6bbfunkci\u00f3s v\u00e9gz\u0151d\u00e9s mikroszk\u00f3p \u00e9s k\u00e9zi file-ok tart\u00f3jak\u00e9nt is funkcion\u00e1l, \u00edgy<br \/>\nk\u00fcl\u00f6nb\u00f6z\u0151 klinikai ig\u00e9nyekhez igaz\u00edthat\u00f3.<\/p>\n<p>Stabil \u00e9s prec\u00edz kontrollt biztos\u00edt a gy\u00f6k\u00e9rkezel\u00e9sek sor\u00e1n.<\/p>\n<p>Steriliz\u00e1lhat\u00f3, biztos\u00edtva a hossz\u00fa t\u00e1v\u00fa higi\u00e9ni\u00e1t \u00e9s haszn\u00e1lhat\u00f3s\u00e1got.<\/p>\n<p>A piacon kaphat\u00f3 legt\u00f6bb mikroszk\u00f3p file-lal kompatibilis a sokoldal\u00fa kezel\u00e9s \u00e9rdek\u00e9ben.<\/p>\n","protected":false},"featured_media":11260,"comment_status":"open","ping_status":"closed","template":"","meta":{"inline_featured_image":false},"product_brand":[225],"product_cat":[138,238],"product_tag":[242],"class_list":{"0":"post-11527","1":"product","2":"type-product","3":"status-publish","4":"has-post-thumbnail","6":"product_brand-rogin-dental","7":"product_cat-endodoncia-gyokerkezeles","8":"product_cat-kezi-gyokertagitas","9":"product_tag-mikroszkopos-gyokerkezeles","11":"first","12":"instock","13":"taxable","14":"shipping-taxable","15":"purchasable","16":"product-type-simple"},"_links":{"self":[{"href":"https:\/\/prodental.hu\/shop\/wp-json\/wp\/v2\/product\/11527","targetHints":{"allow":["GET"]}}],"collection":[{"href":"https:\/\/prodental.hu\/shop\/wp-json\/wp\/v2\/product"}],"about":[{"href":"https:\/\/prodental.hu\/shop\/wp-json\/wp\/v2\/types\/product"}],"replies":[{"embeddable":true,"href":"https:\/\/prodental.hu\/shop\/wp-json\/wp\/v2\/comments?post=11527"}],"wp:featuredmedia":[{"embeddable":true,"href":"https:\/\/prodental.hu\/shop\/wp-json\/wp\/v2\/media\/11260"}],"wp:attachment":[{"href":"https:\/\/prodental.hu\/shop\/wp-json\/wp\/v2\/media?parent=11527"}],"wp:term":[{"taxonomy":"product_brand","embeddable":true,"href":"https:\/\/prodental.hu\/shop\/wp-json\/wp\/v2\/product_brand?post=11527"},{"taxonomy":"product_cat","embeddable":true,"href":"https:\/\/prodental.hu\/shop\/wp-json\/wp\/v2\/product_cat?post=11527"},{"taxonomy":"product_tag","embeddable":true,"href":"https:\/\/prodental.hu\/shop\/wp-json\/wp\/v2\/product_tag?post=11527"}],"curies":[{"name":"wp","href":"https:\/\/api.w.org\/{rel}","templated":true}]}}