{"id":11516,"date":"2025-10-26T09:21:44","date_gmt":"2025-10-26T09:21:44","guid":{"rendered":"https:\/\/prodental.hu\/shop\/?post_type=product&#038;p=11516"},"modified":"2025-10-26T09:26:38","modified_gmt":"2025-10-26T09:26:38","slug":"c-pro-files","status":"publish","type":"product","link":"https:\/\/prodental.hu\/shop\/product\/c-pro-files\/","title":{"rendered":"C Pro Files"},"content":{"rendered":"","protected":false},"excerpt":{"rendered":"<p>A tov\u00e1bbfejlesztett anyagok haszn\u00e1lata \u00e9s a speci\u00e1lis forg\u00e1csol\u00e1si elj\u00e1r\u00e1s fokozza a merevs\u00e9get \u00e9s a v\u00e1g\u00e1si teljes\u00edtm\u00e9nyt. Ellen\u00e1ll\u00e1sra, rugalmass\u00e1gra \u00e9s prec\u00edz kezel\u00e9sekre tervezt\u00e9k meszes vagy \u00edvelt csatorn\u00e1kban, biztos\u00edtva a hat\u00e9kony v\u00e1g\u00e1st \u00e9s a tart\u00f3ss\u00e1got.<\/p>\n","protected":false},"featured_media":11225,"comment_status":"open","ping_status":"closed","template":"","meta":{"inline_featured_image":false},"product_brand":[225],"product_cat":[138,238],"product_tag":[241,236],"class_list":{"0":"post-11516","1":"product","2":"type-product","3":"status-publish","4":"has-post-thumbnail","6":"product_brand-rogin-dental","7":"product_cat-endodoncia-gyokerkezeles","8":"product_cat-kezi-gyokertagitas","9":"product_tag-c-file","10":"product_tag-glidepath","12":"first","13":"instock","14":"taxable","15":"shipping-taxable","16":"purchasable","17":"product-type-variable"},"_links":{"self":[{"href":"https:\/\/prodental.hu\/shop\/wp-json\/wp\/v2\/product\/11516","targetHints":{"allow":["GET"]}}],"collection":[{"href":"https:\/\/prodental.hu\/shop\/wp-json\/wp\/v2\/product"}],"about":[{"href":"https:\/\/prodental.hu\/shop\/wp-json\/wp\/v2\/types\/product"}],"replies":[{"embeddable":true,"href":"https:\/\/prodental.hu\/shop\/wp-json\/wp\/v2\/comments?post=11516"}],"wp:featuredmedia":[{"embeddable":true,"href":"https:\/\/prodental.hu\/shop\/wp-json\/wp\/v2\/media\/11225"}],"wp:attachment":[{"href":"https:\/\/prodental.hu\/shop\/wp-json\/wp\/v2\/media?parent=11516"}],"wp:term":[{"taxonomy":"product_brand","embeddable":true,"href":"https:\/\/prodental.hu\/shop\/wp-json\/wp\/v2\/product_brand?post=11516"},{"taxonomy":"product_cat","embeddable":true,"href":"https:\/\/prodental.hu\/shop\/wp-json\/wp\/v2\/product_cat?post=11516"},{"taxonomy":"product_tag","embeddable":true,"href":"https:\/\/prodental.hu\/shop\/wp-json\/wp\/v2\/product_tag?post=11516"}],"curies":[{"name":"wp","href":"https:\/\/api.w.org\/{rel}","templated":true}]}}