{"id":11502,"date":"2025-10-26T06:10:37","date_gmt":"2025-10-26T06:10:37","guid":{"rendered":"https:\/\/prodental.hu\/shop\/?post_type=product&#038;p=11502"},"modified":"2025-10-26T09:08:14","modified_gmt":"2025-10-26T09:08:14","slug":"c-files","status":"publish","type":"product","link":"https:\/\/prodental.hu\/shop\/product\/c-files\/","title":{"rendered":"C+ Files"},"content":{"rendered":"","protected":false},"excerpt":{"rendered":"<p>A kiv\u00e1l\u00f3 min\u0151s\u00e9g\u0171 \u00f6tv\u00f6zetb\u0151l \u00e1ll\u00f3 \u00fatkeres\u0151 eszk\u00f6z speci\u00e1lis kezel\u00e9si elj\u00e1r\u00e1ssal k\u00e9sz\u00fcl, er\u0151s hegy\u0171 \u00e9s rugalmas nyak\u00fa, hat\u00e9konyan p\u00f3tolja a K\/H File-ok hegy\u00e9nek gyenges\u00e9geit.<\/p>\n<p>Nagy ellen\u00e1ll\u00e1s \u00e9s rugalmass\u00e1g jellemzi, haszn\u00e1lata elmeszesedett \u00e9s g\u00f6rb\u00fclt csatorn\u00e1k eset\u00e9n aj\u00e1nlott.<\/p>\n","protected":false},"featured_media":11222,"comment_status":"open","ping_status":"closed","template":"","meta":{"inline_featured_image":false},"product_brand":[225],"product_cat":[138,238],"product_tag":[241,236],"class_list":{"0":"post-11502","1":"product","2":"type-product","3":"status-publish","4":"has-post-thumbnail","6":"product_brand-rogin-dental","7":"product_cat-endodoncia-gyokerkezeles","8":"product_cat-kezi-gyokertagitas","9":"product_tag-c-file","10":"product_tag-glidepath","12":"first","13":"instock","14":"taxable","15":"shipping-taxable","16":"purchasable","17":"product-type-variable"},"_links":{"self":[{"href":"https:\/\/prodental.hu\/shop\/wp-json\/wp\/v2\/product\/11502","targetHints":{"allow":["GET"]}}],"collection":[{"href":"https:\/\/prodental.hu\/shop\/wp-json\/wp\/v2\/product"}],"about":[{"href":"https:\/\/prodental.hu\/shop\/wp-json\/wp\/v2\/types\/product"}],"replies":[{"embeddable":true,"href":"https:\/\/prodental.hu\/shop\/wp-json\/wp\/v2\/comments?post=11502"}],"wp:featuredmedia":[{"embeddable":true,"href":"https:\/\/prodental.hu\/shop\/wp-json\/wp\/v2\/media\/11222"}],"wp:attachment":[{"href":"https:\/\/prodental.hu\/shop\/wp-json\/wp\/v2\/media?parent=11502"}],"wp:term":[{"taxonomy":"product_brand","embeddable":true,"href":"https:\/\/prodental.hu\/shop\/wp-json\/wp\/v2\/product_brand?post=11502"},{"taxonomy":"product_cat","embeddable":true,"href":"https:\/\/prodental.hu\/shop\/wp-json\/wp\/v2\/product_cat?post=11502"},{"taxonomy":"product_tag","embeddable":true,"href":"https:\/\/prodental.hu\/shop\/wp-json\/wp\/v2\/product_tag?post=11502"}],"curies":[{"name":"wp","href":"https:\/\/api.w.org\/{rel}","templated":true}]}}