{"id":11451,"date":"2025-10-26T05:10:19","date_gmt":"2025-10-26T05:10:19","guid":{"rendered":"https:\/\/prodental.hu\/shop\/?post_type=product&#038;p=11451"},"modified":"2025-10-26T08:32:06","modified_gmt":"2025-10-26T08:32:06","slug":"donaldson-idegtu-21mm","status":"publish","type":"product","link":"https:\/\/prodental.hu\/shop\/product\/donaldson-idegtu-21mm\/","title":{"rendered":"Donaldson idegt\u0171 21mm"},"content":{"rendered":"<p>Kiv\u00e1l\u00f3 min\u0151s\u00e9g\u0171 rozsdamentes ac\u00e9lb\u00f3l k\u00e9sz\u00fclt eszk\u00f6z a pulpa elt\u00e1vol\u00edt\u00e1s\u00e1ra. A 32 db rugalmas horgocska lehet\u0151v\u00e9 teszi a hat\u00e9kony \u00e9s k\u00f6nny\u0171 munk\u00e1t.<\/p>\n","protected":false},"excerpt":{"rendered":"<p>Kiv\u00e1l\u00f3 min\u0151s\u00e9g\u0171 rozsdamentes ac\u00e9lb\u00f3l k\u00e9sz\u00fclt eszk\u00f6z a pulpa elt\u00e1vol\u00edt\u00e1s\u00e1ra. A 32 db rugalmas horgocska lehet\u0151v\u00e9 teszi a hat\u00e9kony \u00e9s k\u00f6nny\u0171 munk\u00e1t.<\/p>\n","protected":false},"featured_media":11226,"comment_status":"open","ping_status":"closed","template":"","meta":{"inline_featured_image":false},"product_brand":[225],"product_cat":[138,238],"product_tag":[233,231,140,230,232],"class_list":{"0":"post-11451","1":"product","2":"type-product","3":"status-publish","4":"has-post-thumbnail","6":"product_brand-rogin-dental","7":"product_cat-endodoncia-gyokerkezeles","8":"product_cat-kezi-gyokertagitas","9":"product_tag-barbed-broches","10":"product_tag-donaldson","11":"product_tag-gyokercsatorna","12":"product_tag-idegtu","13":"product_tag-nervnadeln","15":"first","16":"instock","17":"taxable","18":"shipping-taxable","19":"purchasable","20":"product-type-variable"},"_links":{"self":[{"href":"https:\/\/prodental.hu\/shop\/wp-json\/wp\/v2\/product\/11451","targetHints":{"allow":["GET"]}}],"collection":[{"href":"https:\/\/prodental.hu\/shop\/wp-json\/wp\/v2\/product"}],"about":[{"href":"https:\/\/prodental.hu\/shop\/wp-json\/wp\/v2\/types\/product"}],"replies":[{"embeddable":true,"href":"https:\/\/prodental.hu\/shop\/wp-json\/wp\/v2\/comments?post=11451"}],"wp:featuredmedia":[{"embeddable":true,"href":"https:\/\/prodental.hu\/shop\/wp-json\/wp\/v2\/media\/11226"}],"wp:attachment":[{"href":"https:\/\/prodental.hu\/shop\/wp-json\/wp\/v2\/media?parent=11451"}],"wp:term":[{"taxonomy":"product_brand","embeddable":true,"href":"https:\/\/prodental.hu\/shop\/wp-json\/wp\/v2\/product_brand?post=11451"},{"taxonomy":"product_cat","embeddable":true,"href":"https:\/\/prodental.hu\/shop\/wp-json\/wp\/v2\/product_cat?post=11451"},{"taxonomy":"product_tag","embeddable":true,"href":"https:\/\/prodental.hu\/shop\/wp-json\/wp\/v2\/product_tag?post=11451"}],"curies":[{"name":"wp","href":"https:\/\/api.w.org\/{rel}","templated":true}]}}