{"id":11376,"date":"2025-10-26T04:50:59","date_gmt":"2025-10-26T04:50:59","guid":{"rendered":"https:\/\/prodental.hu\/shop\/?post_type=product&#038;p=11376"},"modified":"2025-10-26T08:32:07","modified_gmt":"2025-10-26T08:32:07","slug":"h-files","status":"publish","type":"product","link":"https:\/\/prodental.hu\/shop\/product\/h-files\/","title":{"rendered":"H-Files"},"content":{"rendered":"<p>Kiv\u00e1l\u00f3 min\u0151s\u00e9g\u0171 rozsdamentes ac\u00e9lb\u00f3l k\u00e9sz\u00fclt Hedstroem reszel\u0151.<\/p>\n","protected":false},"excerpt":{"rendered":"<p>Kiv\u00e1l\u00f3 min\u0151s\u00e9g\u0171 rozsdamentes ac\u00e9lb\u00f3l k\u00e9sz\u00fclt Hedstroem reszel\u0151.<\/p>\n","protected":false},"featured_media":11238,"comment_status":"open","ping_status":"closed","template":"","meta":{"inline_featured_image":false},"product_brand":[225],"product_cat":[138,238],"product_tag":[140,226,227],"class_list":{"0":"post-11376","1":"product","2":"type-product","3":"status-publish","4":"has-post-thumbnail","6":"product_brand-rogin-dental","7":"product_cat-endodoncia-gyokerkezeles","8":"product_cat-kezi-gyokertagitas","9":"product_tag-gyokercsatorna","10":"product_tag-hedstroem","11":"product_tag-reszelo","13":"first","14":"instock","15":"taxable","16":"shipping-taxable","17":"purchasable","18":"product-type-variable"},"_links":{"self":[{"href":"https:\/\/prodental.hu\/shop\/wp-json\/wp\/v2\/product\/11376","targetHints":{"allow":["GET"]}}],"collection":[{"href":"https:\/\/prodental.hu\/shop\/wp-json\/wp\/v2\/product"}],"about":[{"href":"https:\/\/prodental.hu\/shop\/wp-json\/wp\/v2\/types\/product"}],"replies":[{"embeddable":true,"href":"https:\/\/prodental.hu\/shop\/wp-json\/wp\/v2\/comments?post=11376"}],"wp:featuredmedia":[{"embeddable":true,"href":"https:\/\/prodental.hu\/shop\/wp-json\/wp\/v2\/media\/11238"}],"wp:attachment":[{"href":"https:\/\/prodental.hu\/shop\/wp-json\/wp\/v2\/media?parent=11376"}],"wp:term":[{"taxonomy":"product_brand","embeddable":true,"href":"https:\/\/prodental.hu\/shop\/wp-json\/wp\/v2\/product_brand?post=11376"},{"taxonomy":"product_cat","embeddable":true,"href":"https:\/\/prodental.hu\/shop\/wp-json\/wp\/v2\/product_cat?post=11376"},{"taxonomy":"product_tag","embeddable":true,"href":"https:\/\/prodental.hu\/shop\/wp-json\/wp\/v2\/product_tag?post=11376"}],"curies":[{"name":"wp","href":"https:\/\/api.w.org\/{rel}","templated":true}]}}