{"id":11187,"date":"2025-10-14T08:46:58","date_gmt":"2025-10-14T08:46:58","guid":{"rendered":"https:\/\/prodental.hu\/shop\/?post_type=product&#038;p=11187"},"modified":"2025-11-11T14:05:53","modified_gmt":"2025-11-11T14:05:53","slug":"luna-2-univerzalis-kompozit","status":"publish","type":"product","link":"https:\/\/prodental.hu\/shop\/product\/luna-2-univerzalis-kompozit\/","title":{"rendered":"Luna 2 &#8211; Univerz\u00e1lis kompozit"},"content":{"rendered":"<p>Kimagasl\u00f3 rugalmass\u00e1g \u00e9s eszt\u00e9tika jellemzi.<br \/>\n&#8211; T\u00f6k\u00e9letes elasztikus kezelhet\u0151s\u00e9g<br \/>\n&#8211; R\u00f6ntgen \u00e1rny\u00e9kot ad<br \/>\n&#8211; BPA mentes<br \/>\n&#8211; Magas nyom\u00e1s \u00e9s szak\u00edt\u00f3 szil\u00e1rds\u00e1g<br \/>\n&#8211; T\u00f6k\u00e9letes pol\u00edrozhat\u00f3s\u00e1g<\/p>\n<p>4 g-os fecskend\u0151ben<\/p>\n","protected":false},"excerpt":{"rendered":"<p>Kimagasl\u00f3 rugalmass\u00e1g \u00e9s eszt\u00e9tika jellemzi.<br \/>\n&#8211; T\u00f6k\u00e9letes elasztikus kezelhet\u0151s\u00e9g<br \/>\n&#8211; R\u00f6ntgen \u00e1rny\u00e9kot ad<br \/>\n&#8211; BPA mentes<br \/>\n&#8211; Magas nyom\u00e1s \u00e9s szak\u00edt\u00f3 szil\u00e1rds\u00e1g<br \/>\n&#8211; T\u00f6k\u00e9letes pol\u00edrozhat\u00f3s\u00e1g<\/p>\n<p>4 g-os fecskend\u0151ben<\/p>\n","protected":false},"featured_media":11197,"comment_status":"open","ping_status":"closed","template":"","meta":{"inline_featured_image":false},"product_brand":[217],"product_cat":[130,263],"product_tag":[],"class_list":{"0":"post-11187","1":"product","2":"type-product","3":"status-publish","4":"has-post-thumbnail","6":"product_brand-sdi","7":"product_cat-kompozitok","8":"product_cat-tomeskeszites","10":"first","11":"instock","12":"sale","13":"taxable","14":"shipping-taxable","15":"purchasable","16":"product-type-variable"},"_links":{"self":[{"href":"https:\/\/prodental.hu\/shop\/wp-json\/wp\/v2\/product\/11187","targetHints":{"allow":["GET"]}}],"collection":[{"href":"https:\/\/prodental.hu\/shop\/wp-json\/wp\/v2\/product"}],"about":[{"href":"https:\/\/prodental.hu\/shop\/wp-json\/wp\/v2\/types\/product"}],"replies":[{"embeddable":true,"href":"https:\/\/prodental.hu\/shop\/wp-json\/wp\/v2\/comments?post=11187"}],"wp:featuredmedia":[{"embeddable":true,"href":"https:\/\/prodental.hu\/shop\/wp-json\/wp\/v2\/media\/11197"}],"wp:attachment":[{"href":"https:\/\/prodental.hu\/shop\/wp-json\/wp\/v2\/media?parent=11187"}],"wp:term":[{"taxonomy":"product_brand","embeddable":true,"href":"https:\/\/prodental.hu\/shop\/wp-json\/wp\/v2\/product_brand?post=11187"},{"taxonomy":"product_cat","embeddable":true,"href":"https:\/\/prodental.hu\/shop\/wp-json\/wp\/v2\/product_cat?post=11187"},{"taxonomy":"product_tag","embeddable":true,"href":"https:\/\/prodental.hu\/shop\/wp-json\/wp\/v2\/product_tag?post=11187"}],"curies":[{"name":"wp","href":"https:\/\/api.w.org\/{rel}","templated":true}]}}