{"id":11182,"date":"2025-10-14T08:18:32","date_gmt":"2025-10-14T08:18:32","guid":{"rendered":"https:\/\/prodental.hu\/shop\/?post_type=product&#038;p=11182"},"modified":"2025-12-22T17:20:54","modified_gmt":"2025-12-22T17:20:54","slug":"set-pp-onsavazo-onkoto-rezin-cement","status":"publish","type":"product","link":"https:\/\/prodental.hu\/shop\/product\/set-pp-onsavazo-onkoto-rezin-cement\/","title":{"rendered":"SeT PP &#8211; \u00d6nsavaz\u00f3, \u00f6nbondoz\u00f3 rezin cement"},"content":{"rendered":"<p>&#8211; SDI \u00e1ltal szabadalmazott \u201eionglass\u201d t\u00f6lt\u0151anyag<br \/>\n&#8211; Kett\u0151s k\u00f6t\u00e9s\u0171<br \/>\n&#8211; R\u00f6ntgen \u00e1rny\u00e9kot ad<br \/>\n&#8211; Minim\u00e1lis posztoperat\u00edv \u00e9rz\u00e9kenys\u00e9g<br \/>\n&#8211; Magas fluorid lead\u00e1s<br \/>\n&#8211; BPA \u00e9s HEMA mentes<br \/>\n&#8211; Nem sz\u00fcks\u00e9ges savazni<br \/>\n&#8211; K\u00e9miailag 5 perc LED l\u00e1mp\u00e1val 20 mp a k\u00f6t\u00e9si id\u0151<br \/>\n&#8211; F\u00e9mekhez, ker\u00e1mi\u00e1hoz, inlayhez, onlayhoz, hidakhoz \u00e9s koron\u00e1khoz<br \/>\n&#8211; Csapok \u00e9s csavarok ragaszt\u00e1s\u00e1hoz<\/p>\n","protected":false},"excerpt":{"rendered":"<p><span style=\"color: #ff0000;\"><strong>MOST 33 % KEDVEZM\u00c9NNYEL!<\/strong><\/span><\/p>\n<p><span style=\"color: #ff0000;\"><strong>A Maxcem Elite alternat\u00edv\u00e1jak\u00e9nt aj\u00e1nljuk!<\/strong><\/span><\/p>\n<p>\u00d6nsavaz\u00f3, \u00f6nbondoz\u00f3, du\u00e1l-k\u00f6t\u00e9s\u0171 rezin cement<\/p>\n<p>&#8211; SDI \u00e1ltal szabadalmazott \u201eionglass\u201d t\u00f6lt\u0151anyag<br \/>\n&#8211; Kett\u0151s k\u00f6t\u00e9s\u0171<br \/>\n&#8211; R\u00f6ntgen \u00e1rny\u00e9kot ad<br \/>\n&#8211; Minim\u00e1lis posztoperat\u00edv \u00e9rz\u00e9kenys\u00e9g<br \/>\n&#8211; Magas fluorid lead\u00e1s<br \/>\n&#8211; BPA \u00e9s HEMA mentes<br \/>\n&#8211; Nem sz\u00fcks\u00e9ges savazni<br \/>\n&#8211; K\u00e9miailag 5 perc LED l\u00e1mp\u00e1val 20 mp a k\u00f6t\u00e9si id\u0151<br \/>\n&#8211; F\u00e9mekhez, ker\u00e1mi\u00e1hoz, inlayhez, onlayhoz, hidakhoz \u00e9s koron\u00e1khoz<br \/>\n&#8211; Csapok \u00e9s csavarok ragaszt\u00e1s\u00e1hoz<\/p>\n<p>Kiszerel\u00e9s: 2 x 7 g<\/p>\n","protected":false},"featured_media":11185,"comment_status":"open","ping_status":"closed","template":"","meta":{"inline_featured_image":false},"product_brand":[217],"product_cat":[281,271,214],"product_tag":[],"class_list":{"0":"post-11182","1":"product","2":"type-product","3":"status-publish","4":"has-post-thumbnail","6":"product_brand-sdi","7":"product_cat-akciok","8":"product_cat-fogpotlas","9":"product_cat-ragasztocementek","11":"first","12":"instock","13":"sale","14":"taxable","15":"shipping-taxable","16":"purchasable","17":"product-type-variable"},"_links":{"self":[{"href":"https:\/\/prodental.hu\/shop\/wp-json\/wp\/v2\/product\/11182","targetHints":{"allow":["GET"]}}],"collection":[{"href":"https:\/\/prodental.hu\/shop\/wp-json\/wp\/v2\/product"}],"about":[{"href":"https:\/\/prodental.hu\/shop\/wp-json\/wp\/v2\/types\/product"}],"replies":[{"embeddable":true,"href":"https:\/\/prodental.hu\/shop\/wp-json\/wp\/v2\/comments?post=11182"}],"wp:featuredmedia":[{"embeddable":true,"href":"https:\/\/prodental.hu\/shop\/wp-json\/wp\/v2\/media\/11185"}],"wp:attachment":[{"href":"https:\/\/prodental.hu\/shop\/wp-json\/wp\/v2\/media?parent=11182"}],"wp:term":[{"taxonomy":"product_brand","embeddable":true,"href":"https:\/\/prodental.hu\/shop\/wp-json\/wp\/v2\/product_brand?post=11182"},{"taxonomy":"product_cat","embeddable":true,"href":"https:\/\/prodental.hu\/shop\/wp-json\/wp\/v2\/product_cat?post=11182"},{"taxonomy":"product_tag","embeddable":true,"href":"https:\/\/prodental.hu\/shop\/wp-json\/wp\/v2\/product_tag?post=11182"}],"curies":[{"name":"wp","href":"https:\/\/api.w.org\/{rel}","templated":true}]}}