{"id":11062,"date":"2025-10-12T23:28:37","date_gmt":"2025-10-12T23:28:37","guid":{"rendered":"https:\/\/prodental.hu\/shop\/?post_type=product&#038;p=11062"},"modified":"2026-01-12T20:34:14","modified_gmt":"2026-01-12T20:34:14","slug":"stela","status":"publish","type":"product","link":"https:\/\/prodental.hu\/shop\/product\/stela\/","title":{"rendered":"Stela &#8211; Az egyetlen val\u00f3di amalg\u00e1m-alternat\u00edva"},"content":{"rendered":"<p class=\"my-2 [&amp;+p]:mt-4 [&amp;_strong:has(+br)]:inline-block [&amp;_strong:has(+br)]:pb-2\">A\u00a0<strong>SDI Stela<\/strong>\u00a0egy innovat\u00edv, \u00f6nk\u00f6t\u0151 (self-cure), nagyteljes\u00edtm\u00e9ny\u0171 kompozit t\u00f6m\u0151anyag, amelyet amalg\u00e1m alternat\u00edvak\u00e9nt fejlesztettek ki \u2013 f\u0151 c\u00e9lja, hogy egyszer\u0171, gyors \u00e9s megb\u00edzhat\u00f3 restaur\u00e1ci\u00f3t biztos\u00edtson kiemelked\u0151 mechanikai tulajdons\u00e1gokkal, eszt\u00e9tikus \u00e9s tart\u00f3s v\u00e9geredm\u00e9nnyel.<\/p>\n<p class=\"my-2 [&amp;+p]:mt-4 [&amp;_strong:has(+br)]:inline-block [&amp;_strong:has(+br)]:pb-2\"><strong>F\u0151bb jellemz\u0151k:<\/strong><\/p>\n<ul class=\"marker:text-quiet list-disc\">\n<li class=\"py-0 my-0 prose-p:pt-0 prose-p:mb-2 prose-p:my-0 [&amp;&gt;p]:pt-0 [&amp;&gt;p]:mb-2 [&amp;&gt;p]:my-0\">\n<p class=\"my-2 [&amp;+p]:mt-4 [&amp;_strong:has(+br)]:inline-block [&amp;_strong:has(+br)]:pb-2\"><strong>Nagyon magas kompresszi\u00f3s (331 MPa) \u00e9s hajl\u00edt\u00e1si szil\u00e1rds\u00e1g (143 MPa)<\/strong>: Az initi\u00e1tor rendszer szupergyors reakci\u00f3t ind\u00edt, amely sor\u00e1n a monomer-l\u00e1ncok polimeriz\u00e1l\u00f3dnak \u00e9s s\u0171r\u0171n \u00f6sszekapcsol\u00f3dnak, stabil, rezisztens anyagot hozva l\u00e9tre.\u200b<\/p>\n<\/li>\n<li class=\"py-0 my-0 prose-p:pt-0 prose-p:mb-2 prose-p:my-0 [&amp;&gt;p]:pt-0 [&amp;&gt;p]:mb-2 [&amp;&gt;p]:my-0\">\n<p class=\"my-2 [&amp;+p]:mt-4 [&amp;_strong:has(+br)]:inline-block [&amp;_strong:has(+br)]:pb-2\"><strong>K\u00e9t l\u00e9p\u00e9ses, gyors protokoll:<\/strong>\u00a0Primer felhelyez\u00e9se ut\u00e1n egyetlen adagban, ak\u00e1r v\u00e9gtelen m\u00e9lys\u00e9gben is behelyezhet\u0151; mind\u00f6ssze 15 m\u00e1sodperces el\u0151k\u00e9sz\u00edt\u00e9s \u00e9s 4 perces v\u00e1rakoz\u00e1s ut\u00e1n a restaur\u00e1ci\u00f3 m\u00e1r pol\u00edrozhat\u00f3.<\/p>\n<\/li>\n<li class=\"py-0 my-0 prose-p:pt-0 prose-p:mb-2 prose-p:my-0 [&amp;&gt;p]:pt-0 [&amp;&gt;p]:mb-2 [&amp;&gt;p]:my-0\">\n<p class=\"my-2 [&amp;+p]:mt-4 [&amp;_strong:has(+br)]:inline-block [&amp;_strong:has(+br)]:pb-2\"><strong>Nem sz\u00fcks\u00e9ges savazni vagy f\u00e9nyre k\u00f6tni:<\/strong>\u00a0Teljesen \u00f6nk\u00f6t\u0151 rendszer, amelyet automix vagy kapszul\u00e1s kiszerel\u00e9sben sz\u00e1ll\u00edtanak.<\/p>\n<\/li>\n<li class=\"py-0 my-0 prose-p:pt-0 prose-p:mb-2 prose-p:my-0 [&amp;&gt;p]:pt-0 [&amp;&gt;p]:mb-2 [&amp;&gt;p]:my-0\">\n<p class=\"my-2 [&amp;+p]:mt-4 [&amp;_strong:has(+br)]:inline-block [&amp;_strong:has(+br)]:pb-2\"><strong>Chameleon Effect (univerz\u00e1lis \u00e1rnyalat):<\/strong>\u00a0Az anyag sz\u00edne optim\u00e1lisan illeszkedik a k\u00f6rnyez\u0151 fogsz\u00f6vet \u00e1rnyalat\u00e1hoz; a transzparencia \u00e9s opacit\u00e1s egyens\u00falya t\u00f6k\u00e9letes eszt\u00e9tikai eredm\u00e9nyt ad.<\/p>\n<\/li>\n<li class=\"py-0 my-0 prose-p:pt-0 prose-p:mb-2 prose-p:my-0 [&amp;&gt;p]:pt-0 [&amp;&gt;p]:mb-2 [&amp;&gt;p]:my-0\">\n<p class=\"my-2 [&amp;+p]:mt-4 [&amp;_strong:has(+br)]:inline-block [&amp;_strong:has(+br)]:pb-2\"><strong>Gap-free interface:<\/strong>\u00a0Egyed\u00fcl\u00e1ll\u00f3 polimeriz\u00e1ci\u00f3s technol\u00f3gia miatt t\u00f6k\u00e9letesen z\u00e1r, cs\u00f6kkenti a posztoperat\u00edv \u00e9rz\u00e9kenys\u00e9get \u00e9s a korai frakt\u00far\u00e1k kock\u00e1zat\u00e1t.<\/p>\n<\/li>\n<li class=\"py-0 my-0 prose-p:pt-0 prose-p:mb-2 prose-p:my-0 [&amp;&gt;p]:pt-0 [&amp;&gt;p]:mb-2 [&amp;&gt;p]:my-0\">\n<p class=\"my-2 [&amp;+p]:mt-4 [&amp;_strong:has(+br)]:inline-block [&amp;_strong:has(+br)]:pb-2\"><strong>Nagyon magas radiopacit\u00e1s (308% Al):<\/strong>\u00a0Seg\u00edti a diagnosztik\u00e1t.<\/p>\n<\/li>\n<li class=\"py-0 my-0 prose-p:pt-0 prose-p:mb-2 prose-p:my-0 [&amp;&gt;p]:pt-0 [&amp;&gt;p]:mb-2 [&amp;&gt;p]:my-0\">\n<p class=\"my-2 [&amp;+p]:mt-4 [&amp;_strong:has(+br)]:inline-block [&amp;_strong:has(+br)]:pb-2\"><strong>Kiv\u00e1l\u00f3 hossz\u00fa t\u00e1v\u00fa kop\u00e1s\u00e1ll\u00f3s\u00e1g:<\/strong>\u00a00.052 mm kop\u00e1s 200 000 ciklus ut\u00e1n (t\u00f6bb mint 1 \u00e9v in vitro funkci\u00f3).<\/p>\n<\/li>\n<li class=\"py-0 my-0 prose-p:pt-0 prose-p:mb-2 prose-p:my-0 [&amp;&gt;p]:pt-0 [&amp;&gt;p]:mb-2 [&amp;&gt;p]:my-0\">\n<p class=\"my-2 [&amp;+p]:mt-4 [&amp;_strong:has(+br)]:inline-block [&amp;_strong:has(+br)]:pb-2\"><strong>Bioakt\u00edv t\u00f6lt\u0151anyagok:<\/strong>\u00a0Fluorid, kalcium \u00e9s strontium lead\u00e1s\u00e1val t\u00e1mogatja a remineraliz\u00e1ci\u00f3t, savas kih\u00edv\u00e1s alatt v\u00e9delmet ad a fogsz\u00f6vetnek.<\/p>\n<\/li>\n<li class=\"py-0 my-0 prose-p:pt-0 prose-p:mb-2 prose-p:my-0 [&amp;&gt;p]:pt-0 [&amp;&gt;p]:mb-2 [&amp;&gt;p]:my-0\">\n<p class=\"my-2 [&amp;+p]:mt-4 [&amp;_strong:has(+br)]:inline-block [&amp;_strong:has(+br)]:pb-2\"><strong>BPA- \u00e9s HEMA-mentes:<\/strong>\u00a0MDP monomerrel a megb\u00edzhat\u00f3 k\u00f6t\u00e9s\u00e9rt dentinhez \u00e9s zom\u00e1nchoz.<\/p>\n<\/li>\n<li class=\"py-0 my-0 prose-p:pt-0 prose-p:mb-2 prose-p:my-0 [&amp;&gt;p]:pt-0 [&amp;&gt;p]:mb-2 [&amp;&gt;p]:my-0\">\n<p class=\"my-2 [&amp;+p]:mt-4 [&amp;_strong:has(+br)]:inline-block [&amp;_strong:has(+br)]:pb-2\"><strong>Indik\u00e1ci\u00f3k:<\/strong>\u00a0Class I, II, III, V kavit\u00e1sok, core build-up, liner\/b\u00e1zis, endodonciai lez\u00e1r\u00e1s, bar\u00e1zdaz\u00e1r\u00e1s, szuvas vagy gyeng\u00e9bb compliance-\u0171 p\u00e1ciensek kezel\u00e9se.<\/p>\n<\/li>\n<\/ul>\n<p class=\"my-2 [&amp;+p]:mt-4 [&amp;_strong:has(+br)]:inline-block [&amp;_strong:has(+br)]:pb-2\">A\u00a0<strong>Stela<\/strong>\u00a0teh\u00e1t szupergyors, er\u0151s, eszt\u00e9tikus \u00e9s hossz\u00fa \u00e9lettartam\u00fa \u00f6nk\u00f6t\u0151 kompozit restaur\u00e1ci\u00f3kat k\u00edn\u00e1l minden klinikai indik\u00e1ci\u00f3ban, a hagyom\u00e1nyos amalg\u00e1mn\u00e1l jobb mechanikai \u00e9s biol\u00f3giai tulajdons\u00e1gokkal.\u200b<\/p>\n","protected":false},"excerpt":{"rendered":"<p>A\u00a0<strong>SDI Stela<\/strong> egy innovat\u00edv, \u00f6nk\u00f6t\u0151, kompozit t\u00f6m\u0151anyag, amelyet amalg\u00e1m alternat\u00edvak\u00e9nt fejlesztettek ki \u2013 f\u0151 c\u00e9lja, hogy egyszer\u0171, gyors \u00e9s megb\u00edzhat\u00f3 restaur\u00e1ci\u00f3t biztos\u00edtson kiemelked\u0151 mechanikai tulajdons\u00e1gokkal, eszt\u00e9tikus \u00e9s tart\u00f3s v\u00e9geredm\u00e9nnyel.<\/p>\n<p>A j\u00f6v\u0151 kompozitja!<\/p>\n<p>&#8211; Korl\u00e1tlan m\u00e9lys\u00e9gig haszn\u00e1lhat\u00f3<br \/>\n&#8211; Magas szak\u00edt\u00f3 szil\u00e1rds\u00e1g<br \/>\n&#8211; T\u00f6k\u00e9letes kezelhet\u0151s\u00e9g<br \/>\n&#8211; Gyors egyszer\u0171 t\u00f6m\u00e9s k\u00e9sz\u00edt\u00e9s<br \/>\n&#8211; T\u00f6k\u00e9letes sz\u00e9li z\u00e1r\u00f3d\u00e1s- Val\u00f3s amalg\u00e1m alternat\u00edva<\/p>\n<p>Kiszerel\u00e9s: Automix fecskend\u0151 (8 g) vagy 50 db kapszula<\/p>\n<p>Az Intro Kit-ek tartalmaznak 1 fecskend\u0151 vagy 50 kapszula Stela-t \u00e9s 5 ml Primert.<\/p>\n","protected":false},"featured_media":11063,"comment_status":"open","ping_status":"closed","template":"","meta":{"inline_featured_image":false},"product_brand":[217],"product_cat":[281,130,221,263],"product_tag":[],"class_list":{"0":"post-11062","1":"product","2":"type-product","3":"status-publish","4":"has-post-thumbnail","6":"product_brand-sdi","7":"product_cat-akciok","8":"product_cat-kompozitok","9":"product_cat-stela-az-igazi-amalgam-alternativa","10":"product_cat-tomeskeszites","12":"first","13":"instock","14":"sale","15":"taxable","16":"shipping-taxable","17":"purchasable","18":"product-type-variable"},"_links":{"self":[{"href":"https:\/\/prodental.hu\/shop\/wp-json\/wp\/v2\/product\/11062","targetHints":{"allow":["GET"]}}],"collection":[{"href":"https:\/\/prodental.hu\/shop\/wp-json\/wp\/v2\/product"}],"about":[{"href":"https:\/\/prodental.hu\/shop\/wp-json\/wp\/v2\/types\/product"}],"replies":[{"embeddable":true,"href":"https:\/\/prodental.hu\/shop\/wp-json\/wp\/v2\/comments?post=11062"}],"wp:featuredmedia":[{"embeddable":true,"href":"https:\/\/prodental.hu\/shop\/wp-json\/wp\/v2\/media\/11063"}],"wp:attachment":[{"href":"https:\/\/prodental.hu\/shop\/wp-json\/wp\/v2\/media?parent=11062"}],"wp:term":[{"taxonomy":"product_brand","embeddable":true,"href":"https:\/\/prodental.hu\/shop\/wp-json\/wp\/v2\/product_brand?post=11062"},{"taxonomy":"product_cat","embeddable":true,"href":"https:\/\/prodental.hu\/shop\/wp-json\/wp\/v2\/product_cat?post=11062"},{"taxonomy":"product_tag","embeddable":true,"href":"https:\/\/prodental.hu\/shop\/wp-json\/wp\/v2\/product_tag?post=11062"}],"curies":[{"name":"wp","href":"https:\/\/api.w.org\/{rel}","templated":true}]}}