{"id":11046,"date":"2025-10-12T23:04:10","date_gmt":"2025-10-12T23:04:10","guid":{"rendered":"https:\/\/prodental.hu\/shop\/?post_type=product&#038;p=11046"},"modified":"2025-11-12T08:37:33","modified_gmt":"2025-11-12T08:37:33","slug":"conseal-f","status":"publish","type":"product","link":"https:\/\/prodental.hu\/shop\/product\/conseal-f\/","title":{"rendered":"CONSEAL F"},"content":{"rendered":"<p class=\"my-2 [&amp;+p]:mt-4 [&amp;_strong:has(+br)]:inline-block [&amp;_strong:has(+br)]:pb-2\">Az\u00a0<strong>SDI Conseal F<\/strong> egy f\u00e9nyre k\u00f6t\u0151, fluoridlead\u00f3, rendk\u00edv\u00fcl alacsony viszkozit\u00e1s\u00fa bar\u00e1zdaz\u00e1r\u00f3 anyag, amelyet bar\u00e1zd\u00e1k \u00e9s fissz\u00far\u00e1k megb\u00edzhat\u00f3 lez\u00e1r\u00e1s\u00e1ra fejlesztettek ki.<\/p>\n<p class=\"my-2 [&amp;+p]:mt-4 [&amp;_strong:has(+br)]:inline-block [&amp;_strong:has(+br)]:pb-2\"><strong>F\u0151bb jellemz\u0151k:<\/strong><\/p>\n<ul class=\"marker:text-quiet list-disc\">\n<li class=\"py-0 my-0 prose-p:pt-0 prose-p:mb-2 prose-p:my-0 [&amp;&gt;p]:pt-0 [&amp;&gt;p]:mb-2 [&amp;&gt;p]:my-0\">\n<p class=\"my-2 [&amp;+p]:mt-4 [&amp;_strong:has(+br)]:inline-block [&amp;_strong:has(+br)]:pb-2\"><strong>Extra alacsony viszkozit\u00e1s:<\/strong>\u00a0A Conseal F a legalacsonyabb viszkozit\u00e1s\u00fa bar\u00e1zdaz\u00e1r\u00f3 anyag, amelynek ide\u00e1lis foly\u00e1si tulajdons\u00e1ga lehet\u0151v\u00e9 teszi, hogy gyorsabban \u00e9s m\u00e9lyebben behatoljon a prepar\u00e1lt bar\u00e1zd\u00e1kba, \u00fcregekbe \u00e9s fissz\u00far\u00e1kba. Ez jelent\u0151sen jav\u00edtja a mechanikai retenci\u00f3t, cs\u00f6kkenti a sziv\u00e1rg\u00e1s es\u00e9ly\u00e9t \u00e9s optimaliz\u00e1lja a bakt\u00e9riummentes z\u00e1r\u00e1st.\u200b<\/p>\n<\/li>\n<li class=\"py-0 my-0 prose-p:pt-0 prose-p:mb-2 prose-p:my-0 [&amp;&gt;p]:pt-0 [&amp;&gt;p]:mb-2 [&amp;&gt;p]:my-0\">\n<p class=\"my-2 [&amp;+p]:mt-4 [&amp;_strong:has(+br)]:inline-block [&amp;_strong:has(+br)]:pb-2\"><strong>Intenz\u00edv fluoridlead\u00e1s:<\/strong>\u00a0Egyedi t\u00f6lt\u0151anyag r\u00e9szecske rendszer\u00e9nek \u00e9s nagy fel\u00fclet\/t\u00e9rfogat ar\u00e1ny\u00e1nak k\u00f6sz\u00f6nhet\u0151en jelent\u0151s mennyis\u00e9g\u0171 fluoridot bocs\u00e1t ki \u2013 ez el\u0151seg\u00edti a kari\u00e9sz prevenci\u00f3t, a remineraliz\u00e1ci\u00f3t \u00e9s g\u00e1tolja a zom\u00e1nc demineraliz\u00e1ci\u00f3j\u00e1t.\u200b<\/p>\n<\/li>\n<li class=\"py-0 my-0 prose-p:pt-0 prose-p:mb-2 prose-p:my-0 [&amp;&gt;p]:pt-0 [&amp;&gt;p]:mb-2 [&amp;&gt;p]:my-0\">\n<p class=\"my-2 [&amp;+p]:mt-4 [&amp;_strong:has(+br)]:inline-block [&amp;_strong:has(+br)]:pb-2\"><strong>BPA- \u00e9s HEMA-mentes:<\/strong>\u00a0Nem tartalmaz Bisphenol-A-t (BIS-GMA), elker\u00fclve minden ezzel kapcsolatos kontroverzi\u00e1t.<\/p>\n<\/li>\n<li class=\"py-0 my-0 prose-p:pt-0 prose-p:mb-2 prose-p:my-0 [&amp;&gt;p]:pt-0 [&amp;&gt;p]:mb-2 [&amp;&gt;p]:my-0\">\n<p class=\"my-2 [&amp;+p]:mt-4 [&amp;_strong:has(+br)]:inline-block [&amp;_strong:has(+br)]:pb-2\"><strong>Szuperfinom adagol\u00e1s:<\/strong>\u00a0Fecskend\u0151s \u00e9s single-dose kiszerel\u00e9sben is el\u00e9rhet\u0151, szuperv\u00e9kony (0,41 mm-es) pre-bent tip-ny\u00edl\u00e1s, amely harmad akkora, mint a hagyom\u00e1nyos z\u00e1r\u00f3anyagok\u00e9 \u2013 ez el\u0151seg\u00edti a m\u00e9lyebb penetr\u00e1ci\u00f3t \u00e9s pontosabb z\u00e1r\u00e1st.<\/p>\n<\/li>\n<\/ul>\n","protected":false},"excerpt":{"rendered":"<p>Fluorid lead\u00f3 bar\u00e1zdaz\u00e1r\u00f3<\/p>\n<p>&#8211; Magas fluorid lead\u00e1s<br \/>\n&#8211; Alacsony viszkozit\u00e1s<br \/>\n&#8211; M\u00e9lyen penetr\u00e1l<\/p>\n<p>Kiszerel\u00e9s: 1 g<\/p>\n","protected":false},"featured_media":11990,"comment_status":"open","ping_status":"closed","template":"","meta":{"inline_featured_image":false},"product_brand":[217],"product_cat":[130,218],"product_tag":[],"class_list":{"0":"post-11046","1":"product","2":"type-product","3":"status-publish","4":"has-post-thumbnail","6":"product_brand-sdi","7":"product_cat-kompozitok","8":"product_cat-prevencio","10":"first","11":"instock","12":"taxable","13":"shipping-taxable","14":"purchasable","15":"product-type-simple"},"_links":{"self":[{"href":"https:\/\/prodental.hu\/shop\/wp-json\/wp\/v2\/product\/11046","targetHints":{"allow":["GET"]}}],"collection":[{"href":"https:\/\/prodental.hu\/shop\/wp-json\/wp\/v2\/product"}],"about":[{"href":"https:\/\/prodental.hu\/shop\/wp-json\/wp\/v2\/types\/product"}],"replies":[{"embeddable":true,"href":"https:\/\/prodental.hu\/shop\/wp-json\/wp\/v2\/comments?post=11046"}],"wp:featuredmedia":[{"embeddable":true,"href":"https:\/\/prodental.hu\/shop\/wp-json\/wp\/v2\/media\/11990"}],"wp:attachment":[{"href":"https:\/\/prodental.hu\/shop\/wp-json\/wp\/v2\/media?parent=11046"}],"wp:term":[{"taxonomy":"product_brand","embeddable":true,"href":"https:\/\/prodental.hu\/shop\/wp-json\/wp\/v2\/product_brand?post=11046"},{"taxonomy":"product_cat","embeddable":true,"href":"https:\/\/prodental.hu\/shop\/wp-json\/wp\/v2\/product_cat?post=11046"},{"taxonomy":"product_tag","embeddable":true,"href":"https:\/\/prodental.hu\/shop\/wp-json\/wp\/v2\/product_tag?post=11046"}],"curies":[{"name":"wp","href":"https:\/\/api.w.org\/{rel}","templated":true}]}}