{"id":11040,"date":"2025-10-12T23:00:00","date_gmt":"2025-10-12T23:00:00","guid":{"rendered":"https:\/\/prodental.hu\/shop\/?post_type=product&#038;p=11040"},"modified":"2025-11-12T08:41:30","modified_gmt":"2025-11-12T08:41:30","slug":"riva-protect","status":"publish","type":"product","link":"https:\/\/prodental.hu\/shop\/product\/riva-protect\/","title":{"rendered":"RIVA PROTECT"},"content":{"rendered":"<p class=\"my-2 [&amp;+p]:mt-4 [&amp;_strong:has(+br)]:inline-block [&amp;_strong:has(+br)]:pb-2\">Az\u00a0<strong>SDI Riva Protect<\/strong>\u00a0egy cs\u00facstechnol\u00f3gi\u00e1s, magas fluorid-lead\u00e1s\u00fa \u00fcvegionomer felsz\u00ednv\u00e9d\u0151, bar\u00e1zdaz\u00e1r\u00f3 \u00e9s liner anyag, amelyet k\u00fcl\u00f6n\u00f6sen a r\u00e9szlegesen el\u0151t\u00f6rt vagy er\u0151sen szuvasod\u00e1svesz\u00e9lyes fogak v\u00e9delm\u00e9re fejlesztettek ki.<\/p>\n<p class=\"my-2 [&amp;+p]:mt-4 [&amp;_strong:has(+br)]:inline-block [&amp;_strong:has(+br)]:pb-2\"><strong>F\u0151bb jellemz\u0151k:<\/strong><\/p>\n<ul class=\"marker:text-quiet list-disc\">\n<li class=\"py-0 my-0 prose-p:pt-0 prose-p:mb-2 prose-p:my-0 [&amp;&gt;p]:pt-0 [&amp;&gt;p]:mb-2 [&amp;&gt;p]:my-0\">\n<p class=\"my-2 [&amp;+p]:mt-4 [&amp;_strong:has(+br)]:inline-block [&amp;_strong:has(+br)]:pb-2\"><strong>Azonnali v\u00e9delem:<\/strong>\u00a0Az anyag gyorsan \u00e9s hat\u00e9konyan v\u00e9di a bar\u00e1zd\u00e1kat, g\u00f6dr\u00f6csk\u00e9ket \u00e9s fogfelsz\u00edneket, k\u00fcl\u00f6n\u00f6sen a r\u00e9szlegesen el\u0151t\u00f6rt fogakn\u00e1l, ahol a nedvess\u00e9gkontroll neh\u00e9z lehet.\u200b<\/p>\n<\/li>\n<li class=\"py-0 my-0 prose-p:pt-0 prose-p:mb-2 prose-p:my-0 [&amp;&gt;p]:pt-0 [&amp;&gt;p]:mb-2 [&amp;&gt;p]:my-0\">\n<p class=\"my-2 [&amp;+p]:mt-4 [&amp;_strong:has(+br)]:inline-block [&amp;_strong:has(+br)]:pb-2\"><strong>Kiemelked\u0151 fluorid-lead\u00e1s:<\/strong>\u00a0SDI egyedi ionglass\u2122 technol\u00f3gi\u00e1ja garant\u00e1lja a magas fluorid-lead\u00e1st, amely t\u00e1mogatja a remineraliz\u00e1ci\u00f3t \u00e9s seg\u00edt a term\u00e9szetes fogszerkezet helyre\u00e1ll\u00edt\u00e1s\u00e1ban.<\/p>\n<\/li>\n<li class=\"py-0 my-0 prose-p:pt-0 prose-p:mb-2 prose-p:my-0 [&amp;&gt;p]:pt-0 [&amp;&gt;p]:mb-2 [&amp;&gt;p]:my-0\">\n<p class=\"my-2 [&amp;+p]:mt-4 [&amp;_strong:has(+br)]:inline-block [&amp;_strong:has(+br)]:pb-2\"><strong>ACP (amorf kalcium-foszf\u00e1t) nanor\u00e9szecsk\u00e9k:<\/strong>\u00a0Ezek a t\u00f6lt\u0151anyagok k\u00f6nnyen be\u00e9p\u00fclnek a fogba, extra kalciumot \u00e9s foszf\u00e1tot juttatnak a foghoz, amit a fluoriddal egy\u00fctt \u00fajra felhaszn\u00e1l a fogsz\u00f6vet.<\/p>\n<\/li>\n<li class=\"py-0 my-0 prose-p:pt-0 prose-p:mb-2 prose-p:my-0 [&amp;&gt;p]:pt-0 [&amp;&gt;p]:mb-2 [&amp;&gt;p]:my-0\">\n<p class=\"my-2 [&amp;+p]:mt-4 [&amp;_strong:has(+br)]:inline-block [&amp;_strong:has(+br)]:pb-2\"><strong>Alacsony viszkozit\u00e1s:<\/strong>\u00a0Az anyag k\u00f6nnyen folyik, m\u00e9lyen behatol a bar\u00e1zd\u00e1kba, optim\u00e1lis t\u00f6m\u00edt\u00e9st \u00e9s \u00f6nr\u00f6gz\u00edt\u0151 k\u00e9pess\u00e9get biztos\u00edt, \u00edgy megakad\u00e1lyozza a bakt\u00e9riumok elszaporod\u00e1s\u00e1t.<\/p>\n<\/li>\n<li class=\"py-0 my-0 prose-p:pt-0 prose-p:mb-2 prose-p:my-0 [&amp;&gt;p]:pt-0 [&amp;&gt;p]:mb-2 [&amp;&gt;p]:my-0\">\n<p class=\"my-2 [&amp;+p]:mt-4 [&amp;_strong:has(+br)]:inline-block [&amp;_strong:has(+br)]:pb-2\"><strong>\u00d6nr\u00f6gz\u00edt\u0151:<\/strong>\u00a0Nincs sz\u00fcks\u00e9g k\u00fcl\u00f6n ragaszt\u00f3ra, a Riva Protect k\u00e9miailag tapad a fogfelsz\u00ednhez.<\/p>\n<\/li>\n<li class=\"py-0 my-0 prose-p:pt-0 prose-p:mb-2 prose-p:my-0 [&amp;&gt;p]:pt-0 [&amp;&gt;p]:mb-2 [&amp;&gt;p]:my-0\">\n<p class=\"my-2 [&amp;+p]:mt-4 [&amp;_strong:has(+br)]:inline-block [&amp;_strong:has(+br)]:pb-2\"><strong>Nedvess\u00e9gt\u0171r\u0151:<\/strong>\u00a0Lehet haszn\u00e1lni sz\u00e1raz vagy nedves k\u00f6rnyezetben, teh\u00e1t a nedvess\u00e9gkontroll nem kritikus pont.\u200b<\/p>\n<\/li>\n<li class=\"py-0 my-0 prose-p:pt-0 prose-p:mb-2 prose-p:my-0 [&amp;&gt;p]:pt-0 [&amp;&gt;p]:mb-2 [&amp;&gt;p]:my-0\">\n<p class=\"my-2 [&amp;+p]:mt-4 [&amp;_strong:has(+br)]:inline-block [&amp;_strong:has(+br)]:pb-2\"><strong>K\u00e9tf\u00e9le sz\u00edn:<\/strong>\u00a0Pink \u00e9s feh\u00e9r \u00e1rnyalatban el\u00e9rhet\u0151, a pink j\u00f3l l\u00e1that\u00f3, k\u00f6nny\u0171 azonos\u00edt\u00e1s, a feh\u00e9r eszt\u00e9tikusabb hat\u00e1st biztos\u00edt.<\/p>\n<\/li>\n<li class=\"py-0 my-0 prose-p:pt-0 prose-p:mb-2 prose-p:my-0 [&amp;&gt;p]:pt-0 [&amp;&gt;p]:mb-2 [&amp;&gt;p]:my-0\">\n<p class=\"my-2 [&amp;+p]:mt-4 [&amp;_strong:has(+br)]:inline-block [&amp;_strong:has(+br)]:pb-2\"><strong>Speci\u00e1lis indik\u00e1ci\u00f3k:<\/strong>\u00a0Bar\u00e1zdaz\u00e1r\u00e1s, gy\u00f6k\u00e9r-\/fogfelsz\u00ednv\u00e9delem, t\u00fal\u00e9rz\u00e9kenys\u00e9g megel\u0151z\u00e9se, ideiglenes t\u00f6m\u00e9sek \u00e9s endodonciai t\u00f6m\u00e9sek, linerk\u00e9nt vagy ortodontiai bite-openinghez.\u200b<\/p>\n<\/li>\n<li class=\"py-0 my-0 prose-p:pt-0 prose-p:mb-2 prose-p:my-0 [&amp;&gt;p]:pt-0 [&amp;&gt;p]:mb-2 [&amp;&gt;p]:my-0\">\n<p class=\"my-2 [&amp;+p]:mt-4 [&amp;_strong:has(+br)]:inline-block [&amp;_strong:has(+br)]:pb-2\"><strong>Gyors vagy lass\u00fa k\u00f6t\u00e9si id\u0151:<\/strong>\u00a0A kapszul\u00e1s kiszerel\u00e9s norm\u00e1l vagy gyors k\u00f6t\u00e9s\u0171 v\u00e1ltozatban is el\u00e9rhet\u0151.<\/p>\n<\/li>\n<\/ul>\n<p class=\"my-2 [&amp;+p]:mt-4 [&amp;_strong:has(+br)]:inline-block [&amp;_strong:has(+br)]:pb-2\">A\u00a0<strong>Riva Protect<\/strong>\u00a0teh\u00e1t egy modern, rendk\u00edv\u00fcl fluorid-lead\u00f3, remineraliz\u00e1l\u00f3 hat\u00e1s\u00fa \u00fcvegionomer v\u00e9d\u0151anyag, amely biol\u00f3giailag bar\u00e1ts\u00e1gos, k\u00f6nnyen alkalmazhat\u00f3 \u00e9s hat\u00e9kony v\u00e9delmet, t\u00f6m\u00edt\u00e9st k\u00edn\u00e1l gyermek- \u00e9s feln\u0151tt fog\u00e1szatban egyar\u00e1nt.<\/p>\n","protected":false},"excerpt":{"rendered":"<p>\u00dcvegionomer bar\u00e1zdaz\u00e1r\u00f3<\/p>\n<p>&#8211; SDI \u00e1ltal szabadalmazott \u201eionglass\u201d t\u00f6lt\u0151anyag<br \/>\n&#8211; Alacsony viszkozit\u00e1s<br \/>\n&#8211; BPA \u00e9s HEMA mentes<br \/>\n&#8211; K\u00e9miailag k\u00f6t\u0151dik a foganyaghoz<br \/>\n&#8211; Extr\u00e9m magas fluorid lead\u00e1s<br \/>\n&#8211; R\u00f6ntgen \u00e1rny\u00e9kot ad<\/p>\n<p>Kiszerel\u00e9s: 50 db kapszula vagy Por (<\/p>\n","protected":false},"featured_media":12019,"comment_status":"open","ping_status":"closed","template":"","meta":{"inline_featured_image":false},"product_brand":[217],"product_cat":[218],"product_tag":[],"class_list":{"0":"post-11040","1":"product","2":"type-product","3":"status-publish","4":"has-post-thumbnail","6":"product_brand-sdi","7":"product_cat-prevencio","9":"first","10":"instock","11":"taxable","12":"shipping-taxable","13":"purchasable","14":"product-type-variable"},"_links":{"self":[{"href":"https:\/\/prodental.hu\/shop\/wp-json\/wp\/v2\/product\/11040","targetHints":{"allow":["GET"]}}],"collection":[{"href":"https:\/\/prodental.hu\/shop\/wp-json\/wp\/v2\/product"}],"about":[{"href":"https:\/\/prodental.hu\/shop\/wp-json\/wp\/v2\/types\/product"}],"replies":[{"embeddable":true,"href":"https:\/\/prodental.hu\/shop\/wp-json\/wp\/v2\/comments?post=11040"}],"wp:featuredmedia":[{"embeddable":true,"href":"https:\/\/prodental.hu\/shop\/wp-json\/wp\/v2\/media\/12019"}],"wp:attachment":[{"href":"https:\/\/prodental.hu\/shop\/wp-json\/wp\/v2\/media?parent=11040"}],"wp:term":[{"taxonomy":"product_brand","embeddable":true,"href":"https:\/\/prodental.hu\/shop\/wp-json\/wp\/v2\/product_brand?post=11040"},{"taxonomy":"product_cat","embeddable":true,"href":"https:\/\/prodental.hu\/shop\/wp-json\/wp\/v2\/product_cat?post=11040"},{"taxonomy":"product_tag","embeddable":true,"href":"https:\/\/prodental.hu\/shop\/wp-json\/wp\/v2\/product_tag?post=11040"}],"curies":[{"name":"wp","href":"https:\/\/api.w.org\/{rel}","templated":true}]}}