{"id":11000,"date":"2025-10-12T22:22:49","date_gmt":"2025-10-12T22:22:49","guid":{"rendered":"https:\/\/prodental.hu\/shop\/?post_type=product&#038;p=11000"},"modified":"2025-11-12T08:50:35","modified_gmt":"2025-11-12T08:50:35","slug":"luna-flow-lv-1-syr","status":"publish","type":"product","link":"https:\/\/prodental.hu\/shop\/product\/luna-flow-lv-1-syr\/","title":{"rendered":"LUNA FLOW LV"},"content":{"rendered":"<p class=\"my-2 [&amp;+p]:mt-4 [&amp;_strong:has(+br)]:inline-block [&amp;_strong:has(+br)]:pb-2\">Az\u00a0<strong>SDI Luna Flow LV <\/strong>egy magas szil\u00e1rds\u00e1g\u00fa, alacsony viszkozit\u00e1s\u00fa (LV = Low Viscosity) foly\u00e9kony kompozit t\u00f6m\u0151anyag, amelyet a Luna Flow term\u00e9kcsal\u00e1d r\u00e9szek\u00e9nt k\u00edn\u00e1lnak.<\/p>\n<p class=\"my-2 [&amp;+p]:mt-4 [&amp;_strong:has(+br)]:inline-block [&amp;_strong:has(+br)]:pb-2\"><strong>F\u0151bb jellemz\u0151k:<\/strong><\/p>\n<ul class=\"marker:text-quiet list-disc\">\n<li class=\"py-0 my-0 prose-p:pt-0 prose-p:mb-2 prose-p:my-0 [&amp;&gt;p]:pt-0 [&amp;&gt;p]:mb-2 [&amp;&gt;p]:my-0\">\n<p class=\"my-2 [&amp;+p]:mt-4 [&amp;_strong:has(+br)]:inline-block [&amp;_strong:has(+br)]:pb-2\"><strong>K\u00e9tf\u00e9le viszkozit\u00e1s<\/strong>: A Luna Flow LV k\u00fcl\u00f6n\u00f6sen alacsony viszkozit\u00e1s\u00fa, ami m\u00e9g folyamatosabb, akad\u00e1lytalanabb alkalmaz\u00e1st biztos\u00edt\u2014ide\u00e1lis, amikor maxim\u00e1lis foly\u00e9konys\u00e1g sz\u00fcks\u00e9ges, pl. linerk\u00e9nt, bar\u00e1zdaz\u00e1r\u00e1shoz, jav\u00edt\u00e1sokhoz vagy eszt\u00e9tikai hib\u00e1k korrekci\u00f3j\u00e1hoz.\u200b<\/p>\n<\/li>\n<li class=\"py-0 my-0 prose-p:pt-0 prose-p:mb-2 prose-p:my-0 [&amp;&gt;p]:pt-0 [&amp;&gt;p]:mb-2 [&amp;&gt;p]:my-0\">\n<p class=\"my-2 [&amp;+p]:mt-4 [&amp;_strong:has(+br)]:inline-block [&amp;_strong:has(+br)]:pb-2\"><strong>Kiemelked\u0151 szil\u00e1rds\u00e1g<\/strong>: Kompresszi\u00f3s szil\u00e1rds\u00e1ga 421 MPa, \u00edgy kiv\u00e1l\u00f3an ellen\u00e1ll a mindennapi r\u00e1g\u00f3er\u0151knek, tart\u00f3ss\u00e1got garant\u00e1l.<\/p>\n<\/li>\n<li class=\"py-0 my-0 prose-p:pt-0 prose-p:mb-2 prose-p:my-0 [&amp;&gt;p]:pt-0 [&amp;&gt;p]:mb-2 [&amp;&gt;p]:my-0\">\n<p class=\"my-2 [&amp;+p]:mt-4 [&amp;_strong:has(+br)]:inline-block [&amp;_strong:has(+br)]:pb-2\"><strong>Nagy hajl\u00edt\u00f3szil\u00e1rds\u00e1g<\/strong>: 128 MPa, ez az \u00e9rt\u00e9k rugalmas, stabil helyre\u00e1ll\u00edt\u00e1st ny\u00fajt m\u00e9g olyan \u00fcregekben is, ahol a hajl\u00edt\u00e1s fontos szempont.<\/p>\n<\/li>\n<li class=\"py-0 my-0 prose-p:pt-0 prose-p:mb-2 prose-p:my-0 [&amp;&gt;p]:pt-0 [&amp;&gt;p]:mb-2 [&amp;&gt;p]:my-0\">\n<p class=\"my-2 [&amp;+p]:mt-4 [&amp;_strong:has(+br)]:inline-block [&amp;_strong:has(+br)]:pb-2\"><strong>Magas radiopacit\u00e1s<\/strong>: 265% Al, ez\u00e9rt k\u00f6nnyen \u00e9szlelhet\u0151 a r\u00f6ntgenfelv\u00e9teleken, gyors, pontos diagn\u00f3zist tesz lehet\u0151v\u00e9.<\/p>\n<\/li>\n<li class=\"py-0 my-0 prose-p:pt-0 prose-p:mb-2 prose-p:my-0 [&amp;&gt;p]:pt-0 [&amp;&gt;p]:mb-2 [&amp;&gt;p]:my-0\">\n<p class=\"my-2 [&amp;+p]:mt-4 [&amp;_strong:has(+br)]:inline-block [&amp;_strong:has(+br)]:pb-2\"><strong>Chameleon-hat\u00e1s<\/strong>: A Logical Shade Matching technol\u00f3gia alapj\u00e1n a sz\u00ednek term\u00e9szetes tulajdons\u00e1gokat ut\u00e1noznak, beleolvadnak a k\u00f6rnyez\u0151 fogsz\u00f6vetbe, biztos\u00edtva az eszt\u00e9tikus \u00e9s term\u00e9szetes v\u00e9geredm\u00e9nyt.<\/p>\n<\/li>\n<li class=\"py-0 my-0 prose-p:pt-0 prose-p:mb-2 prose-p:my-0 [&amp;&gt;p]:pt-0 [&amp;&gt;p]:mb-2 [&amp;&gt;p]:my-0\">\n<p class=\"my-2 [&amp;+p]:mt-4 [&amp;_strong:has(+br)]:inline-block [&amp;_strong:has(+br)]:pb-2\"><strong>Nem slumpol<\/strong>: Form\u00e1j\u00e1t megtartja, alkalmaz\u00e1s k\u00f6zben j\u00f3l kontroll\u00e1lhat\u00f3, prec\u00edz adagol\u00e1st tesz lehet\u0151v\u00e9.<\/p>\n<\/li>\n<li class=\"py-0 my-0 prose-p:pt-0 prose-p:mb-2 prose-p:my-0 [&amp;&gt;p]:pt-0 [&amp;&gt;p]:mb-2 [&amp;&gt;p]:my-0\">\n<p class=\"my-2 [&amp;+p]:mt-4 [&amp;_strong:has(+br)]:inline-block [&amp;_strong:has(+br)]:pb-2\"><strong>Kiv\u00e1l\u00f3 pol\u00edrozhat\u00f3s\u00e1g \u00e9s tart\u00f3s f\u00e9nyes felsz\u00edn<\/strong>: Sima, eszt\u00e9tikus restaur\u00e1ci\u00f3kat eredm\u00e9nyez, amelyek hossz\u00fa t\u00e1von is sz\u00e9pek maradnak.<\/p>\n<\/li>\n<\/ul>\n<p class=\"my-2 [&amp;+p]:mt-4 [&amp;_strong:has(+br)]:inline-block [&amp;_strong:has(+br)]:pb-2\">A\u00a0<strong>Luna Flow LV <\/strong>teh\u00e1t egy speci\u00e1lisan alacsony viszkozit\u00e1s\u00fa, univerz\u00e1lis, eszt\u00e9tikus \u00e9s tart\u00f3s foly\u00e9kony kompozit \u2014 olyan helyzetekre, ahol a klinikus maxim\u00e1lis foly\u00e9konys\u00e1got \u00e9s k\u00f6nny\u0171 alkalmazhat\u00f3s\u00e1got keres.\u200b<\/p>\n","protected":false},"excerpt":{"rendered":"<p>Univerz\u00e1lis alacsony viszkozit\u00e1s\u00fa foly\u00e9kony kompozit<\/p>\n<p>&#8211; R\u00f6ntgen \u00e1rny\u00e9kot ad<br \/>\n&#8211; Magas nyom\u00e1s \u00e9s szak\u00edt\u00f3 szil\u00e1rds\u00e1g jellemzi<\/p>\n<p>Kiszerel\u00e9s: 2 g fecskend\u0151ben vagy Bulk Kit (5 x 2 g fecskend\u0151ben)<\/p>\n","protected":false},"featured_media":12005,"comment_status":"open","ping_status":"closed","template":"","meta":{"inline_featured_image":false},"product_brand":[217],"product_cat":[275,263],"product_tag":[],"class_list":{"0":"post-11000","1":"product","2":"type-product","3":"status-publish","4":"has-post-thumbnail","6":"product_brand-sdi","7":"product_cat-folyekony-kompozitok","8":"product_cat-tomeskeszites","10":"first","11":"instock","12":"taxable","13":"shipping-taxable","14":"purchasable","15":"product-type-variable"},"_links":{"self":[{"href":"https:\/\/prodental.hu\/shop\/wp-json\/wp\/v2\/product\/11000","targetHints":{"allow":["GET"]}}],"collection":[{"href":"https:\/\/prodental.hu\/shop\/wp-json\/wp\/v2\/product"}],"about":[{"href":"https:\/\/prodental.hu\/shop\/wp-json\/wp\/v2\/types\/product"}],"replies":[{"embeddable":true,"href":"https:\/\/prodental.hu\/shop\/wp-json\/wp\/v2\/comments?post=11000"}],"wp:featuredmedia":[{"embeddable":true,"href":"https:\/\/prodental.hu\/shop\/wp-json\/wp\/v2\/media\/12005"}],"wp:attachment":[{"href":"https:\/\/prodental.hu\/shop\/wp-json\/wp\/v2\/media?parent=11000"}],"wp:term":[{"taxonomy":"product_brand","embeddable":true,"href":"https:\/\/prodental.hu\/shop\/wp-json\/wp\/v2\/product_brand?post=11000"},{"taxonomy":"product_cat","embeddable":true,"href":"https:\/\/prodental.hu\/shop\/wp-json\/wp\/v2\/product_cat?post=11000"},{"taxonomy":"product_tag","embeddable":true,"href":"https:\/\/prodental.hu\/shop\/wp-json\/wp\/v2\/product_tag?post=11000"}],"curies":[{"name":"wp","href":"https:\/\/api.w.org\/{rel}","templated":true}]}}