{"id":10982,"date":"2025-10-12T22:15:49","date_gmt":"2025-10-12T22:15:49","guid":{"rendered":"https:\/\/prodental.hu\/shop\/?post_type=product&#038;p=10982"},"modified":"2025-11-11T16:06:05","modified_gmt":"2025-11-11T16:06:05","slug":"luna-flow-1-syr","status":"publish","type":"product","link":"https:\/\/prodental.hu\/shop\/product\/luna-flow-1-syr\/","title":{"rendered":"LUNA FLOW"},"content":{"rendered":"<p class=\"my-2 [&amp;+p]:mt-4 [&amp;_strong:has(+br)]:inline-block [&amp;_strong:has(+br)]:pb-2\">Az\u00a0<strong>SDI Luna Flow <\/strong>egy magas szil\u00e1rds\u00e1g\u00fa, univerz\u00e1lis, norm\u00e1l viszkozit\u00e1s\u00fa foly\u00e9kony kompozit.<\/p>\n<p class=\"my-2 [&amp;+p]:mt-4 [&amp;_strong:has(+br)]:inline-block [&amp;_strong:has(+br)]:pb-2\"><strong>F\u0151bb jellemz\u0151k:<\/strong><\/p>\n<ul class=\"marker:text-quiet list-disc\">\n<li class=\"py-0 my-0 prose-p:pt-0 prose-p:mb-2 prose-p:my-0 [&amp;&gt;p]:pt-0 [&amp;&gt;p]:mb-2 [&amp;&gt;p]:my-0\">\n<p class=\"my-2 [&amp;+p]:mt-4 [&amp;_strong:has(+br)]:inline-block [&amp;_strong:has(+br)]:pb-2\"><strong>Kiv\u00e1l\u00f3 szil\u00e1rds\u00e1g:<\/strong>\u00a0421 MPa-os kompresszi\u00f3s szil\u00e1rds\u00e1g, \u00edgy k\u00fcl\u00f6n\u00f6sen ellen\u00e1ll\u00f3 a r\u00e1g\u00f3er\u0151kkel szemben, ide\u00e1lis h\u00e1ts\u00f3 r\u00e9gi\u00f3ba \u00e9s Class V t\u00f6m\u00e9sekhez.\u200b<\/p>\n<\/li>\n<li class=\"py-0 my-0 prose-p:pt-0 prose-p:mb-2 prose-p:my-0 [&amp;&gt;p]:pt-0 [&amp;&gt;p]:mb-2 [&amp;&gt;p]:my-0\">\n<p class=\"my-2 [&amp;+p]:mt-4 [&amp;_strong:has(+br)]:inline-block [&amp;_strong:has(+br)]:pb-2\"><strong>Magas hajl\u00edt\u00f3szil\u00e1rds\u00e1g:<\/strong>\u00a0128 MPa, rugalmas \u00e9s tart\u00f3s restaur\u00e1ci\u00f3t biztos\u00edt.<\/p>\n<\/li>\n<li class=\"py-0 my-0 prose-p:pt-0 prose-p:mb-2 prose-p:my-0 [&amp;&gt;p]:pt-0 [&amp;&gt;p]:mb-2 [&amp;&gt;p]:my-0\">\n<p class=\"my-2 [&amp;+p]:mt-4 [&amp;_strong:has(+br)]:inline-block [&amp;_strong:has(+br)]:pb-2\"><strong>Nagy radiopacit\u00e1s:<\/strong>\u00a0265% Al \u2013 kiv\u00e1l\u00f3an l\u00e1that\u00f3 a r\u00f6ntgenfelv\u00e9teleken.<\/p>\n<\/li>\n<li class=\"py-0 my-0 prose-p:pt-0 prose-p:mb-2 prose-p:my-0 [&amp;&gt;p]:pt-0 [&amp;&gt;p]:mb-2 [&amp;&gt;p]:my-0\">\n<p class=\"my-2 [&amp;+p]:mt-4 [&amp;_strong:has(+br)]:inline-block [&amp;_strong:has(+br)]:pb-2\"><strong>K\u00e9tf\u00e9le viszkozit\u00e1s:<\/strong>\u00a0Norm\u00e1l (jobb kontroll, nem folyik el), illetve Luna Flow LV (alacsonyabb viszkozit\u00e1s\u00fa, m\u00e9g k\u00f6nnyebben alak\u00edthat\u00f3).<\/p>\n<\/li>\n<li class=\"py-0 my-0 prose-p:pt-0 prose-p:mb-2 prose-p:my-0 [&amp;&gt;p]:pt-0 [&amp;&gt;p]:mb-2 [&amp;&gt;p]:my-0\">\n<p class=\"my-2 [&amp;+p]:mt-4 [&amp;_strong:has(+br)]:inline-block [&amp;_strong:has(+br)]:pb-2\"><strong>Kamelon (chameleon) hat\u00e1s:<\/strong>\u00a0Kiemelked\u0151 sz\u00ednilleszt\u0151-k\u00e9pess\u00e9g a term\u00e9szetes fogsz\u00f6vetekhez, egyszer\u0171 \u00e9s gyors \u00e1rnyalatv\u00e1laszt\u00e1s a Vita Classical Shade Guide szerint.<\/p>\n<\/li>\n<li class=\"py-0 my-0 prose-p:pt-0 prose-p:mb-2 prose-p:my-0 [&amp;&gt;p]:pt-0 [&amp;&gt;p]:mb-2 [&amp;&gt;p]:my-0\">\n<p class=\"my-2 [&amp;+p]:mt-4 [&amp;_strong:has(+br)]:inline-block [&amp;_strong:has(+br)]:pb-2\"><strong>K\u00f6nnyen pol\u00edrozhat\u00f3:<\/strong>\u00a0Sima felsz\u00edn, magas kop\u00e1s\u00e1ll\u00f3s\u00e1g, \u00edgy hossz\u00fa t\u00e1von eszt\u00e9tikus marad.<\/p>\n<\/li>\n<li class=\"py-0 my-0 prose-p:pt-0 prose-p:mb-2 prose-p:my-0 [&amp;&gt;p]:pt-0 [&amp;&gt;p]:mb-2 [&amp;&gt;p]:my-0\">\n<p class=\"my-2 [&amp;+p]:mt-4 [&amp;_strong:has(+br)]:inline-block [&amp;_strong:has(+br)]:pb-2\"><strong>Sz\u00e9les indik\u00e1ci\u00f3s lehet\u0151s\u00e9g:<\/strong>\u00a0Ide\u00e1lis linernek, b\u00e1zisnak, Class V restaur\u00e1ci\u00f3hoz, ideiglenes helyre\u00e1ll\u00edt\u00e1shoz, jav\u00edt\u00e1sokhoz \u00e9s eszt\u00e9tikai hib\u00e1k korrekci\u00f3j\u00e1hoz.<\/p>\n<\/li>\n<li class=\"py-0 my-0 prose-p:pt-0 prose-p:mb-2 prose-p:my-0 [&amp;&gt;p]:pt-0 [&amp;&gt;p]:mb-2 [&amp;&gt;p]:my-0\">\n<p class=\"my-2 [&amp;+p]:mt-4 [&amp;_strong:has(+br)]:inline-block [&amp;_strong:has(+br)]:pb-2\"><strong>Nem slumpol:<\/strong>\u00a0Form\u00e1j\u00e1t megtartja, prec\u00edz kontrollal adagolhat\u00f3.<\/p>\n<\/li>\n<\/ul>\n<p class=\"my-2 [&amp;+p]:mt-4 [&amp;_strong:has(+br)]:inline-block [&amp;_strong:has(+br)]:pb-2\">A\u00a0<strong>Luna Flow <\/strong>teh\u00e1t sokoldal\u00fa, eszt\u00e9tikus, k\u00f6nnyen alkalmazhat\u00f3 foly\u00e9kony kompozit, amelyet gyors, tart\u00f3s \u00e9s term\u00e9szetes hat\u00e1s\u00fa helyre\u00e1ll\u00edt\u00e1sokhoz fejlesztettek ki a modern fog\u00e1szat sz\u00e1m\u00e1ra.\u200b<\/p>\n","protected":false},"excerpt":{"rendered":"<p>Univerz\u00e1lis foly\u00e9kony kompozit norm\u00e1l viszkozit\u00e1ssal.<\/p>\n<p>&#8211; R\u00f6ntgen \u00e1rny\u00e9kot ad<br \/>\n&#8211; Magas nyom\u00e1s \u00e9s szak\u00edt\u00f3 szil\u00e1rds\u00e1g<\/p>\n<p>Kiszerel\u00e9s: 2 g fecskend\u0151ben vagy Bulk Kit (5 x 2 g fecskend\u0151ben)<\/p>\n","protected":false},"featured_media":10983,"comment_status":"open","ping_status":"closed","template":"","meta":{"inline_featured_image":false},"product_brand":[217],"product_cat":[275,263],"product_tag":[],"class_list":{"0":"post-10982","1":"product","2":"type-product","3":"status-publish","4":"has-post-thumbnail","6":"product_brand-sdi","7":"product_cat-folyekony-kompozitok","8":"product_cat-tomeskeszites","10":"first","11":"instock","12":"taxable","13":"shipping-taxable","14":"purchasable","15":"product-type-variable"},"_links":{"self":[{"href":"https:\/\/prodental.hu\/shop\/wp-json\/wp\/v2\/product\/10982","targetHints":{"allow":["GET"]}}],"collection":[{"href":"https:\/\/prodental.hu\/shop\/wp-json\/wp\/v2\/product"}],"about":[{"href":"https:\/\/prodental.hu\/shop\/wp-json\/wp\/v2\/types\/product"}],"replies":[{"embeddable":true,"href":"https:\/\/prodental.hu\/shop\/wp-json\/wp\/v2\/comments?post=10982"}],"wp:featuredmedia":[{"embeddable":true,"href":"https:\/\/prodental.hu\/shop\/wp-json\/wp\/v2\/media\/10983"}],"wp:attachment":[{"href":"https:\/\/prodental.hu\/shop\/wp-json\/wp\/v2\/media?parent=10982"}],"wp:term":[{"taxonomy":"product_brand","embeddable":true,"href":"https:\/\/prodental.hu\/shop\/wp-json\/wp\/v2\/product_brand?post=10982"},{"taxonomy":"product_cat","embeddable":true,"href":"https:\/\/prodental.hu\/shop\/wp-json\/wp\/v2\/product_cat?post=10982"},{"taxonomy":"product_tag","embeddable":true,"href":"https:\/\/prodental.hu\/shop\/wp-json\/wp\/v2\/product_tag?post=10982"}],"curies":[{"name":"wp","href":"https:\/\/api.w.org\/{rel}","templated":true}]}}