{"id":10963,"date":"2025-10-12T21:39:47","date_gmt":"2025-10-12T21:39:47","guid":{"rendered":"https:\/\/prodental.hu\/shop\/?post_type=product&#038;p=10963"},"modified":"2025-11-11T16:10:28","modified_gmt":"2025-11-11T16:10:28","slug":"pola-retractors-blue-5pk","status":"publish","type":"product","link":"https:\/\/prodental.hu\/shop\/product\/pola-retractors-blue-5pk\/","title":{"rendered":"POLA RETRACTORS (BLUE) 5db"},"content":{"rendered":"<p class=\"my-2 [&amp;+p]:mt-4 [&amp;_strong:has(+br)]:inline-block [&amp;_strong:has(+br)]:pb-2\">A\u00a0<strong>POLA RETRACTORS (BLUE) 5PK<\/strong>\u00a0az SDI egyik fog\u00e1szati kieg\u00e9sz\u00edt\u0151je, amely \u00f6t darabos kiszerel\u00e9sben kaphat\u00f3. Ezek a k\u00e9k sz\u00edn\u0171 ajak- \u00e9s pofar\u00f6gz\u00edt\u0151k (cheek retractors) f\u0151leg fogfeh\u00e9r\u00edt\u00e9shez vagy m\u00e1s fog\u00e1szati elj\u00e1r\u00e1sokhoz haszn\u00e1lhat\u00f3k. Feladatuk, hogy hat\u00e9konyan elh\u00fazz\u00e1k a p\u00e1ciensek ajkait \u00e9s orc\u00e1it a kezel\u00e9si ter\u00fclett\u0151l, \u00edgy a fogorvos k\u00f6nnyebben \u00e9s pontosabban elv\u00e9gezheti a beavatkoz\u00e1st.<\/p>\n<p class=\"my-2 [&amp;+p]:mt-4 [&amp;_strong:has(+br)]:inline-block [&amp;_strong:has(+br)]:pb-2\"><strong>F\u0151bb jellemz\u0151k:<\/strong><\/p>\n<ul class=\"marker:text-quiet list-disc\">\n<li class=\"py-0 my-0 prose-p:pt-0 prose-p:mb-2 prose-p:my-0 [&amp;&gt;p]:pt-0 [&amp;&gt;p]:mb-2 [&amp;&gt;p]:my-0\">\n<p class=\"my-2 [&amp;+p]:mt-4 [&amp;_strong:has(+br)]:inline-block [&amp;_strong:has(+br)]:pb-2\">K\u00f6nnyen haszn\u00e1lhat\u00f3 eszk\u00f6z a sz\u00e1j munkater\u00fclet\u00e9nek szabadd\u00e1 t\u00e9tel\u00e9hez.<\/p>\n<\/li>\n<li class=\"py-0 my-0 prose-p:pt-0 prose-p:mb-2 prose-p:my-0 [&amp;&gt;p]:pt-0 [&amp;&gt;p]:mb-2 [&amp;&gt;p]:my-0\">\n<p class=\"my-2 [&amp;+p]:mt-4 [&amp;_strong:has(+br)]:inline-block [&amp;_strong:has(+br)]:pb-2\">Megk\u00f6nny\u00edti a hozz\u00e1f\u00e9r\u00e9st \u00e9s a kezel\u00e9si folyamatot, k\u00fcl\u00f6n\u00f6sen fogfeh\u00e9r\u00edt\u00e9sn\u00e9l.<\/p>\n<\/li>\n<li class=\"py-0 my-0 prose-p:pt-0 prose-p:mb-2 prose-p:my-0 [&amp;&gt;p]:pt-0 [&amp;&gt;p]:mb-2 [&amp;&gt;p]:my-0\">\n<p class=\"my-2 [&amp;+p]:mt-4 [&amp;_strong:has(+br)]:inline-block [&amp;_strong:has(+br)]:pb-2\">A p\u00e1ciens a be\u00e9p\u00edtett harap\u00f3t\u00e1maszra haraphat a beavatkoz\u00e1s alatt.<\/p>\n<\/li>\n<li class=\"py-0 my-0 prose-p:pt-0 prose-p:mb-2 prose-p:my-0 [&amp;&gt;p]:pt-0 [&amp;&gt;p]:mb-2 [&amp;&gt;p]:my-0\">\n<p class=\"my-2 [&amp;+p]:mt-4 [&amp;_strong:has(+br)]:inline-block [&amp;_strong:has(+br)]:pb-2\">Els\u0151sorban egyszer haszn\u00e1latos term\u00e9k, de haszn\u00e1lat ut\u00e1n fert\u0151tlen\u00edthet\u0151 \u2013\u00a0<strong>autokl\u00e1vban nem steriliz\u00e1lhat\u00f3<\/strong>.<\/p>\n<\/li>\n<li class=\"py-0 my-0 prose-p:pt-0 prose-p:mb-2 prose-p:my-0 [&amp;&gt;p]:pt-0 [&amp;&gt;p]:mb-2 [&amp;&gt;p]:my-0\">\n<p class=\"my-2 [&amp;+p]:mt-4 [&amp;_strong:has(+br)]:inline-block [&amp;_strong:has(+br)]:pb-2\">Tartalma: 5 db k\u00e9k sz\u00edn\u0171 sz\u00e1jterpesz.\u200b<\/p>\n<\/li>\n<\/ul>\n<p class=\"my-2 [&amp;+p]:mt-4 [&amp;_strong:has(+br)]:inline-block [&amp;_strong:has(+br)]:pb-2\">A term\u00e9k komfortosabb\u00e1 teszi mind a p\u00e1ciens, mind a fogorvos sz\u00e1m\u00e1ra a kezel\u00e9si folyamatot, \u00e9s higi\u00e9nikus megold\u00e1st k\u00edn\u00e1l k\u00fcl\u00f6nb\u00f6z\u0151 fog\u00e1szati beavatkoz\u00e1sok sor\u00e1n.<\/p>\n","protected":false},"excerpt":{"rendered":"<p>Kiszerel\u00e9s: 5 db k\u00e9k sz\u00edn\u0171 sz\u00e1jterpesz.\u200b<\/p>\n","protected":false},"featured_media":10964,"comment_status":"open","ping_status":"closed","template":"","meta":{"inline_featured_image":false},"product_brand":[217],"product_cat":[98,215],"product_tag":[],"class_list":{"0":"post-10963","1":"product","2":"type-product","3":"status-publish","4":"has-post-thumbnail","6":"product_brand-sdi","7":"product_cat-fogfeherites","8":"product_cat-kiegeszitok","10":"first","11":"instock","12":"taxable","13":"shipping-taxable","14":"purchasable","15":"product-type-simple"},"_links":{"self":[{"href":"https:\/\/prodental.hu\/shop\/wp-json\/wp\/v2\/product\/10963","targetHints":{"allow":["GET"]}}],"collection":[{"href":"https:\/\/prodental.hu\/shop\/wp-json\/wp\/v2\/product"}],"about":[{"href":"https:\/\/prodental.hu\/shop\/wp-json\/wp\/v2\/types\/product"}],"replies":[{"embeddable":true,"href":"https:\/\/prodental.hu\/shop\/wp-json\/wp\/v2\/comments?post=10963"}],"wp:featuredmedia":[{"embeddable":true,"href":"https:\/\/prodental.hu\/shop\/wp-json\/wp\/v2\/media\/10964"}],"wp:attachment":[{"href":"https:\/\/prodental.hu\/shop\/wp-json\/wp\/v2\/media?parent=10963"}],"wp:term":[{"taxonomy":"product_brand","embeddable":true,"href":"https:\/\/prodental.hu\/shop\/wp-json\/wp\/v2\/product_brand?post=10963"},{"taxonomy":"product_cat","embeddable":true,"href":"https:\/\/prodental.hu\/shop\/wp-json\/wp\/v2\/product_cat?post=10963"},{"taxonomy":"product_tag","embeddable":true,"href":"https:\/\/prodental.hu\/shop\/wp-json\/wp\/v2\/product_tag?post=10963"}],"curies":[{"name":"wp","href":"https:\/\/api.w.org\/{rel}","templated":true}]}}