{"id":10919,"date":"2025-10-12T19:49:40","date_gmt":"2025-10-12T19:49:40","guid":{"rendered":"https:\/\/prodental.hu\/shop\/?post_type=product&#038;p=10919"},"modified":"2025-11-09T18:43:29","modified_gmt":"2025-11-09T18:43:29","slug":"twist-dia-for-zirconia","status":"publish","type":"product","link":"https:\/\/prodental.hu\/shop\/product\/twist-dia-for-zirconia\/","title":{"rendered":"TWIST DIA pol\u00edroz\u00f3 korong cirk\u00f3niumhoz"},"content":{"rendered":"<p class=\"my-2 [&amp;+p]:mt-4 [&amp;_strong:has(+br)]:inline-block [&amp;_strong:has(+br)]:pb-2\">A\u00a0<strong>TWIST DIA for Zirconia<\/strong>\u00a0a Kuraray hivatalos le\u00edr\u00e1sa szerint egy innovat\u00edv, gy\u00e9m\u00e1nt-impregn\u00e1lt, spir\u00e1lis, flexibilis pol\u00edroz\u00f3 rendszer, amelyet kifejezetten cirk\u00f3nium-oxid restaur\u00e1ci\u00f3k (pl. KATANA Zirconia) pol\u00edroz\u00e1s\u00e1ra terveztek.\u200b<\/p>\n<p class=\"my-2 [&amp;+p]:mt-4 [&amp;_strong:has(+br)]:inline-block [&amp;_strong:has(+br)]:pb-2\"><strong>F\u0151 jellemz\u0151k:<\/strong><\/p>\n<ul class=\"marker:text-quiet list-disc\">\n<li class=\"py-0 my-0 prose-p:pt-0 prose-p:mb-2 prose-p:my-0 [&amp;&gt;p]:pt-0 [&amp;&gt;p]:mb-2 [&amp;&gt;p]:my-0\">\n<p class=\"my-2 [&amp;+p]:mt-4 [&amp;_strong:has(+br)]:inline-block [&amp;_strong:has(+br)]:pb-2\"><strong>Rugalmas spiral-lamell\u00e1s forma:<\/strong>\u00a0Lehet\u0151v\u00e9 teszi a term\u00e9szetes, magas f\u00e9ny\u0171 pol\u00edroz\u00e1st minden cirk\u00f3nium-fel\u00fcleten \u2013 ak\u00e1r s\u00edk, konvex, ak\u00e1r konk\u00e1v felsz\u00ednr\u0151l van sz\u00f3.<\/p>\n<\/li>\n<li class=\"py-0 my-0 prose-p:pt-0 prose-p:mb-2 prose-p:my-0 [&amp;&gt;p]:pt-0 [&amp;&gt;p]:mb-2 [&amp;&gt;p]:my-0\">\n<p class=\"my-2 [&amp;+p]:mt-4 [&amp;_strong:has(+br)]:inline-block [&amp;_strong:has(+br)]:pb-2\"><strong>H\u00e1rom szemcsem\u00e9ret:<\/strong>\u00a0Coarse (durva), Medium (k\u00f6zepes), Fine (finom), ez\u00e9rt h\u00e1roml\u00e9pcs\u0151s pol\u00edroz\u00f3rendszerk\u00e9nt is haszn\u00e1lhat\u00f3 a t\u00f6k\u00e9letes v\u00e9geredm\u00e9ny\u00e9rt.\u200b<\/p>\n<\/li>\n<li class=\"py-0 my-0 prose-p:pt-0 prose-p:mb-2 prose-p:my-0 [&amp;&gt;p]:pt-0 [&amp;&gt;p]:mb-2 [&amp;&gt;p]:my-0\">\n<p class=\"my-2 [&amp;+p]:mt-4 [&amp;_strong:has(+br)]:inline-block [&amp;_strong:has(+br)]:pb-2\"><strong>Steriliz\u00e1lhat\u00f3, t\u00f6bbsz\u00f6r haszn\u00e1lhat\u00f3:<\/strong>\u00a0Autokl\u00e1voz\u00e1s ut\u00e1n ism\u00e9t alkalmazhat\u00f3, hossz\u00fa \u00e9lettartam\u00fa produktum.<\/p>\n<\/li>\n<li class=\"py-0 my-0 prose-p:pt-0 prose-p:mb-2 prose-p:my-0 [&amp;&gt;p]:pt-0 [&amp;&gt;p]:mb-2 [&amp;&gt;p]:my-0\">\n<p class=\"my-2 [&amp;+p]:mt-4 [&amp;_strong:has(+br)]:inline-block [&amp;_strong:has(+br)]:pb-2\"><strong>Egyszer\u0171, gyors haszn\u00e1lat:<\/strong>\u00a0Nem sz\u00fcks\u00e9ges k\u00fcl\u00f6n pol\u00edroz\u00f3 paszta \u2013 csak a megfelel\u0151 szemcsem\u00e9ret \u00e9s fordulatsz\u00e1m megv\u00e1laszt\u00e1sa.<\/p>\n<\/li>\n<li class=\"py-0 my-0 prose-p:pt-0 prose-p:mb-2 prose-p:my-0 [&amp;&gt;p]:pt-0 [&amp;&gt;p]:mb-2 [&amp;&gt;p]:my-0\">\n<p class=\"my-2 [&amp;+p]:mt-4 [&amp;_strong:has(+br)]:inline-block [&amp;_strong:has(+br)]:pb-2\"><strong>Aj\u00e1nlott fordulatsz\u00e1m:<\/strong>\u00a07.000\u201310.000 fordulat\/perc (maxim\u00e1lisan 20.000 fordulat\/perc).\u200b<\/p>\n<\/li>\n<li class=\"py-0 my-0 prose-p:pt-0 prose-p:mb-2 prose-p:my-0 [&amp;&gt;p]:pt-0 [&amp;&gt;p]:mb-2 [&amp;&gt;p]:my-0\">\n<p class=\"my-2 [&amp;+p]:mt-4 [&amp;_strong:has(+br)]:inline-block [&amp;_strong:has(+br)]:pb-2\"><strong>Optim\u00e1lis minden fogfelsz\u00ednhez:<\/strong>\u00a0Oldals\u00f3, okkluz\u00e1lis, inciz\u00e1lis felsz\u00ednek, valamint bonyolult restaur\u00e1ci\u00f3k pol\u00edroz\u00e1s\u00e1ra is.<\/p>\n<\/li>\n<\/ul>\n<p class=\"my-2 [&amp;+p]:mt-4 [&amp;_strong:has(+br)]:inline-block [&amp;_strong:has(+br)]:pb-2\"><strong>El\u0151ny\u00f6k:<\/strong><\/p>\n<ul class=\"marker:text-quiet list-disc\">\n<li class=\"py-0 my-0 prose-p:pt-0 prose-p:mb-2 prose-p:my-0 [&amp;&gt;p]:pt-0 [&amp;&gt;p]:mb-2 [&amp;&gt;p]:my-0\">\n<p class=\"my-2 [&amp;+p]:mt-4 [&amp;_strong:has(+br)]:inline-block [&amp;_strong:has(+br)]:pb-2\">Nat\u00far, term\u00e9szetes f\u00e9nnyel ell\u00e1tott, tart\u00f3san sima fel\u00fcletet ad, amely el\u0151seg\u00edti a leped\u00e9kkel szembeni ellen\u00e1ll\u00e1st, \u00e9s minimaliz\u00e1lja a szemben l\u00e9v\u0151 fog kop\u00e1s\u00e1t.<\/p>\n<\/li>\n<li class=\"py-0 my-0 prose-p:pt-0 prose-p:mb-2 prose-p:my-0 [&amp;&gt;p]:pt-0 [&amp;&gt;p]:mb-2 [&amp;&gt;p]:my-0\">\n<p class=\"my-2 [&amp;+p]:mt-4 [&amp;_strong:has(+br)]:inline-block [&amp;_strong:has(+br)]:pb-2\">A spiral-lamell\u00e1k k\u00f6vetik a restaur\u00e1ci\u00f3 eredeti form\u00e1j\u00e1t, \u00edgy az occlusalis morfol\u00f3gia s\u00e9rtetlen marad.<\/p>\n<\/li>\n<\/ul>\n","protected":false},"excerpt":{"rendered":"<p>Term\u00e9szetes csillog\u00e1st ad a restaur\u00e1ci\u00f3knak.<br \/>\nKiz\u00e1r\u00f3lag gy\u00e9m\u00e1ntszemcs\u00e9ket tartalmaz egyenletes eloszl\u00e1sban.<br \/>\nH\u00e1romf\u00e9le finoms\u00e1gban kaphat\u00f3.<br \/>\nT\u00f6bbsz\u00f6r haszn\u00e1latos, autokl\u00e1vozhat\u00f3.<br \/>\nFlexibilis, b\u00e1rmelyik fel\u00fcleten haszn\u00e1lhat\u00f3.<\/p>\n","protected":false},"featured_media":10920,"comment_status":"open","ping_status":"closed","template":"","meta":{"inline_featured_image":false},"product_brand":[154],"product_cat":[271,215,274],"product_tag":[],"class_list":{"0":"post-10919","1":"product","2":"type-product","3":"status-publish","4":"has-post-thumbnail","6":"product_brand-kuraray","7":"product_cat-fogpotlas","8":"product_cat-kiegeszitok","9":"product_cat-kiegeszitok-ragasztashoz","11":"first","12":"instock","13":"taxable","14":"shipping-taxable","15":"purchasable","16":"product-type-variable"},"_links":{"self":[{"href":"https:\/\/prodental.hu\/shop\/wp-json\/wp\/v2\/product\/10919","targetHints":{"allow":["GET"]}}],"collection":[{"href":"https:\/\/prodental.hu\/shop\/wp-json\/wp\/v2\/product"}],"about":[{"href":"https:\/\/prodental.hu\/shop\/wp-json\/wp\/v2\/types\/product"}],"replies":[{"embeddable":true,"href":"https:\/\/prodental.hu\/shop\/wp-json\/wp\/v2\/comments?post=10919"}],"wp:featuredmedia":[{"embeddable":true,"href":"https:\/\/prodental.hu\/shop\/wp-json\/wp\/v2\/media\/10920"}],"wp:attachment":[{"href":"https:\/\/prodental.hu\/shop\/wp-json\/wp\/v2\/media?parent=10919"}],"wp:term":[{"taxonomy":"product_brand","embeddable":true,"href":"https:\/\/prodental.hu\/shop\/wp-json\/wp\/v2\/product_brand?post=10919"},{"taxonomy":"product_cat","embeddable":true,"href":"https:\/\/prodental.hu\/shop\/wp-json\/wp\/v2\/product_cat?post=10919"},{"taxonomy":"product_tag","embeddable":true,"href":"https:\/\/prodental.hu\/shop\/wp-json\/wp\/v2\/product_tag?post=10919"}],"curies":[{"name":"wp","href":"https:\/\/api.w.org\/{rel}","templated":true}]}}