{"id":10906,"date":"2025-10-12T19:40:46","date_gmt":"2025-10-12T19:40:46","guid":{"rendered":"https:\/\/prodental.hu\/shop\/?post_type=product&#038;p=10906"},"modified":"2025-11-09T18:36:23","modified_gmt":"2025-11-09T18:36:23","slug":"twist-dia-for-composite","status":"publish","type":"product","link":"https:\/\/prodental.hu\/shop\/product\/twist-dia-for-composite\/","title":{"rendered":"TWIST DIA pol\u00edroz\u00f3 korong kompozitokhoz"},"content":{"rendered":"<p class=\"my-2 [&amp;+p]:mt-4 [&amp;_strong:has(+br)]:inline-block [&amp;_strong:has(+br)]:pb-2\">A\u00a0<strong>TWIST DIA for Composite<\/strong>\u00a0a Kuraray hivatalos le\u00edr\u00e1sa szerint egy k\u00e9tl\u00e9pcs\u0151s, spir\u00e1lform\u00e1j\u00fa, flexibilis pol\u00edroz\u00f3 rendszer mindenf\u00e9le kompozit restaur\u00e1ci\u00f3 v\u00e9gs\u0151 kidolgoz\u00e1s\u00e1hoz \u00e9s magasf\u00e9ny\u0171 pol\u00edroz\u00e1s\u00e1hoz.\u200b<\/p>\n<p class=\"my-2 [&amp;+p]:mt-4 [&amp;_strong:has(+br)]:inline-block [&amp;_strong:has(+br)]:pb-2\"><strong>F\u0151 jellemz\u0151k:<\/strong><\/p>\n<ul class=\"marker:text-quiet list-disc\">\n<li class=\"py-0 my-0 prose-p:pt-0 prose-p:mb-2 prose-p:my-0 [&amp;&gt;p]:pt-0 [&amp;&gt;p]:mb-2 [&amp;&gt;p]:my-0\">\n<p class=\"my-2 [&amp;+p]:mt-4 [&amp;_strong:has(+br)]:inline-block [&amp;_strong:has(+br)]:pb-2\"><strong>K\u00e9tl\u00e9p\u00e9ses rendszer:<\/strong><\/p>\n<ul class=\"marker:text-quiet list-disc\">\n<li class=\"py-0 my-0 prose-p:pt-0 prose-p:mb-2 prose-p:my-0 [&amp;&gt;p]:pt-0 [&amp;&gt;p]:mb-2 [&amp;&gt;p]:my-0\">\n<p class=\"my-2 [&amp;+p]:mt-4 [&amp;_strong:has(+br)]:inline-block [&amp;_strong:has(+br)]:pb-2\">\u201cPre-polisher\u201d a restaur\u00e1ci\u00f3 form\u00e1z\u00e1s\u00e1ra, el\u0151pol\u00edroz\u00e1sra.<\/p>\n<\/li>\n<li class=\"py-0 my-0 prose-p:pt-0 prose-p:mb-2 prose-p:my-0 [&amp;&gt;p]:pt-0 [&amp;&gt;p]:mb-2 [&amp;&gt;p]:my-0\">\n<p class=\"my-2 [&amp;+p]:mt-4 [&amp;_strong:has(+br)]:inline-block [&amp;_strong:has(+br)]:pb-2\">\u201cHigh-shine polisher\u201d a term\u00e9szetes, rendk\u00edv\u00fcl magas f\u00e9nyess\u00e9g v\u00e9gs\u0151 el\u00e9r\u00e9s\u00e9hez.<\/p>\n<\/li>\n<\/ul>\n<\/li>\n<li class=\"py-0 my-0 prose-p:pt-0 prose-p:mb-2 prose-p:my-0 [&amp;&gt;p]:pt-0 [&amp;&gt;p]:mb-2 [&amp;&gt;p]:my-0\">\n<p class=\"my-2 [&amp;+p]:mt-4 [&amp;_strong:has(+br)]:inline-block [&amp;_strong:has(+br)]:pb-2\"><strong>100%-ban gy\u00e9m\u00e1nt tartalm\u00fa<\/strong>\u00a0\u2013 nincs olcs\u00f3 abraz\u00edv helyettes\u00edt\u0151anyag, minden haszn\u00e1lattal \u00fajabb gy\u00e9m\u00e1ntszemcs\u00e9k ker\u00fclnek a felsz\u00ednre, ez\u00e9rt hosszan \u00e9lettartam\u00fa \u00e9s steriliz\u00e1lhat\u00f3, t\u00f6bbsz\u00f6r haszn\u00e1lhat\u00f3.\u200b<\/p>\n<\/li>\n<li class=\"py-0 my-0 prose-p:pt-0 prose-p:mb-2 prose-p:my-0 [&amp;&gt;p]:pt-0 [&amp;&gt;p]:mb-2 [&amp;&gt;p]:my-0\">\n<p class=\"my-2 [&amp;+p]:mt-4 [&amp;_strong:has(+br)]:inline-block [&amp;_strong:has(+br)]:pb-2\"><strong>Innovat\u00edv spir\u00e1lforma:<\/strong>\u00a0A flexibilis, radi\u00e1lisan elrendezett \u201cpol\u00edroz\u00f3 karok\u201d lehet\u0151v\u00e9 teszik b\u00e1rmilyen felsz\u00edn \u00e9s ir\u00e1ny hat\u00e9kony el\u00e9r\u00e9s\u00e9t: buccalis, occlusalis, inciz\u00e1lis, lingualis \u00e9s approxim\u00e1lis ter\u00fcleteken is t\u00f6k\u00e9letes felsz\u00ednt hoz l\u00e9tre.<\/p>\n<\/li>\n<li class=\"py-0 my-0 prose-p:pt-0 prose-p:mb-2 prose-p:my-0 [&amp;&gt;p]:pt-0 [&amp;&gt;p]:mb-2 [&amp;&gt;p]:my-0\">\n<p class=\"my-2 [&amp;+p]:mt-4 [&amp;_strong:has(+br)]:inline-block [&amp;_strong:has(+br)]:pb-2\"><strong>M\u00e9retek:<\/strong>\u00a014 mm \u00e9s 10 mm-es \u00e1tm\u00e9r\u0151 lehet\u0151s\u00e9ge, k\u00fcl\u00f6nb\u00f6z\u0151 kiszerel\u00e9sek: Intro Kit (6 db), kombin\u00e1lt kit (10 db), trial (2 db), valamint ut\u00e1nt\u00f6lt\u0151 csomagok.<\/p>\n<\/li>\n<li class=\"py-0 my-0 prose-p:pt-0 prose-p:mb-2 prose-p:my-0 [&amp;&gt;p]:pt-0 [&amp;&gt;p]:mb-2 [&amp;&gt;p]:my-0\">\n<p class=\"my-2 [&amp;+p]:mt-4 [&amp;_strong:has(+br)]:inline-block [&amp;_strong:has(+br)]:pb-2\"><strong>Aj\u00e1nlott fordulatsz\u00e1m:<\/strong>\u00a03.000\u20138.000 RPM (maximum: 20.000 RPM).<\/p>\n<\/li>\n<li class=\"py-0 my-0 prose-p:pt-0 prose-p:mb-2 prose-p:my-0 [&amp;&gt;p]:pt-0 [&amp;&gt;p]:mb-2 [&amp;&gt;p]:my-0\">\n<p class=\"my-2 [&amp;+p]:mt-4 [&amp;_strong:has(+br)]:inline-block [&amp;_strong:has(+br)]:pb-2\"><strong>Gazdas\u00e1gos:<\/strong>\u00a0hosszan \u00e9lettartam\u00fa, t\u00f6bbsz\u00f6r steriliz\u00e1lhat\u00f3, nem vesz\u00edt a pol\u00edroz\u00f3 hat\u00e1s\u00e1b\u00f3l haszn\u00e1lat k\u00f6zben.<\/p>\n<\/li>\n<\/ul>\n<p class=\"my-2 [&amp;+p]:mt-4 [&amp;_strong:has(+br)]:inline-block [&amp;_strong:has(+br)]:pb-2\"><strong>Felhaszn\u00e1l\u00e1s:<\/strong><\/p>\n<ul class=\"marker:text-quiet list-disc\">\n<li class=\"py-0 my-0 prose-p:pt-0 prose-p:mb-2 prose-p:my-0 [&amp;&gt;p]:pt-0 [&amp;&gt;p]:mb-2 [&amp;&gt;p]:my-0\">\n<p class=\"my-2 [&amp;+p]:mt-4 [&amp;_strong:has(+br)]:inline-block [&amp;_strong:has(+br)]:pb-2\">Minden t\u00edpus\u00fa kompozit restaur\u00e1ci\u00f3 pol\u00edroz\u00e1s\u00e1ra \u2013 sz\u00e9li z\u00f3n\u00e1t\u00f3l a kontakt felsz\u00ednekig<\/p>\n<\/li>\n<li class=\"py-0 my-0 prose-p:pt-0 prose-p:mb-2 prose-p:my-0 [&amp;&gt;p]:pt-0 [&amp;&gt;p]:mb-2 [&amp;&gt;p]:my-0\">\n<p class=\"my-2 [&amp;+p]:mt-4 [&amp;_strong:has(+br)]:inline-block [&amp;_strong:has(+br)]:pb-2\">Ide\u00e1lis eszt\u00e9tikus \u00e9s hossz\u00fat\u00e1v\u00fa, term\u00e9szetes f\u00e9ny\u0171 restaur\u00e1ci\u00f3khoz<\/p>\n<\/li>\n<\/ul>\n","protected":false},"excerpt":{"rendered":"<p>Term\u00e9szetes csillog\u00e1st ad a restaur\u00e1ci\u00f3knak.<br \/>\nKiz\u00e1r\u00f3lag gy\u00e9m\u00e1ntszemcs\u00e9ket tartalmaz egyenletes eloszl\u00e1sban.<br \/>\nK\u00e9tf\u00e9le finoms\u00e1ggal \u00e9s \u00e1tm\u00e9r\u0151ben \u00e9rhet\u0151 el.<br \/>\nT\u00f6bbsz\u00f6r haszn\u00e1latos, autokl\u00e1vozhat\u00f3.<br \/>\nFlexibilis, b\u00e1rmelyik fel\u00fcleten haszn\u00e1lhat\u00f3.<\/p>\n","protected":false},"featured_media":10907,"comment_status":"open","ping_status":"closed","template":"","meta":{"inline_featured_image":false},"product_brand":[154],"product_cat":[264,263,215],"product_tag":[],"class_list":{"0":"post-10906","1":"product","2":"type-product","3":"status-publish","4":"has-post-thumbnail","6":"product_brand-kuraray","7":"product_cat-kiegeszitok-tomeshez","8":"product_cat-tomeskeszites","9":"product_cat-kiegeszitok","11":"first","12":"instock","13":"taxable","14":"shipping-taxable","15":"purchasable","16":"product-type-variable"},"_links":{"self":[{"href":"https:\/\/prodental.hu\/shop\/wp-json\/wp\/v2\/product\/10906","targetHints":{"allow":["GET"]}}],"collection":[{"href":"https:\/\/prodental.hu\/shop\/wp-json\/wp\/v2\/product"}],"about":[{"href":"https:\/\/prodental.hu\/shop\/wp-json\/wp\/v2\/types\/product"}],"replies":[{"embeddable":true,"href":"https:\/\/prodental.hu\/shop\/wp-json\/wp\/v2\/comments?post=10906"}],"wp:featuredmedia":[{"embeddable":true,"href":"https:\/\/prodental.hu\/shop\/wp-json\/wp\/v2\/media\/10907"}],"wp:attachment":[{"href":"https:\/\/prodental.hu\/shop\/wp-json\/wp\/v2\/media?parent=10906"}],"wp:term":[{"taxonomy":"product_brand","embeddable":true,"href":"https:\/\/prodental.hu\/shop\/wp-json\/wp\/v2\/product_brand?post=10906"},{"taxonomy":"product_cat","embeddable":true,"href":"https:\/\/prodental.hu\/shop\/wp-json\/wp\/v2\/product_cat?post=10906"},{"taxonomy":"product_tag","embeddable":true,"href":"https:\/\/prodental.hu\/shop\/wp-json\/wp\/v2\/product_tag?post=10906"}],"curies":[{"name":"wp","href":"https:\/\/api.w.org\/{rel}","templated":true}]}}