{"id":10898,"date":"2025-10-12T19:28:37","date_gmt":"2025-10-12T19:28:37","guid":{"rendered":"https:\/\/prodental.hu\/shop\/?post_type=product&#038;p=10898"},"modified":"2025-11-19T11:28:35","modified_gmt":"2025-11-19T11:28:35","slug":"katana-avencia-block","status":"publish","type":"product","link":"https:\/\/prodental.hu\/shop\/product\/katana-avencia-block\/","title":{"rendered":"KATANA AVENCIA Block"},"content":{"rendered":"<p class=\"my-2 [&amp;+p]:mt-4 [&amp;_strong:has(+br)]:inline-block [&amp;_strong:has(+br)]:pb-2\">A\u00a0<strong>KATANA AVENCIA Block<\/strong> egy innovat\u00edv, CAD\/CAM technol\u00f3gi\u00e1val forg\u00e1csolhat\u00f3 hibrid-ker\u00e1mia restaur\u00e1ci\u00f3s blokk, amely organikus-inorganikus technol\u00f3gi\u00e1n alapul, \u00e9s kiv\u00e1l\u00f3 mechanikai tulajdons\u00e1gokat, eszt\u00e9tik\u00e1t, csiszolhat\u00f3s\u00e1got, valamint magas f\u00e9nymegtart\u00e1st biztos\u00edt.\u200b<\/p>\n<p class=\"my-2 [&amp;+p]:mt-4 [&amp;_strong:has(+br)]:inline-block [&amp;_strong:has(+br)]:pb-2\"><strong>F\u0151 jellemz\u0151k, technol\u00f3gia:<\/strong><\/p>\n<ul class=\"marker:text-quiet list-disc\">\n<li class=\"py-0 my-0 prose-p:pt-0 prose-p:mb-2 prose-p:my-0 [&amp;&gt;p]:pt-0 [&amp;&gt;p]:mb-2 [&amp;&gt;p]:my-0\">\n<p class=\"my-2 [&amp;+p]:mt-4 [&amp;_strong:has(+br)]:inline-block [&amp;_strong:has(+br)]:pb-2\"><strong>Nano-sized filler technol\u00f3gia:<\/strong>\u00a0A gy\u00e1rt\u00e1si folyamat sor\u00e1n nanoszemcs\u00e9j\u0171 t\u00f6lt\u0151anyagokat s\u0171r\u0171n t\u00f6mb\u00f6s\u00edtenek, majd egys\u00e9gesen \u00e1titatj\u00e1k gyantamon\u00f3merrel, v\u00e9g\u00fcl meleg\u00edtve polimeriz\u00e1lj\u00e1k. Ez nagy mechanikai szil\u00e1rds\u00e1got, homog\u00e9n szerkezetet \u00e9s tart\u00f3s f\u00e9nyess\u00e9get eredm\u00e9nyez.\u200b<\/p>\n<\/li>\n<li class=\"py-0 my-0 prose-p:pt-0 prose-p:mb-2 prose-p:my-0 [&amp;&gt;p]:pt-0 [&amp;&gt;p]:mb-2 [&amp;&gt;p]:my-0\">\n<p class=\"my-2 [&amp;+p]:mt-4 [&amp;_strong:has(+br)]:inline-block [&amp;_strong:has(+br)]:pb-2\"><strong>Hybrid ceramic:<\/strong>\u00a0Az organikus (gyanta) \u00e9s inorganikus (ker\u00e1mia) komponensek egyes\u00edt\u00e9se r\u00e9v\u00e9n \u00faj t\u00edpus\u00fa CAD\/CAM blokk sz\u00fcletik, amely kem\u00e9ny, kop\u00e1s\u00e1ll\u00f3, ugyanakkor rugalmasabb, mint a hagyom\u00e1nyos ker\u00e1mi\u00e1k.\u200b<\/p>\n<\/li>\n<\/ul>\n<p class=\"my-2 [&amp;+p]:mt-4 [&amp;_strong:has(+br)]:inline-block [&amp;_strong:has(+br)]:pb-2\"><strong>El\u0151ny\u00f6k:<\/strong><\/p>\n<ul class=\"marker:text-quiet list-disc\">\n<li class=\"py-0 my-0 prose-p:pt-0 prose-p:mb-2 prose-p:my-0 [&amp;&gt;p]:pt-0 [&amp;&gt;p]:mb-2 [&amp;&gt;p]:my-0\">\n<p class=\"my-2 [&amp;+p]:mt-4 [&amp;_strong:has(+br)]:inline-block [&amp;_strong:has(+br)]:pb-2\"><strong>Kit\u0171n\u0151 f\u00e9nyezhet\u0151s\u00e9g:<\/strong>\u00a0A restaur\u00e1ci\u00f3 k\u00f6nnyen pol\u00edrozhat\u00f3, \u00e9s a p\u00e1ciens sz\u00e1j\u00e1ban is hossz\u00fa t\u00e1von meg\u0151rzi f\u00e9ny\u00e9t \u00e9s sima fel\u00fclet\u00e9t.\u200b<\/p>\n<\/li>\n<li class=\"py-0 my-0 prose-p:pt-0 prose-p:mb-2 prose-p:my-0 [&amp;&gt;p]:pt-0 [&amp;&gt;p]:mb-2 [&amp;&gt;p]:my-0\">\n<p class=\"my-2 [&amp;+p]:mt-4 [&amp;_strong:has(+br)]:inline-block [&amp;_strong:has(+br)]:pb-2\"><strong>Magas kop\u00e1s\u00e1ll\u00f3s\u00e1g, k\u00edm\u00e9li az antagonista fogat:<\/strong>\u00a0Klinikai tesztek szerint kev\u00e9sb\u00e9 kopik, \u00e9s minim\u00e1lis m\u00e9rt\u00e9kben kop\u00e1st okoz a szemben l\u00e9v\u0151 fogon.\u200b<\/p>\n<\/li>\n<li class=\"py-0 my-0 prose-p:pt-0 prose-p:mb-2 prose-p:my-0 [&amp;&gt;p]:pt-0 [&amp;&gt;p]:mb-2 [&amp;&gt;p]:my-0\">\n<p class=\"my-2 [&amp;+p]:mt-4 [&amp;_strong:has(+br)]:inline-block [&amp;_strong:has(+br)]:pb-2\"><strong>Magas hajl\u00edt\u00f3szil\u00e1rds\u00e1g (flexural strength) \u00e9s kompresszi\u00f3s szil\u00e1rds\u00e1g:<\/strong>\u00a0Labor-\u00f6sszehasonl\u00edt\u00e1sokban kiemelked\u0151 mechanikai param\u00e9tereket mutat.\u200b<\/p>\n<\/li>\n<li class=\"py-0 my-0 prose-p:pt-0 prose-p:mb-2 prose-p:my-0 [&amp;&gt;p]:pt-0 [&amp;&gt;p]:mb-2 [&amp;&gt;p]:my-0\">\n<p class=\"my-2 [&amp;+p]:mt-4 [&amp;_strong:has(+br)]:inline-block [&amp;_strong:has(+br)]:pb-2\"><strong>Univers\u00e1lis alkalmaz\u00e1s:<\/strong>\u00a0K\u00fcl\u00f6nb\u00f6z\u0151 indik\u00e1ci\u00f3khoz \u2013 inlay, onlay, premol\u00e1ris \u00e9s teljes korona, front \u00e9s mol\u00e1ris restaur\u00e1ci\u00f3khoz \u2013 alkalmas.<\/p>\n<\/li>\n<\/ul>\n","protected":false},"excerpt":{"rendered":"<p class=\"my-2 [&amp;+p]:mt-4 [&amp;_strong:has(+br)]:inline-block [&amp;_strong:has(+br)]:pb-2\">Precizit\u00e1s, er\u0151, pol\u00edrozhat\u00f3s\u00e1g!<br \/>\nInnovat\u00edv, egyed\u00fcl\u00e1ll\u00f3 gy\u00e1rt\u00e1si technol\u00f3gi\u00e1val k\u00e9sz\u00fcl, melynek v\u00e9geredm\u00e9nye egy hibrid-ker\u00e1mia blokk, amely tart\u00f3s \u00e9s eszt\u00e9tikus p\u00f3tl\u00e1s elk\u00e9sz\u00edt\u00e9s\u00e9t teszi lehet\u0151v\u00e9.<br \/>\nRendel\u0151kbe kifejezetten aj\u00e1nlott!<\/p>\n<p>Kiszerel\u00e9s: 5 blokk<\/p>\n<p>12-es m\u00e9ret: 10 x 12 x 15 mm<\/p>\n<p>14L m\u00e9ret: 14,5 x 14,5 x 18 mm<\/p>\n<p>&nbsp;<\/p>\n","protected":false},"featured_media":10899,"comment_status":"open","ping_status":"closed","template":"","meta":{"inline_featured_image":false},"product_brand":[154],"product_cat":[216],"product_tag":[],"class_list":{"0":"post-10898","1":"product","2":"type-product","3":"status-publish","4":"has-post-thumbnail","6":"product_brand-kuraray","7":"product_cat-hibrid-keramia-blokk","9":"first","10":"instock","11":"taxable","12":"shipping-taxable","13":"purchasable","14":"product-type-variable"},"_links":{"self":[{"href":"https:\/\/prodental.hu\/shop\/wp-json\/wp\/v2\/product\/10898","targetHints":{"allow":["GET"]}}],"collection":[{"href":"https:\/\/prodental.hu\/shop\/wp-json\/wp\/v2\/product"}],"about":[{"href":"https:\/\/prodental.hu\/shop\/wp-json\/wp\/v2\/types\/product"}],"replies":[{"embeddable":true,"href":"https:\/\/prodental.hu\/shop\/wp-json\/wp\/v2\/comments?post=10898"}],"wp:featuredmedia":[{"embeddable":true,"href":"https:\/\/prodental.hu\/shop\/wp-json\/wp\/v2\/media\/10899"}],"wp:attachment":[{"href":"https:\/\/prodental.hu\/shop\/wp-json\/wp\/v2\/media?parent=10898"}],"wp:term":[{"taxonomy":"product_brand","embeddable":true,"href":"https:\/\/prodental.hu\/shop\/wp-json\/wp\/v2\/product_brand?post=10898"},{"taxonomy":"product_cat","embeddable":true,"href":"https:\/\/prodental.hu\/shop\/wp-json\/wp\/v2\/product_cat?post=10898"},{"taxonomy":"product_tag","embeddable":true,"href":"https:\/\/prodental.hu\/shop\/wp-json\/wp\/v2\/product_tag?post=10898"}],"curies":[{"name":"wp","href":"https:\/\/api.w.org\/{rel}","templated":true}]}}