{"id":10877,"date":"2025-10-12T18:13:13","date_gmt":"2025-10-12T18:13:13","guid":{"rendered":"https:\/\/prodental.hu\/shop\/?post_type=product&#038;p=10877"},"modified":"2025-11-09T17:52:32","modified_gmt":"2025-11-09T17:52:32","slug":"panavia-veneer-lc","status":"publish","type":"product","link":"https:\/\/prodental.hu\/shop\/product\/panavia-veneer-lc\/","title":{"rendered":"PANAVIA Veneer LC"},"content":{"rendered":"<p class=\"my-2 [&amp;+p]:mt-4 [&amp;_strong:has(+br)]:inline-block [&amp;_strong:has(+br)]:pb-2\">A\u00a0<strong>PANAVIA Veneer LC<\/strong>\u00a0a Kuraray hivatalos le\u00edr\u00e1sa alapj\u00e1n egy\u00a0<strong>f\u00e9nyrek\u00f6t\u0151, eszt\u00e9tikus gyanta-cement<\/strong>, melyet kifejezetten porcel\u00e1n, kompozit \u00e9s hibrid h\u00e9jak (veneerek) v\u00e9gleges r\u00f6gz\u00edt\u00e9s\u00e9re fejlesztettek ki.\u200b<\/p>\n<p class=\"my-2 [&amp;+p]:mt-4 [&amp;_strong:has(+br)]:inline-block [&amp;_strong:has(+br)]:pb-2\"><strong>F\u0151 jellemz\u0151k:<\/strong><\/p>\n<ul class=\"marker:text-quiet list-disc\">\n<li class=\"py-0 my-0 prose-p:pt-0 prose-p:mb-2 prose-p:my-0 [&amp;&gt;p]:pt-0 [&amp;&gt;p]:mb-2 [&amp;&gt;p]:my-0\">\n<p class=\"my-2 [&amp;+p]:mt-4 [&amp;_strong:has(+br)]:inline-block [&amp;_strong:has(+br)]:pb-2\"><strong>F\u00e9nyrek\u00f6t\u0151 (light-cure) rendszer:<\/strong>\u00a0Amine-mentes kataliz\u00e1tor, ez\u00e9rt sz\u00edntart\u00f3, hossz\u00fa t\u00e1von nem s\u00e1rgul vagy sz\u00ednez\u0151dik el, tart\u00f3s eszt\u00e9tikai eredm\u00e9nyt biztos\u00edt.\u200b<\/p>\n<\/li>\n<li class=\"py-0 my-0 prose-p:pt-0 prose-p:mb-2 prose-p:my-0 [&amp;&gt;p]:pt-0 [&amp;&gt;p]:mb-2 [&amp;&gt;p]:my-0\">\n<p class=\"my-2 [&amp;+p]:mt-4 [&amp;_strong:has(+br)]:inline-block [&amp;_strong:has(+br)]:pb-2\"><strong>Hossz\u00fa munkaid\u0151 (ambient light stability):<\/strong>\u00a0Ak\u00e1r 200 m\u00e1sodperc (norm\u00e1l rendel\u0151i f\u00e9ny mellett!), \u00edgy t\u00f6bb h\u00e9j egyidej\u0171 behelyez\u00e9se is lehets\u00e9ges. A polimeriz\u00e1ci\u00f3 b\u00e1rmikor elind\u00edthat\u00f3, teh\u00e1t nem kell id\u0151re versenyezni a ragaszt\u00e1ssal!\u200b<\/p>\n<\/li>\n<li class=\"py-0 my-0 prose-p:pt-0 prose-p:mb-2 prose-p:my-0 [&amp;&gt;p]:pt-0 [&amp;&gt;p]:mb-2 [&amp;&gt;p]:my-0\">\n<p class=\"my-2 [&amp;+p]:mt-4 [&amp;_strong:has(+br)]:inline-block [&amp;_strong:has(+br)]:pb-2\"><strong>Touch-cure technol\u00f3gia:<\/strong>\u00a0K\u00f6zvetlen\u00fcl a fogfelsz\u00ednhez \u00e9rintve azonnal kezd polimeriz\u00e1lni, \u00edgy biztos\u00edtja az er\u0151s \u00e9s tart\u00f3s adhesiv k\u00f6t\u00e9st a fog \u00e9s a restaur\u00e1ci\u00f3 k\u00f6z\u00f6tt.\u200b<\/p>\n<\/li>\n<li class=\"py-0 my-0 prose-p:pt-0 prose-p:mb-2 prose-p:my-0 [&amp;&gt;p]:pt-0 [&amp;&gt;p]:mb-2 [&amp;&gt;p]:my-0\">\n<p class=\"my-2 [&amp;+p]:mt-4 [&amp;_strong:has(+br)]:inline-block [&amp;_strong:has(+br)]:pb-2\"><strong>Nano-cluster filler technol\u00f3gi\u00e1val<\/strong>\u00a0k\u00e9sz\u00fclt, \u00edgy nem ragad a fecskend\u0151h\u00f6z, j\u00f3l adagolhat\u00f3, nem folyik el \u2013 prec\u00edz, egyenletes cementr\u00e9teget lehet vele k\u00e9pezni.\u200b<\/p>\n<\/li>\n<li class=\"py-0 my-0 prose-p:pt-0 prose-p:mb-2 prose-p:my-0 [&amp;&gt;p]:pt-0 [&amp;&gt;p]:mb-2 [&amp;&gt;p]:my-0\">\n<p class=\"my-2 [&amp;+p]:mt-4 [&amp;_strong:has(+br)]:inline-block [&amp;_strong:has(+br)]:pb-2\"><strong>Minim\u00e1lis filmvastags\u00e1g:<\/strong>\u00a0Az anyag v\u00e9kony r\u00e9teget k\u00e9pez, k\u00f6nnyen pol\u00edrozhat\u00f3, a restaur\u00e1ci\u00f3 szeg\u00e9lyei tart\u00f3san \u00e9szrev\u00e9tlen\u00fcl maradnak, hossz\u00fa t\u00e1von is sz\u00e9p eszt\u00e9tik\u00e1t garant\u00e1l.\u200b<\/p>\n<\/li>\n<li class=\"py-0 my-0 prose-p:pt-0 prose-p:mb-2 prose-p:my-0 [&amp;&gt;p]:pt-0 [&amp;&gt;p]:mb-2 [&amp;&gt;p]:my-0\">\n<p class=\"my-2 [&amp;+p]:mt-4 [&amp;_strong:has(+br)]:inline-block [&amp;_strong:has(+br)]:pb-2\"><strong>T\u00f6bb sz\u00edn\u00e1rnyalat \u00e9s \u201cTry-in\u201d paszta:<\/strong>\u00a0Clear, Universal-A2, Soft White, White \u2013 ezekhez sz\u00ednpr\u00f3ba paszta is el\u00e9rhet\u0151, hogy a v\u00e9gs\u0151 sz\u00edn a sz\u00e1jban kipr\u00f3b\u00e1lhat\u00f3 legyen.\u200b<\/p>\n<\/li>\n<li class=\"py-0 my-0 prose-p:pt-0 prose-p:mb-2 prose-p:my-0 [&amp;&gt;p]:pt-0 [&amp;&gt;p]:mb-2 [&amp;&gt;p]:my-0\">\n<p class=\"my-2 [&amp;+p]:mt-4 [&amp;_strong:has(+br)]:inline-block [&amp;_strong:has(+br)]:pb-2\"><strong>K\u00f6nny\u0171 feleslegelt\u00e1vol\u00edt\u00e1s:<\/strong>\u00a01 m\u00e1sodperces \u201ctack-cure\u201d ut\u00e1n a felesleg egyben elt\u00e1vol\u00edthat\u00f3, margin gyorsan pol\u00edrozhat\u00f3.\u200b<\/p>\n<\/li>\n<\/ul>\n","protected":false},"excerpt":{"rendered":"<p>Eszt\u00e9tikus \u00e9s tart\u00f3s megold\u00e1s h\u00e9jak ragaszt\u00e1s\u00e1hoz!<\/p>\n<ul>\n<li>Optimaliz\u00e1lt kezelhet\u0151s\u00e9g a megfelel\u0151 viszkozit\u00e1snak k\u00f6sz\u00f6nhet\u0151en.<\/li>\n<li>A felesleg k\u00f6nny\u0171 elt\u00e1vol\u00edt\u00e1sa 1 m\u00e1sodperces megvil\u00e1g\u00edt\u00e1s ut\u00e1n.<\/li>\n<li>L\u00e1thatatlan sz\u00e9lek a kis r\u00e9tegvastags\u00e1gnak k\u00f6sz\u00f6nhet\u0151en.<\/li>\n<li>Kiv\u00e1l\u00f3 pol\u00edrozhat\u00f3s\u00e1g \u00e9s sz\u00ednstabilit\u00e1s a hosszan tart\u00f3 eszt\u00e9tika \u00e9rdek\u00e9ben.<\/li>\n<li>Er\u0151s \u00e9s tart\u00f3s k\u00f6t\u00e9s.<\/li>\n<\/ul>\n","protected":false},"featured_media":10878,"comment_status":"open","ping_status":"closed","template":"","meta":{"inline_featured_image":false},"product_brand":[154],"product_cat":[271,214],"product_tag":[],"class_list":{"0":"post-10877","1":"product","2":"type-product","3":"status-publish","4":"has-post-thumbnail","6":"product_brand-kuraray","7":"product_cat-fogpotlas","8":"product_cat-ragasztocementek","10":"first","11":"instock","12":"taxable","13":"shipping-taxable","14":"purchasable","15":"product-type-variable"},"_links":{"self":[{"href":"https:\/\/prodental.hu\/shop\/wp-json\/wp\/v2\/product\/10877","targetHints":{"allow":["GET"]}}],"collection":[{"href":"https:\/\/prodental.hu\/shop\/wp-json\/wp\/v2\/product"}],"about":[{"href":"https:\/\/prodental.hu\/shop\/wp-json\/wp\/v2\/types\/product"}],"replies":[{"embeddable":true,"href":"https:\/\/prodental.hu\/shop\/wp-json\/wp\/v2\/comments?post=10877"}],"wp:featuredmedia":[{"embeddable":true,"href":"https:\/\/prodental.hu\/shop\/wp-json\/wp\/v2\/media\/10878"}],"wp:attachment":[{"href":"https:\/\/prodental.hu\/shop\/wp-json\/wp\/v2\/media?parent=10877"}],"wp:term":[{"taxonomy":"product_brand","embeddable":true,"href":"https:\/\/prodental.hu\/shop\/wp-json\/wp\/v2\/product_brand?post=10877"},{"taxonomy":"product_cat","embeddable":true,"href":"https:\/\/prodental.hu\/shop\/wp-json\/wp\/v2\/product_cat?post=10877"},{"taxonomy":"product_tag","embeddable":true,"href":"https:\/\/prodental.hu\/shop\/wp-json\/wp\/v2\/product_tag?post=10877"}],"curies":[{"name":"wp","href":"https:\/\/api.w.org\/{rel}","templated":true}]}}