{"id":10866,"date":"2025-10-12T17:54:59","date_gmt":"2025-10-12T17:54:59","guid":{"rendered":"https:\/\/prodental.hu\/shop\/?post_type=product&#038;p=10866"},"modified":"2025-11-09T16:47:10","modified_gmt":"2025-11-09T16:47:10","slug":"panavia-sa-cement-universal-automix","status":"publish","type":"product","link":"https:\/\/prodental.hu\/shop\/product\/panavia-sa-cement-universal-automix\/","title":{"rendered":"PANAVIA SA Cement Universal"},"content":{"rendered":"<p class=\"my-2 [&amp;+p]:mt-4 [&amp;_strong:has(+br)]:inline-block [&amp;_strong:has(+br)]:pb-2\">A\u00a0<strong>PANAVIA SA Cement Universal<\/strong> egy univerz\u00e1lis, \u00f6nbondoz\u00f3 (self-adhesive), dual-k\u00f6t\u00e9s\u0171 (dual-cure), fluoridot lead\u00f3 rezin cement, amely minden jelent\u0151s fog\u00e1szati restaur\u00e1ci\u00f3hoz haszn\u00e1lhat\u00f3, k\u00fcl\u00f6n primer vagy szil\u00e1n el\u0151kezel\u00e9s n\u00e9lk\u00fcl.\u200b<\/p>\n<p class=\"my-2 [&amp;+p]:mt-4 [&amp;_strong:has(+br)]:inline-block [&amp;_strong:has(+br)]:pb-2\"><strong>F\u0151 jellemz\u0151k:<\/strong><\/p>\n<ul class=\"marker:text-quiet list-disc\">\n<li class=\"py-0 my-0 prose-p:pt-0 prose-p:mb-2 prose-p:my-0 [&amp;&gt;p]:pt-0 [&amp;&gt;p]:mb-2 [&amp;&gt;p]:my-0\">\n<p class=\"my-2 [&amp;+p]:mt-4 [&amp;_strong:has(+br)]:inline-block [&amp;_strong:has(+br)]:pb-2\"><strong>Dual-cure (f\u00e9ny- \u00e9s \u00f6nk\u00f6t\u0151)<\/strong>: Biztons\u00e1gos \u00e9s tart\u00f3s k\u00f6t\u00e9st ad minden restaur\u00e1ci\u00f3s indik\u00e1ci\u00f3ban, ak\u00e1r nehezen hozz\u00e1f\u00e9rhet\u0151 helyeken is.<\/p>\n<\/li>\n<li class=\"py-0 my-0 prose-p:pt-0 prose-p:mb-2 prose-p:my-0 [&amp;&gt;p]:pt-0 [&amp;&gt;p]:mb-2 [&amp;&gt;p]:my-0\">\n<p class=\"my-2 [&amp;+p]:mt-4 [&amp;_strong:has(+br)]:inline-block [&amp;_strong:has(+br)]:pb-2\"><strong>\u00d6nragaszt\u00f3 formula<\/strong>: A cementbe integr\u00e1lt MDP (f\u00e9mekhez, cirk\u00f3niumhoz, dentinhez, zom\u00e1nchoz) \u00e9s LCSi (\u00fcvegker\u00e1mi\u00e1hoz, l\u00edtium-diszilik\u00e1thoz, kompozithoz, porcel\u00e1nhoz) monomerjei biztos\u00edtj\u00e1k az er\u0151s k\u00e9miai k\u00f6t\u00e9st \u2013 nincs sz\u00fcks\u00e9g k\u00fcl\u00f6n silan vagy primer haszn\u00e1lat\u00e1ra.\u200b<\/p>\n<\/li>\n<li class=\"py-0 my-0 prose-p:pt-0 prose-p:mb-2 prose-p:my-0 [&amp;&gt;p]:pt-0 [&amp;&gt;p]:mb-2 [&amp;&gt;p]:my-0\">\n<p class=\"my-2 [&amp;+p]:mt-4 [&amp;_strong:has(+br)]:inline-block [&amp;_strong:has(+br)]:pb-2\"><strong>Automix technol\u00f3gia<\/strong>: K\u00e9t komponens egy autokever\u0151 fecskend\u0151b\u0151l (mixing tip-pel, vagy endo tip-pel) adagolva automatikusan keveredik, \u00edgy gyors, egyszer\u0171, hullad\u00e9kmentes, egys\u00e9ges kever\u00e9k j\u00f6n l\u00e9tre.\u200b<\/p>\n<\/li>\n<li class=\"py-0 my-0 prose-p:pt-0 prose-p:mb-2 prose-p:my-0 [&amp;&gt;p]:pt-0 [&amp;&gt;p]:mb-2 [&amp;&gt;p]:my-0\">\n<p class=\"my-2 [&amp;+p]:mt-4 [&amp;_strong:has(+br)]:inline-block [&amp;_strong:has(+br)]:pb-2\"><strong>Fluoridot lead\u00f3, radiop\u00e1k, sz\u00edntart\u00f3<\/strong>\u00a0cement.<\/p>\n<\/li>\n<li class=\"py-0 my-0 prose-p:pt-0 prose-p:mb-2 prose-p:my-0 [&amp;&gt;p]:pt-0 [&amp;&gt;p]:mb-2 [&amp;&gt;p]:my-0\">\n<p class=\"my-2 [&amp;+p]:mt-4 [&amp;_strong:has(+br)]:inline-block [&amp;_strong:has(+br)]:pb-2\"><strong>Egyszer\u0171 feleslegelt\u00e1vol\u00edt\u00e1s \u00e9s gyors munkaid\u0151<\/strong>: K\u00f6nnyen elt\u00e1vol\u00edthat\u00f3 a felesleg a ragaszt\u00e1s ut\u00e1n, munkai\u0151 automixn\u00e9l ~1 perc.\u200b<\/p>\n<\/li>\n<li class=\"py-0 my-0 prose-p:pt-0 prose-p:mb-2 prose-p:my-0 [&amp;&gt;p]:pt-0 [&amp;&gt;p]:mb-2 [&amp;&gt;p]:my-0\">\n<p class=\"my-2 [&amp;+p]:mt-4 [&amp;_strong:has(+br)]:inline-block [&amp;_strong:has(+br)]:pb-2\"><strong>Sz\u00ednv\u00e1laszt\u00e9k<\/strong>: Universal (A2), White, Translucent \u2013 k\u00fcl\u00f6nb\u00f6z\u0151 csomagokban, ut\u00e1nt\u00f6lt\u0151 form\u00e1tumban is el\u00e9rhet\u0151.\u200b<\/p>\n<\/li>\n<li class=\"py-0 my-0 prose-p:pt-0 prose-p:mb-2 prose-p:my-0 [&amp;&gt;p]:pt-0 [&amp;&gt;p]:mb-2 [&amp;&gt;p]:my-0\">\n<p class=\"my-2 [&amp;+p]:mt-4 [&amp;_strong:has(+br)]:inline-block [&amp;_strong:has(+br)]:pb-2\"><strong>Rakt\u00e1ri t\u00e1rol\u00e1si stabilit\u00e1s<\/strong>: szobah\u0151m\u00e9rs\u00e9kleten t\u00e1rolhat\u00f3, h\u0171t\u00e9st nem ig\u00e9nyel.\u200b<\/p>\n<\/li>\n<li class=\"py-0 my-0 prose-p:pt-0 prose-p:mb-2 prose-p:my-0 [&amp;&gt;p]:pt-0 [&amp;&gt;p]:mb-2 [&amp;&gt;p]:my-0\">\n<p class=\"my-2 [&amp;+p]:mt-4 [&amp;_strong:has(+br)]:inline-block [&amp;_strong:has(+br)]:pb-2\"><strong>Indik\u00e1ci\u00f3k<\/strong>: koron\u00e1k, hidak, inlay\/onlay, h\u00e9jak, gy\u00f6k\u00e9rcsapok, implant\u00e1tum abutmentek, adhesion hidak, splint, amalg\u00e1m bonding.<\/p>\n<\/li>\n<\/ul>\n","protected":false},"excerpt":{"rendered":"<p>Egyszer\u0171 munkafolyamat primerek n\u00e9lk\u00fcl, k\u00e9sz\u00fclj\u00f6n a p\u00f3tl\u00e1s b\u00e1rmilyen anyagb\u00f3l!<\/p>\n<p>A cirk\u00f3nium-oxidhoz \u00e9s l\u00edtium-diszilik\u00e1thoz is k\u00f6t\u0151dik tov\u00e1bbi primerek n\u00e9lk\u00fcl!<br \/>\nSzobah\u0151m\u00e9rs\u00e9kleten is t\u00e1rolhat\u00f3.<br \/>\nK\u00f6nny\u0171 applik\u00e1ci\u00f3 minim\u00e1lis nyom\u00e1s alkalmaz\u00e1s\u00e1val.<br \/>\nK\u00f6nny\u0171 felhord\u00e1s kis nyom\u00e1ssal.<br \/>\nAutomix \u00e9s k\u00e9zi kever\u00e9s\u0171 (Handmix) kiszerel\u00e9sben is kaphat\u00f3.<\/p>\n","protected":false},"featured_media":10867,"comment_status":"open","ping_status":"closed","template":"","meta":{"inline_featured_image":false},"product_brand":[154],"product_cat":[271,214],"product_tag":[],"class_list":{"0":"post-10866","1":"product","2":"type-product","3":"status-publish","4":"has-post-thumbnail","6":"product_brand-kuraray","7":"product_cat-fogpotlas","8":"product_cat-ragasztocementek","10":"first","11":"instock","12":"taxable","13":"shipping-taxable","14":"purchasable","15":"product-type-variable"},"_links":{"self":[{"href":"https:\/\/prodental.hu\/shop\/wp-json\/wp\/v2\/product\/10866","targetHints":{"allow":["GET"]}}],"collection":[{"href":"https:\/\/prodental.hu\/shop\/wp-json\/wp\/v2\/product"}],"about":[{"href":"https:\/\/prodental.hu\/shop\/wp-json\/wp\/v2\/types\/product"}],"replies":[{"embeddable":true,"href":"https:\/\/prodental.hu\/shop\/wp-json\/wp\/v2\/comments?post=10866"}],"wp:featuredmedia":[{"embeddable":true,"href":"https:\/\/prodental.hu\/shop\/wp-json\/wp\/v2\/media\/10867"}],"wp:attachment":[{"href":"https:\/\/prodental.hu\/shop\/wp-json\/wp\/v2\/media?parent=10866"}],"wp:term":[{"taxonomy":"product_brand","embeddable":true,"href":"https:\/\/prodental.hu\/shop\/wp-json\/wp\/v2\/product_brand?post=10866"},{"taxonomy":"product_cat","embeddable":true,"href":"https:\/\/prodental.hu\/shop\/wp-json\/wp\/v2\/product_cat?post=10866"},{"taxonomy":"product_tag","embeddable":true,"href":"https:\/\/prodental.hu\/shop\/wp-json\/wp\/v2\/product_tag?post=10866"}],"curies":[{"name":"wp","href":"https:\/\/api.w.org\/{rel}","templated":true}]}}