{"id":10840,"date":"2025-10-12T17:39:00","date_gmt":"2025-10-12T17:39:00","guid":{"rendered":"https:\/\/prodental.hu\/shop\/?post_type=product&#038;p=10840"},"modified":"2025-11-09T17:33:05","modified_gmt":"2025-11-09T17:33:05","slug":"panavia-v5","status":"publish","type":"product","link":"https:\/\/prodental.hu\/shop\/product\/panavia-v5\/","title":{"rendered":"PANAVIA V5"},"content":{"rendered":"<p class=\"my-2 [&amp;+p]:mt-4 [&amp;_strong:has(+br)]:inline-block [&amp;_strong:has(+br)]:pb-2\">A\u00a0<strong>PANAVIA V5<\/strong>\u00a0a Kuraray hivatalos le\u00edr\u00e1sa szerint egy univerz\u00e1lis, kett\u0151s k\u00f6t\u00e9s\u0171 (dual-cure), fluoridot lead\u00f3, sz\u00edntart\u00f3 (color-stable) eszt\u00e9tikus gyanta-cement, amely a PANAVIA csal\u00e1d 5. gener\u00e1ci\u00f3ja, \u00e9s kiemelked\u0151 egyszer\u0171s\u00e9get, er\u0151s tapad\u00e1st, valamint kimagasl\u00f3 eszt\u00e9tik\u00e1t k\u00edn\u00e1l minden v\u00e9gleges cement\u00e1l\u00e1si indik\u00e1ci\u00f3hoz.\u200b<\/p>\n<p class=\"my-2 [&amp;+p]:mt-4 [&amp;_strong:has(+br)]:inline-block [&amp;_strong:has(+br)]:pb-2\"><strong>F\u0151 tulajdons\u00e1gai:<\/strong><\/p>\n<ul class=\"marker:text-quiet list-disc\">\n<li class=\"py-0 my-0 prose-p:pt-0 prose-p:mb-2 prose-p:my-0 [&amp;&gt;p]:pt-0 [&amp;&gt;p]:mb-2 [&amp;&gt;p]:my-0\">\n<p class=\"my-2 [&amp;+p]:mt-4 [&amp;_strong:has(+br)]:inline-block [&amp;_strong:has(+br)]:pb-2\"><strong>Dual-cure:<\/strong>\u00a0f\u00e9ny- \u00e9s \u00f6nk\u00f6t\u0151 mechanizmus, \u00edgy minden restaur\u00e1ci\u00f3hoz haszn\u00e1lhat\u00f3 (ker\u00e1mia, cirk\u00f3nium, kompozit, f\u00e9m, hibrid ker\u00e1mia, l\u00edtium-diszilik\u00e1t, implant\u00e1tum abutment stb.).\u200b<\/p>\n<\/li>\n<li class=\"py-0 my-0 prose-p:pt-0 prose-p:mb-2 prose-p:my-0 [&amp;&gt;p]:pt-0 [&amp;&gt;p]:mb-2 [&amp;&gt;p]:my-0\">\n<p class=\"my-2 [&amp;+p]:mt-4 [&amp;_strong:has(+br)]:inline-block [&amp;_strong:has(+br)]:pb-2\"><strong>MDP-mononmer:<\/strong>\u00a0a Kuraray szabadalmaztatott MDP (foszf\u00e1t) monomerje r\u00e9v\u00e9n minden fogsz\u00f6vethez, f\u00e9mhez \u00e9s ker\u00e1mi\u00e1hoz kimagasl\u00f3, tart\u00f3s k\u00e9miai k\u00f6t\u00e9st hoz l\u00e9tre.\u200b<\/p>\n<\/li>\n<li class=\"py-0 my-0 prose-p:pt-0 prose-p:mb-2 prose-p:my-0 [&amp;&gt;p]:pt-0 [&amp;&gt;p]:mb-2 [&amp;&gt;p]:my-0\">\n<p class=\"my-2 [&amp;+p]:mt-4 [&amp;_strong:has(+br)]:inline-block [&amp;_strong:has(+br)]:pb-2\"><strong>Amine-mentes kataliz\u00e1torrendszer:<\/strong>\u00a0sz\u00edntart\u00f3, hossz\u00fa t\u00e1v\u00fa stabilit\u00e1s, nincs ut\u00f3lagos elsz\u00ednez\u0151d\u00e9s; term\u00e9szetes fluoreszcencia, eszt\u00e9tikus eredm\u00e9ny.\u200b<\/p>\n<\/li>\n<li class=\"py-0 my-0 prose-p:pt-0 prose-p:mb-2 prose-p:my-0 [&amp;&gt;p]:pt-0 [&amp;&gt;p]:mb-2 [&amp;&gt;p]:my-0\">\n<p class=\"my-2 [&amp;+p]:mt-4 [&amp;_strong:has(+br)]:inline-block [&amp;_strong:has(+br)]:pb-2\"><strong>Self-etching Tooth Primer:<\/strong>\u00a0egyetlen folyad\u00e9kban \u00f6nsavaz\u00f3, egyszer\u0171en alkalmazhat\u00f3; nagy dentin k\u00f6t\u00e9si szil\u00e1rds\u00e1g, minim\u00e1lis \u00e9rz\u00e9kenys\u00e9g.\u200b<\/p>\n<\/li>\n<li class=\"py-0 my-0 prose-p:pt-0 prose-p:mb-2 prose-p:my-0 [&amp;&gt;p]:pt-0 [&amp;&gt;p]:mb-2 [&amp;&gt;p]:my-0\">\n<p class=\"my-2 [&amp;+p]:mt-4 [&amp;_strong:has(+br)]:inline-block [&amp;_strong:has(+br)]:pb-2\"><strong>CLEARFIL CERAMIC PRIMER PLUS prosthesis primer:<\/strong>\u00a0egykomponens\u0171 univerz\u00e1lis primer szil\u00e1n-alap\u00fa (ker\u00e1mi\u00e1khoz, kompozithoz, f\u00e9mekhez).\u200b<\/p>\n<\/li>\n<li class=\"py-0 my-0 prose-p:pt-0 prose-p:mb-2 prose-p:my-0 [&amp;&gt;p]:pt-0 [&amp;&gt;p]:mb-2 [&amp;&gt;p]:my-0\">\n<p class=\"my-2 [&amp;+p]:mt-4 [&amp;_strong:has(+br)]:inline-block [&amp;_strong:has(+br)]:pb-2\"><strong>Automix paszta:<\/strong>\u00a05 \u00e1rnyalatban el\u00e9rhet\u0151: Universal (A2), Clear, Brown (A4), White, Opaque. Ut\u00f3bbi csak \u00f6nk\u00f6t\u0151 m\u00f3don alkalmazhat\u00f3.\u200b<\/p>\n<\/li>\n<li class=\"py-0 my-0 prose-p:pt-0 prose-p:mb-2 prose-p:my-0 [&amp;&gt;p]:pt-0 [&amp;&gt;p]:mb-2 [&amp;&gt;p]:my-0\">\n<p class=\"my-2 [&amp;+p]:mt-4 [&amp;_strong:has(+br)]:inline-block [&amp;_strong:has(+br)]:pb-2\"><strong>Try-in Paste:<\/strong>\u00a0a cement sz\u00edn\u00e9nek pr\u00f3bailleszt\u00e9s\u00e9re haszn\u00e1lhat\u00f3, le\u00f6bl\u00edthet\u0151.\u200b<\/p>\n<\/li>\n<li class=\"py-0 my-0 prose-p:pt-0 prose-p:mb-2 prose-p:my-0 [&amp;&gt;p]:pt-0 [&amp;&gt;p]:mb-2 [&amp;&gt;p]:my-0\">\n<p class=\"my-2 [&amp;+p]:mt-4 [&amp;_strong:has(+br)]:inline-block [&amp;_strong:has(+br)]:pb-2\"><strong>K-ETCHANT Syringe:<\/strong>\u00a035%-os foszforsavas g\u00e9l, szelekt\u00edv zom\u00e1ncsavaz\u00e1shoz.\u200b<\/p>\n<\/li>\n<\/ul>\n<p class=\"my-2 [&amp;+p]:mt-4 [&amp;_strong:has(+br)]:inline-block [&amp;_strong:has(+br)]:pb-2\"><strong>Felhaszn\u00e1l\u00e1si ter\u00fcletek:<\/strong><\/p>\n<ul class=\"marker:text-quiet list-disc\">\n<li class=\"py-0 my-0 prose-p:pt-0 prose-p:mb-2 prose-p:my-0 [&amp;&gt;p]:pt-0 [&amp;&gt;p]:mb-2 [&amp;&gt;p]:my-0\">\n<p class=\"my-2 [&amp;+p]:mt-4 [&amp;_strong:has(+br)]:inline-block [&amp;_strong:has(+br)]:pb-2\">Mindenf\u00e9le fix fogp\u00f3tl\u00e1s, eszt\u00e9tikus korona, onlay\/inlay, h\u00e9j, f\u00e9m, ker\u00e1mia, cirk\u00f3nium, kompozit, implant\u00e1tum abutment, poszt ragaszt\u00e1sa.<\/p>\n<\/li>\n<\/ul>\n<p class=\"my-2 [&amp;+p]:mt-4 [&amp;_strong:has(+br)]:inline-block [&amp;_strong:has(+br)]:pb-2\"><strong>Kateg\u00f3ria:<\/strong><br \/>\nA PANAVIA V5 a\u00a0<strong>v\u00e9gleges gyanta-cement (adh\u00e9z\u00edv ragaszt\u00f3cement)<\/strong>\u00a0kateg\u00f3ri\u00e1j\u00e1ba tartozik, specifikusan\u00a0<strong>univerz\u00e1lis dual-cure rezin cement<\/strong>, amely kimagasl\u00f3 k\u00f6t\u00e9st biztos\u00edt minden modern restaur\u00e1ci\u00f3hoz.\u200b<\/p>\n<p class=\"my-2 [&amp;+p]:mt-4 [&amp;_strong:has(+br)]:inline-block [&amp;_strong:has(+br)]:pb-2\"><strong>\u00d6sszegz\u00e9s:<\/strong><br \/>\nA PANAVIA V5 az egyik legmagasabb k\u00f6t\u00e9si szil\u00e1rds\u00e1g\u00fa, legegyszer\u0171bben haszn\u00e1lhat\u00f3, sz\u00edntart\u00f3 \u00e9s eszt\u00e9tikus resin cement, univerz\u00e1lis alkalmaz\u00e1ssal a fog\u00e1szati cement\u00e1l\u00e1si protokollban.A\u00a0<strong>PANAVIA V5<\/strong>\u00a0a Kuraray Noritake csal\u00e1d leg\u00fajabb gener\u00e1ci\u00f3s, dual-cure (f\u00e9ny- \u00e9s \u00f6nk\u00f6t\u0151) univerz\u00e1lis ragaszt\u00f3gyanta-cemente, amelyet a leger\u0151sebb dentinhez k\u00f6t\u0151d\u0151 ragaszt\u00f3cementk\u00e9nt fejlesztettek ki. Alkalmas minden modern restaur\u00e1ci\u00f3 (ker\u00e1mia, cirk\u00f3nium, f\u00e9m, kompozit, hibrid ker\u00e1mia, implant\u00e1tum, poszt stb.) v\u00e9gleges r\u00f6gz\u00edt\u00e9s\u00e9re.<\/p>\n","protected":false},"excerpt":{"rendered":"<p>A piacon el\u00e9rhet\u0151 leger\u0151sebb ragaszt\u00f3cement, amivel beragaszthat b\u00e1rmilyen p\u00f3tl\u00e1st, k\u00e9sz\u00fclj\u00f6n b\u00e1rmilyen anyagb\u00f3l is!<\/p>\n<p>K\u00f6nny\u0171 applik\u00e1ci\u00f3, felhelyez\u00e9s \u00e9s felesleg-elt\u00e1vol\u00edt\u00e1s.<br \/>\nAz els\u0151 ragaszt\u00f3cement, amely egykomponens\u0171 fog-primert haszn\u00e1l.<br \/>\nA primerek az eredeti 10-MDP adhez\u00edv monomert tartalmazz\u00e1k.<br \/>\nEgyed\u00fcl\u00e1ll\u00f3 aminmentes kataliz\u00e1tort tartalmaz \u00e9s felhelyez\u00e9s\u00e9n\u00e9l nyom\u00e1sra polimeriz\u00e1l\u00f3dik (touch cure).<br \/>\nKiv\u00e1l\u00f3 eszt\u00e9tika \u00e9s sz\u00ednstabilit\u00e1s jellemzi.<br \/>\nRendel\u0151be \u00e9s laborba egyar\u00e1nt aj\u00e1nlott.<\/p>\n","protected":false},"featured_media":10841,"comment_status":"open","ping_status":"closed","template":"","meta":{"inline_featured_image":false},"product_brand":[154],"product_cat":[271,214],"product_tag":[],"class_list":{"0":"post-10840","1":"product","2":"type-product","3":"status-publish","4":"has-post-thumbnail","6":"product_brand-kuraray","7":"product_cat-fogpotlas","8":"product_cat-ragasztocementek","10":"first","11":"instock","12":"taxable","13":"shipping-taxable","14":"purchasable","15":"product-type-variable"},"_links":{"self":[{"href":"https:\/\/prodental.hu\/shop\/wp-json\/wp\/v2\/product\/10840","targetHints":{"allow":["GET"]}}],"collection":[{"href":"https:\/\/prodental.hu\/shop\/wp-json\/wp\/v2\/product"}],"about":[{"href":"https:\/\/prodental.hu\/shop\/wp-json\/wp\/v2\/types\/product"}],"replies":[{"embeddable":true,"href":"https:\/\/prodental.hu\/shop\/wp-json\/wp\/v2\/comments?post=10840"}],"wp:featuredmedia":[{"embeddable":true,"href":"https:\/\/prodental.hu\/shop\/wp-json\/wp\/v2\/media\/10841"}],"wp:attachment":[{"href":"https:\/\/prodental.hu\/shop\/wp-json\/wp\/v2\/media?parent=10840"}],"wp:term":[{"taxonomy":"product_brand","embeddable":true,"href":"https:\/\/prodental.hu\/shop\/wp-json\/wp\/v2\/product_brand?post=10840"},{"taxonomy":"product_cat","embeddable":true,"href":"https:\/\/prodental.hu\/shop\/wp-json\/wp\/v2\/product_cat?post=10840"},{"taxonomy":"product_tag","embeddable":true,"href":"https:\/\/prodental.hu\/shop\/wp-json\/wp\/v2\/product_tag?post=10840"}],"curies":[{"name":"wp","href":"https:\/\/api.w.org\/{rel}","templated":true}]}}