{"id":10819,"date":"2025-10-12T17:08:47","date_gmt":"2025-10-12T17:08:47","guid":{"rendered":"https:\/\/prodental.hu\/shop\/?post_type=product&#038;p=10819"},"modified":"2025-11-09T16:20:26","modified_gmt":"2025-11-09T16:20:26","slug":"katana-cleaner","status":"publish","type":"product","link":"https:\/\/prodental.hu\/shop\/product\/katana-cleaner\/","title":{"rendered":"KATANA Cleaner"},"content":{"rendered":"<p class=\"my-2 [&amp;+p]:mt-4 [&amp;_strong:has(+br)]:inline-block [&amp;_strong:has(+br)]:pb-2\">A\u00a0<strong>KATANA Cleaner<\/strong> egy univerz\u00e1lis, nem abraz\u00edv fog\u00e1szati tiszt\u00edt\u00f3szer, amely els\u0151sorban intraor\u00e1lis (sz\u00e1jban) \u00e9s extraor\u00e1lis (fogp\u00f3tl\u00e1son, laborban) restaur\u00e1ci\u00f3s felsz\u00ednek tiszt\u00edt\u00e1s\u00e1ra haszn\u00e1lhat\u00f3. A Kuraray hivatalos oldalai alapj\u00e1n ez a term\u00e9k k\u00fcl\u00f6n\u00f6sen hat\u00e9kony a r\u00f6gz\u00edtend\u0151 fogp\u00f3tl\u00e1sok (pl. koron\u00e1k, inlay\/onlay, h\u00e9jak, kompozit restaur\u00e1ci\u00f3k, posztok stb.) pr\u00f3ba illeszt\u00e9sekor keletkez\u0151 feh\u00e9rje, v\u00e9r, ny\u00e1l \u00e9s egy\u00e9b szennyez\u0151d\u00e9sek elt\u00e1vol\u00edt\u00e1s\u00e1ra.\u200b<\/p>\n<p class=\"my-2 [&amp;+p]:mt-4 [&amp;_strong:has(+br)]:inline-block [&amp;_strong:has(+br)]:pb-2\"><strong>F\u0151 tulajdons\u00e1gok:<\/strong><\/p>\n<ul class=\"marker:text-quiet list-disc\">\n<li class=\"py-0 my-0 prose-p:pt-0 prose-p:mb-2 prose-p:my-0 [&amp;&gt;p]:pt-0 [&amp;&gt;p]:mb-2 [&amp;&gt;p]:my-0\">\n<p class=\"my-2 [&amp;+p]:mt-4 [&amp;_strong:has(+br)]:inline-block [&amp;_strong:has(+br)]:pb-2\"><strong>MDP S\u00f3<\/strong>\u00a0fel\u00fcletakt\u00edv tulajdons\u00e1ga r\u00e9v\u00e9n hat\u00e9konyan elt\u00e1vol\u00edtja a szennyez\u0151d\u00e9seket, helyre\u00e1ll\u00edtja az optim\u00e1lis k\u00f6t\u00e9sszil\u00e1rds\u00e1got a ragaszt\u00e1s el\u0151tt.\u200b<\/p>\n<\/li>\n<li class=\"py-0 my-0 prose-p:pt-0 prose-p:mb-2 prose-p:my-0 [&amp;&gt;p]:pt-0 [&amp;&gt;p]:mb-2 [&amp;&gt;p]:my-0\">\n<p class=\"my-2 [&amp;+p]:mt-4 [&amp;_strong:has(+br)]:inline-block [&amp;_strong:has(+br)]:pb-2\">Egyed\u00fcl\u00e1ll\u00f3an\u00a0<strong>gyenge savas pH (4,5)<\/strong>\u00a0\u00e9rt\u00e9k\u00e9nek k\u00f6sz\u00f6nhet\u0151en nem csak extraor\u00e1lisan, hanem k\u00f6zvetlen\u00fcl a sz\u00e1jban (intraor\u00e1lisan) is biztons\u00e1ggal haszn\u00e1lhat\u00f3.\u200b<\/p>\n<\/li>\n<li class=\"py-0 my-0 prose-p:pt-0 prose-p:mb-2 prose-p:my-0 [&amp;&gt;p]:pt-0 [&amp;&gt;p]:mb-2 [&amp;&gt;p]:my-0\">\n<p class=\"my-2 [&amp;+p]:mt-4 [&amp;_strong:has(+br)]:inline-block [&amp;_strong:has(+br)]:pb-2\">Alkalmas szilik\u00e1t- \u00e9s cirk\u00f3nium alap\u00fa ker\u00e1mi\u00e1k, kompozitok, f\u00e9m restaur\u00e1ci\u00f3k, \u00fcvegsz\u00e1las \u00e9s f\u00e9m posztok, illetve saj\u00e1t fogfelsz\u00edn (zom\u00e1nc, dentin, implant\u00e1tum abutment) tiszt\u00edt\u00e1s\u00e1ra is.\u200b<\/p>\n<\/li>\n<\/ul>\n","protected":false},"excerpt":{"rendered":"<p>Ragaszt\u00e1s, bondoz\u00e1s el\u0151tti fel\u00fclettiszt\u00edt\u00f3 szer.<\/p>\n<p>A KATANA\u2122 Cleaner magas tiszt\u00edt\u00f3hat\u00e1ssal rendelkezik az MDP S\u00f3 fel\u00fcletakt\u00edv tulajdons\u00e1g\u00e1nak k\u00f6sz\u00f6nhet\u0151en. M\u00e1s tiszt\u00edt\u00f3szerekkel ellent\u00e9tben a KATANA\u2122 Cleaner pH-\u00e9rt\u00e9ke 4,5, ami nemcsak extraor\u00e1lisan, hanem intraor\u00e1lisan is lehet\u0151v\u00e9 teszi haszn\u00e1lat\u00e1t. K\u00f6nnyen visszanyerhet\u0151 vele a ragaszt\u00e1shoz sz\u00fcks\u00e9ges eredeti k\u00f6t\u00e9si er\u0151.<\/p>\n<p>Kiszerel\u00e9s: 4 ml<\/p>\n","protected":false},"featured_media":10820,"comment_status":"open","ping_status":"closed","template":"","meta":{"inline_featured_image":false},"product_brand":[154],"product_cat":[271,274,215],"product_tag":[],"class_list":{"0":"post-10819","1":"product","2":"type-product","3":"status-publish","4":"has-post-thumbnail","6":"product_brand-kuraray","7":"product_cat-fogpotlas","8":"product_cat-kiegeszitok-ragasztashoz","9":"product_cat-kiegeszitok","11":"first","12":"instock","13":"taxable","14":"shipping-taxable","15":"purchasable","16":"product-type-simple"},"_links":{"self":[{"href":"https:\/\/prodental.hu\/shop\/wp-json\/wp\/v2\/product\/10819","targetHints":{"allow":["GET"]}}],"collection":[{"href":"https:\/\/prodental.hu\/shop\/wp-json\/wp\/v2\/product"}],"about":[{"href":"https:\/\/prodental.hu\/shop\/wp-json\/wp\/v2\/types\/product"}],"replies":[{"embeddable":true,"href":"https:\/\/prodental.hu\/shop\/wp-json\/wp\/v2\/comments?post=10819"}],"wp:featuredmedia":[{"embeddable":true,"href":"https:\/\/prodental.hu\/shop\/wp-json\/wp\/v2\/media\/10820"}],"wp:attachment":[{"href":"https:\/\/prodental.hu\/shop\/wp-json\/wp\/v2\/media?parent=10819"}],"wp:term":[{"taxonomy":"product_brand","embeddable":true,"href":"https:\/\/prodental.hu\/shop\/wp-json\/wp\/v2\/product_brand?post=10819"},{"taxonomy":"product_cat","embeddable":true,"href":"https:\/\/prodental.hu\/shop\/wp-json\/wp\/v2\/product_cat?post=10819"},{"taxonomy":"product_tag","embeddable":true,"href":"https:\/\/prodental.hu\/shop\/wp-json\/wp\/v2\/product_tag?post=10819"}],"curies":[{"name":"wp","href":"https:\/\/api.w.org\/{rel}","templated":true}]}}