{"id":10816,"date":"2025-10-12T17:03:02","date_gmt":"2025-10-12T17:03:02","guid":{"rendered":"https:\/\/prodental.hu\/shop\/?post_type=product&#038;p=10816"},"modified":"2025-11-07T12:13:45","modified_gmt":"2025-11-07T12:13:45","slug":"caries-detector","status":"publish","type":"product","link":"https:\/\/prodental.hu\/shop\/product\/caries-detector\/","title":{"rendered":"CARIES DETECTOR"},"content":{"rendered":"<p class=\"my-2 [&amp;+p]:mt-4 [&amp;_strong:has(+br)]:inline-block [&amp;_strong:has(+br)]:pb-2\">A CARIES DETECTOR hivatalos Kuraray le\u00edr\u00e1sa szerint egy kiv\u00e1l\u00f3 fog\u00e1szati k\u00e1riesz-diszkl\u00f3z\u0151 (sz\u00ednez\u0151) szer, amely a szuvas fog kem\u00e9nysz\u00f6vet\u00e9nek hat\u00e9kony elt\u00e1vol\u00edt\u00e1s\u00e1t seg\u00edti el\u0151, mik\u00f6zben meg\u0151rzi a megmenthet\u0151, remineraliz\u00e1lhat\u00f3 dentint \u00e9s biztos\u00edtja a pulpa vitalit\u00e1s\u00e1t.\u200b<\/p>\n<p class=\"my-2 [&amp;+p]:mt-4 [&amp;_strong:has(+br)]:inline-block [&amp;_strong:has(+br)]:pb-2\"><strong>F\u0151 tulajdons\u00e1gok:<\/strong><\/p>\n<ul class=\"marker:text-quiet list-disc\">\n<li class=\"py-0 my-0 prose-p:pt-0 prose-p:mb-2 prose-p:my-0 [&amp;&gt;p]:pt-0 [&amp;&gt;p]:mb-2 [&amp;&gt;p]:my-0\">\n<p class=\"my-2 [&amp;+p]:mt-4 [&amp;_strong:has(+br)]:inline-block [&amp;_strong:has(+br)]:pb-2\">Csak az irreverzibilisen beteg, decalcifik\u00e1lt \u00e9s fert\u0151z\u00f6tt k\u00fcls\u0151 dentinr\u00e9teget festi \u00e9l\u00e9nk pirosra, \u00edgy c\u00e9lzottan \u00e9s optim\u00e1lisan lehet elt\u00e1vol\u00edtani a k\u00e1rieszben \u00e9rintett sz\u00f6vetet.\u200b<\/p>\n<\/li>\n<li class=\"py-0 my-0 prose-p:pt-0 prose-p:mb-2 prose-p:my-0 [&amp;&gt;p]:pt-0 [&amp;&gt;p]:mb-2 [&amp;&gt;p]:my-0\">\n<p class=\"my-2 [&amp;+p]:mt-4 [&amp;_strong:has(+br)]:inline-block [&amp;_strong:has(+br)]:pb-2\">Nem sz\u00ednezi a remineraliz\u00e1lhat\u00f3, eg\u00e9szs\u00e9ges dentint.\u200b<\/p>\n<\/li>\n<li class=\"py-0 my-0 prose-p:pt-0 prose-p:mb-2 prose-p:my-0 [&amp;&gt;p]:pt-0 [&amp;&gt;p]:mb-2 [&amp;&gt;p]:my-0\">\n<p class=\"my-2 [&amp;+p]:mt-4 [&amp;_strong:has(+br)]:inline-block [&amp;_strong:has(+br)]:pb-2\">Seg\u00edt minimaliz\u00e1lni az eg\u00e9szs\u00e9ges fogsz\u00f6vet elt\u00e1vol\u00edt\u00e1s\u00e1t, v\u00e9di a pulpa vitalit\u00e1s\u00e1t, maximaliz\u00e1lja a fogmeg\u0151rz\u00e9st.\u200b<\/p>\n<\/li>\n<li class=\"py-0 my-0 prose-p:pt-0 prose-p:mb-2 prose-p:my-0 [&amp;&gt;p]:pt-0 [&amp;&gt;p]:mb-2 [&amp;&gt;p]:my-0\">\n<p class=\"my-2 [&amp;+p]:mt-4 [&amp;_strong:has(+br)]:inline-block [&amp;_strong:has(+br)]:pb-2\">Gyors, egyszer\u0171 alkalmaz\u00e1s, nincs mell\u00e9khat\u00e1s, kisz\u00e1m\u00edthat\u00f3 eredm\u00e9ny.\u200b<\/p>\n<\/li>\n<li class=\"py-0 my-0 prose-p:pt-0 prose-p:mb-2 prose-p:my-0 [&amp;&gt;p]:pt-0 [&amp;&gt;p]:mb-2 [&amp;&gt;p]:my-0\">\n<p class=\"my-2 [&amp;+p]:mt-4 [&amp;_strong:has(+br)]:inline-block [&amp;_strong:has(+br)]:pb-2\">Jellemz\u0151en 6 ml-es fiol\u00e1ban ker\u00fcl forgalomba.<\/p>\n<\/li>\n<\/ul>\n","protected":false},"excerpt":{"rendered":"<p>A CARRIES DETECTOR kiv\u00e1l\u00f3 eszk\u00f6z a fogszuvasod\u00e1s kimutat\u00e1s\u00e1ra, \u00e9s nagy szerepet j\u00e1tszik a fogak meg\u0151rz\u00e9s\u00e9ben \u00e9s v\u00e9delm\u00e9ben. T\u00e1mogat\u00e1st ny\u00fajt a fogszuvasod\u00e1s \u00e1ltal \u00e9rintett fog demineraliz\u00e1lt k\u00fcls\u0151 kem\u00e9ny szerkezet\u00e9nek felt\u00e1r\u00e1s\u00e1hoz, lehet\u0151v\u00e9 t\u00e9ve a fogszuvasod\u00e1s min\u00e9l teljesebb elt\u00e1vol\u00edt\u00e1s\u00e1t.<\/p>\n<p>Kiszerel\u00e9s: 6ml<\/p>\n","protected":false},"featured_media":10918,"comment_status":"open","ping_status":"closed","template":"","meta":{"inline_featured_image":false},"product_brand":[154],"product_cat":[264,263,215],"product_tag":[],"class_list":{"0":"post-10816","1":"product","2":"type-product","3":"status-publish","4":"has-post-thumbnail","6":"product_brand-kuraray","7":"product_cat-kiegeszitok-tomeshez","8":"product_cat-tomeskeszites","9":"product_cat-kiegeszitok","11":"first","12":"instock","13":"taxable","14":"shipping-taxable","15":"purchasable","16":"product-type-simple"},"_links":{"self":[{"href":"https:\/\/prodental.hu\/shop\/wp-json\/wp\/v2\/product\/10816","targetHints":{"allow":["GET"]}}],"collection":[{"href":"https:\/\/prodental.hu\/shop\/wp-json\/wp\/v2\/product"}],"about":[{"href":"https:\/\/prodental.hu\/shop\/wp-json\/wp\/v2\/types\/product"}],"replies":[{"embeddable":true,"href":"https:\/\/prodental.hu\/shop\/wp-json\/wp\/v2\/comments?post=10816"}],"wp:featuredmedia":[{"embeddable":true,"href":"https:\/\/prodental.hu\/shop\/wp-json\/wp\/v2\/media\/10918"}],"wp:attachment":[{"href":"https:\/\/prodental.hu\/shop\/wp-json\/wp\/v2\/media?parent=10816"}],"wp:term":[{"taxonomy":"product_brand","embeddable":true,"href":"https:\/\/prodental.hu\/shop\/wp-json\/wp\/v2\/product_brand?post=10816"},{"taxonomy":"product_cat","embeddable":true,"href":"https:\/\/prodental.hu\/shop\/wp-json\/wp\/v2\/product_cat?post=10816"},{"taxonomy":"product_tag","embeddable":true,"href":"https:\/\/prodental.hu\/shop\/wp-json\/wp\/v2\/product_tag?post=10816"}],"curies":[{"name":"wp","href":"https:\/\/api.w.org\/{rel}","templated":true}]}}