{"id":10814,"date":"2025-10-12T16:59:19","date_gmt":"2025-10-12T16:59:19","guid":{"rendered":"https:\/\/prodental.hu\/shop\/?post_type=product&#038;p=10814"},"modified":"2025-11-09T15:34:49","modified_gmt":"2025-11-09T15:34:49","slug":"k-etchant-gel-6ml","status":"publish","type":"product","link":"https:\/\/prodental.hu\/shop\/product\/k-etchant-gel-6ml\/","title":{"rendered":"K-Etchant Gel (6ml)"},"content":{"rendered":"<p class=\"my-2 [&amp;+p]:mt-4 [&amp;_strong:has(+br)]:inline-block [&amp;_strong:has(+br)]:pb-2\">A K-ETCHANT GEL (6ml) egy tixotr\u00f3p savaz\u00f3 g\u00e9l, amely 40% foszforsavat tartalmaz, \u00e9s f\u0151k\u00e9nt fogzom\u00e1nc \u00e9s dentin, valamint ker\u00e1mia, hibrid ker\u00e1mia \u00e9s polimeriz\u00e1lt kompozit (gyanta) restaur\u00e1ci\u00f3k el\u0151k\u00e9sz\u00edt\u00e9s\u00e9re szolg\u00e1l.\u200b<\/p>\n<p class=\"my-2 [&amp;+p]:mt-4 [&amp;_strong:has(+br)]:inline-block [&amp;_strong:has(+br)]:pb-2\"><strong>F\u0151 tulajdons\u00e1gok:<\/strong><\/p>\n<ul class=\"marker:text-quiet list-disc\">\n<li class=\"py-0 my-0 prose-p:pt-0 prose-p:mb-2 prose-p:my-0 [&amp;&gt;p]:pt-0 [&amp;&gt;p]:mb-2 [&amp;&gt;p]:my-0\">\n<p class=\"my-2 [&amp;+p]:mt-4 [&amp;_strong:has(+br)]:inline-block [&amp;_strong:has(+br)]:pb-2\">Tixotr\u00f3p tulajdons\u00e1g: r\u00e1z\u00e1sra cseppfoly\u00f3sodik, \u00edgy k\u00f6nny\u0171 az adagol\u00e1sa. L\u00e9gk\u00f6ri oxig\u00e9nnel \u00e9rintkezve visszazsel\u00e9sedik, ami biztos\u00edtja, hogy csak a k\u00edv\u00e1nt ter\u00fclet legyen savazva.\u200b<\/p>\n<\/li>\n<li class=\"py-0 my-0 prose-p:pt-0 prose-p:mb-2 prose-p:my-0 [&amp;&gt;p]:pt-0 [&amp;&gt;p]:mb-2 [&amp;&gt;p]:my-0\">\n<p class=\"my-2 [&amp;+p]:mt-4 [&amp;_strong:has(+br)]:inline-block [&amp;_strong:has(+br)]:pb-2\">40% foszforsavat tartalmaz, ez ide\u00e1lis zom\u00e1nc \u00e9s dentin savaz\u00e1s\u00e1hoz, valamint ker\u00e1mia-, hibridker\u00e1mia- \u00e9s kompozit restaur\u00e1ci\u00f3k tiszt\u00edt\u00e1s\u00e1ra \u00e9s el\u0151k\u00e9sz\u00edt\u00e9s\u00e9re.\u200b<\/p>\n<\/li>\n<li class=\"py-0 my-0 prose-p:pt-0 prose-p:mb-2 prose-p:my-0 [&amp;&gt;p]:pt-0 [&amp;&gt;p]:mb-2 [&amp;&gt;p]:my-0\">\n<p class=\"my-2 [&amp;+p]:mt-4 [&amp;_strong:has(+br)]:inline-block [&amp;_strong:has(+br)]:pb-2\">K\u00f6nnyen kontroll\u00e1lhat\u00f3, nem folyik el a prepar\u00e1ci\u00f3b\u00f3l, prec\u00edz felvitelre alkalmas.\u200b<\/p>\n<\/li>\n<li class=\"py-0 my-0 prose-p:pt-0 prose-p:mb-2 prose-p:my-0 [&amp;&gt;p]:pt-0 [&amp;&gt;p]:mb-2 [&amp;&gt;p]:my-0\">\n<p class=\"my-2 [&amp;+p]:mt-4 [&amp;_strong:has(+br)]:inline-block [&amp;_strong:has(+br)]:pb-2\">Kiszerel\u00e9s: 6 ml-es \u201ceasy squeeze\u201d flakonban \u00e9rhet\u0151 el.\u200b<\/p>\n<\/li>\n<li class=\"py-0 my-0 prose-p:pt-0 prose-p:mb-2 prose-p:my-0 [&amp;&gt;p]:pt-0 [&amp;&gt;p]:mb-2 [&amp;&gt;p]:my-0\">\n<p class=\"my-2 [&amp;+p]:mt-4 [&amp;_strong:has(+br)]:inline-block [&amp;_strong:has(+br)]:pb-2\">Klinikailag egy cseppet kiadagolva kis ecsettel kell a prepar\u00e1lt felsz\u00ednre vinni, majd 30\u201360 m\u00e1sodperc ut\u00e1n le\u00f6bl\u00edteni \u00e9s sz\u00e1r\u00edtani; a k\u00e9sz fel\u00fclet azonnal ragaszthat\u00f3.\u200b<\/p>\n<\/li>\n<\/ul>\n<p class=\"my-2 [&amp;+p]:mt-4 [&amp;_strong:has(+br)]:inline-block [&amp;_strong:has(+br)]:pb-2\"><strong>Felhaszn\u00e1l\u00e1s:<\/strong><\/p>\n<ul class=\"marker:text-quiet list-disc\">\n<li class=\"py-0 my-0 prose-p:pt-0 prose-p:mb-2 prose-p:my-0 [&amp;&gt;p]:pt-0 [&amp;&gt;p]:mb-2 [&amp;&gt;p]:my-0\">\n<p class=\"my-2 [&amp;+p]:mt-4 [&amp;_strong:has(+br)]:inline-block [&amp;_strong:has(+br)]:pb-2\">Zom\u00e1nc \u00e9s dentin savaz\u00e1sa adhez\u00edv restaur\u00e1ci\u00f3khoz.<\/p>\n<\/li>\n<li class=\"py-0 my-0 prose-p:pt-0 prose-p:mb-2 prose-p:my-0 [&amp;&gt;p]:pt-0 [&amp;&gt;p]:mb-2 [&amp;&gt;p]:my-0\">\n<p class=\"my-2 [&amp;+p]:mt-4 [&amp;_strong:has(+br)]:inline-block [&amp;_strong:has(+br)]:pb-2\">Ker\u00e1mia, hibrid ker\u00e1mia, kompozit- \u00e9s f\u00e9mrestaur\u00e1ci\u00f3k tiszt\u00edt\u00e1sa, el\u0151k\u00e9sz\u00edt\u00e9se ragaszt\u00e1shoz vagy jav\u00edt\u00e1shoz.\u200b<\/p>\n<\/li>\n<li class=\"py-0 my-0 prose-p:pt-0 prose-p:mb-2 prose-p:my-0 [&amp;&gt;p]:pt-0 [&amp;&gt;p]:mb-2 [&amp;&gt;p]:my-0\">\n<p class=\"my-2 [&amp;+p]:mt-4 [&amp;_strong:has(+br)]:inline-block [&amp;_strong:has(+br)]:pb-2\">Oldalfali ragad\u00e1shoz, ahol a kontroll\u00e1lt felvitel fontos.<\/p>\n<\/li>\n<\/ul>\n<p class=\"my-2 [&amp;+p]:mt-4 [&amp;_strong:has(+br)]:inline-block [&amp;_strong:has(+br)]:pb-2\">A K-ETCHANT GEL egyszer\u0171, biztons\u00e1gos \u00e9s prec\u00edz megold\u00e1s minden olyan klinikai helyzetre, ahol foszforsavas savaz\u00f3 kezel\u00e9s sz\u00fcks\u00e9ges.A K-ETCHANT GEL (6 ml) a Kuraray hivatalos le\u00edr\u00e1sa szerint egy tixotr\u00f3p foszforsavas savaz\u00f3 g\u00e9l, amelyet zom\u00e1nc \u00e9s dentin, valamint ker\u00e1mia, hibrid ker\u00e1mia \u00e9s polimeriz\u00e1lt kompozit restaur\u00e1ci\u00f3k el\u0151k\u00e9sz\u00edt\u00e9s\u00e9re haszn\u00e1lnak. 40% foszforsavat tartalmaz, \u00e9s k\u00fcl\u00f6nlegess\u00e9ge a tixotr\u00f3p tulajdons\u00e1ga: r\u00e1z\u00e1skor foly\u00e9konny\u00e1 v\u00e1lik, \u00edgy k\u00f6nnyebben adagolhat\u00f3, majd leveg\u0151vel \u00e9rintkezve visszazsel\u00e9sedik, \u00edgy biztos\u00edtja, hogy csak a kezelt ter\u00fclet legyen savazva. Prec\u00edz felvitelt \u00e9s k\u00f6nny\u0171 le\u00f6bl\u00edt\u00e9st tesz lehet\u0151v\u00e9, nem folyik el a prepar\u00e1ci\u00f3b\u00f3l.\u200b<\/p>\n<p class=\"my-2 [&amp;+p]:mt-4 [&amp;_strong:has(+br)]:inline-block [&amp;_strong:has(+br)]:pb-2\"><strong>F\u0151 felhaszn\u00e1l\u00e1si ter\u00fcletek:<\/strong><\/p>\n<ul class=\"marker:text-quiet list-disc\">\n<li class=\"py-0 my-0 prose-p:pt-0 prose-p:mb-2 prose-p:my-0 [&amp;&gt;p]:pt-0 [&amp;&gt;p]:mb-2 [&amp;&gt;p]:my-0\">\n<p class=\"my-2 [&amp;+p]:mt-4 [&amp;_strong:has(+br)]:inline-block [&amp;_strong:has(+br)]:pb-2\">Zom\u00e1nc \u00e9s dentin savaz\u00e1sa adhez\u00edv restaur\u00e1ci\u00f3khoz<\/p>\n<\/li>\n<li class=\"py-0 my-0 prose-p:pt-0 prose-p:mb-2 prose-p:my-0 [&amp;&gt;p]:pt-0 [&amp;&gt;p]:mb-2 [&amp;&gt;p]:my-0\">\n<p class=\"my-2 [&amp;+p]:mt-4 [&amp;_strong:has(+br)]:inline-block [&amp;_strong:has(+br)]:pb-2\">Ker\u00e1mia, hibrid ker\u00e1mia, \u00e9s kompozit fel\u00fcletek el\u0151k\u00e9sz\u00edt\u00e9se ragaszt\u00e1shoz vagy jav\u00edt\u00e1shoz<\/p>\n<\/li>\n<li class=\"py-0 my-0 prose-p:pt-0 prose-p:mb-2 prose-p:my-0 [&amp;&gt;p]:pt-0 [&amp;&gt;p]:mb-2 [&amp;&gt;p]:my-0\">\n<p class=\"my-2 [&amp;+p]:mt-4 [&amp;_strong:has(+br)]:inline-block [&amp;_strong:has(+br)]:pb-2\">Kompatibilis a Clearfil ragaszt\u00f3rendszerekkel, pl. Universal Bond Quick, SE Bond stb.<\/p>\n<\/li>\n<\/ul>\n","protected":false},"excerpt":{"rendered":"<p class=\"my-2 [&amp;+p]:mt-4 [&amp;_strong:has(+br)]:inline-block [&amp;_strong:has(+br)]:pb-2\">A K-ETCHANT GEL egy tixotr\u00f3p savaz\u00f3 g\u00e9l, amely 40% foszforsavat tartalmaz, \u00e9s f\u0151k\u00e9nt fogzom\u00e1nc \u00e9s dentin, valamint ker\u00e1mia, hibrid ker\u00e1mia \u00e9s polimeriz\u00e1lt kompozit (gyanta) restaur\u00e1ci\u00f3k el\u0151k\u00e9sz\u00edt\u00e9s\u00e9re szolg\u00e1l.\u200b<\/p>\n<p>Kiszerel\u00e9s: 6 ml<\/p>\n","protected":false},"featured_media":10815,"comment_status":"open","ping_status":"closed","template":"","meta":{"inline_featured_image":false},"product_brand":[154],"product_cat":[271,274,263,215,114],"product_tag":[],"class_list":{"0":"post-10814","1":"product","2":"type-product","3":"status-publish","4":"has-post-thumbnail","6":"product_brand-kuraray","7":"product_cat-fogpotlas","8":"product_cat-kiegeszitok-ragasztashoz","9":"product_cat-tomeskeszites","10":"product_cat-kiegeszitok","11":"product_cat-savak","13":"first","14":"instock","15":"taxable","16":"shipping-taxable","17":"purchasable","18":"product-type-simple"},"_links":{"self":[{"href":"https:\/\/prodental.hu\/shop\/wp-json\/wp\/v2\/product\/10814","targetHints":{"allow":["GET"]}}],"collection":[{"href":"https:\/\/prodental.hu\/shop\/wp-json\/wp\/v2\/product"}],"about":[{"href":"https:\/\/prodental.hu\/shop\/wp-json\/wp\/v2\/types\/product"}],"replies":[{"embeddable":true,"href":"https:\/\/prodental.hu\/shop\/wp-json\/wp\/v2\/comments?post=10814"}],"wp:featuredmedia":[{"embeddable":true,"href":"https:\/\/prodental.hu\/shop\/wp-json\/wp\/v2\/media\/10815"}],"wp:attachment":[{"href":"https:\/\/prodental.hu\/shop\/wp-json\/wp\/v2\/media?parent=10814"}],"wp:term":[{"taxonomy":"product_brand","embeddable":true,"href":"https:\/\/prodental.hu\/shop\/wp-json\/wp\/v2\/product_brand?post=10814"},{"taxonomy":"product_cat","embeddable":true,"href":"https:\/\/prodental.hu\/shop\/wp-json\/wp\/v2\/product_cat?post=10814"},{"taxonomy":"product_tag","embeddable":true,"href":"https:\/\/prodental.hu\/shop\/wp-json\/wp\/v2\/product_tag?post=10814"}],"curies":[{"name":"wp","href":"https:\/\/api.w.org\/{rel}","templated":true}]}}