{"id":10810,"date":"2025-10-12T16:54:06","date_gmt":"2025-10-12T16:54:06","guid":{"rendered":"https:\/\/prodental.hu\/shop\/?post_type=product&#038;p=10810"},"modified":"2025-11-07T12:21:09","modified_gmt":"2025-11-07T12:21:09","slug":"clearfil-ceramic-primer-plus","status":"publish","type":"product","link":"https:\/\/prodental.hu\/shop\/product\/clearfil-ceramic-primer-plus\/","title":{"rendered":"CLEARFIL CERAMIC PRIMER PLUS"},"content":{"rendered":"<p class=\"my-2 [&amp;+p]:mt-4 [&amp;_strong:has(+br)]:inline-block [&amp;_strong:has(+br)]:pb-2\">A CLEARFIL CERAMIC PRIMER PLUS a Kuraray hivatalos le\u00edr\u00e1sa szerint univerz\u00e1lis, egykomponens\u0171 ragaszt\u00f3primer, amelyet minden cement\u00e1l\u00e1s \u00e9s jav\u00edt\u00e1s el\u0151k\u00e9sz\u00edt\u0151 folyamat\u00e1hoz aj\u00e1nlanak \u2013 \u00fcvegker\u00e1mi\u00e1hoz, cirk\u00f3niumhoz, kompozithoz, hibrid ker\u00e1mi\u00e1hoz, valamint f\u00e9mekhez is haszn\u00e1lhat\u00f3.\u200b<\/p>\n<p class=\"my-2 [&amp;+p]:mt-4 [&amp;_strong:has(+br)]:inline-block [&amp;_strong:has(+br)]:pb-2\"><strong>F\u0151 tulajdons\u00e1gai:<\/strong><\/p>\n<ul class=\"marker:text-quiet list-disc\">\n<li class=\"py-0 my-0 prose-p:pt-0 prose-p:mb-2 prose-p:my-0 [&amp;&gt;p]:pt-0 [&amp;&gt;p]:mb-2 [&amp;&gt;p]:my-0\">\n<p class=\"my-2 [&amp;+p]:mt-4 [&amp;_strong:has(+br)]:inline-block [&amp;_strong:has(+br)]:pb-2\">Egyetlen \u00fcvegb\u0151l, kever\u00e9s n\u00e9lk\u00fcl alkalmazhat\u00f3 (\u201cjust apply and dry\u201d) \u2013 azonnal hat, nem kell v\u00e1rakozni.\u200b<\/p>\n<\/li>\n<li class=\"py-0 my-0 prose-p:pt-0 prose-p:mb-2 prose-p:my-0 [&amp;&gt;p]:pt-0 [&amp;&gt;p]:mb-2 [&amp;&gt;p]:my-0\">\n<p class=\"my-2 [&amp;+p]:mt-4 [&amp;_strong:has(+br)]:inline-block [&amp;_strong:has(+br)]:pb-2\">Tartalmazza a Kuraray MDP monomer\u00e9t, amely er\u0151sen k\u00f6t\u0151dik f\u00e9mekhez \u00e9s cirk\u00f3niumhoz, valamint egy szil\u00e1n monomert (MPS), amely az \u00fcvegker\u00e1mi\u00e1khoz \u00e9s kompozitokhoz teremt er\u0151s kapcsolatot.\u200b<\/p>\n<\/li>\n<li class=\"py-0 my-0 prose-p:pt-0 prose-p:mb-2 prose-p:my-0 [&amp;&gt;p]:pt-0 [&amp;&gt;p]:mb-2 [&amp;&gt;p]:my-0\">\n<p class=\"my-2 [&amp;+p]:mt-4 [&amp;_strong:has(+br)]:inline-block [&amp;_strong:has(+br)]:pb-2\">HF sav alkalmaz\u00e1sa nem sz\u00fcks\u00e9ges, de ha a laborban el\u0151kezeltek HF-fel, akkor alkalmazhat\u00f3 a K-ETCHANT tiszt\u00edt\u00e1s ut\u00e1n is.\u200b<\/p>\n<\/li>\n<li class=\"py-0 my-0 prose-p:pt-0 prose-p:mb-2 prose-p:my-0 [&amp;&gt;p]:pt-0 [&amp;&gt;p]:mb-2 [&amp;&gt;p]:my-0\">\n<p class=\"my-2 [&amp;+p]:mt-4 [&amp;_strong:has(+br)]:inline-block [&amp;_strong:has(+br)]:pb-2\">Kiemelten stabil, 3 \u00e9ves lej\u00e1rati id\u0151vel, v\u00edzmentes formul\u00e1val rendelkezik, amely garant\u00e1lja a hossz\u00fa t\u00e1v\u00fa tapad\u00f3k\u00e9pess\u00e9get.\u200b<\/p>\n<\/li>\n<li class=\"py-0 my-0 prose-p:pt-0 prose-p:mb-2 prose-p:my-0 [&amp;&gt;p]:pt-0 [&amp;&gt;p]:mb-2 [&amp;&gt;p]:my-0\">\n<p class=\"my-2 [&amp;+p]:mt-4 [&amp;_strong:has(+br)]:inline-block [&amp;_strong:has(+br)]:pb-2\">Minden t\u00edpus\u00fa indirekt restaur\u00e1ci\u00f3hoz, jav\u00edt\u00e1shoz \u00e9s cement\u00e1l\u00e1si protokollhoz alkalmas: porcel\u00e1n, cirk\u00f3nium, l\u00edtium-diszilik\u00e1t, f\u00e9m (implant\u00e1tum fejek, keretek), kompozit, \u00fcvegsz\u00e1las posztok.\u200b<\/p>\n<\/li>\n<\/ul>\n<p class=\"my-2 [&amp;+p]:mt-4 [&amp;_strong:has(+br)]:inline-block [&amp;_strong:has(+br)]:pb-2\"><strong>Felhaszn\u00e1l\u00e1s:<\/strong><\/p>\n<ul class=\"marker:text-quiet list-disc\">\n<li class=\"py-0 my-0 prose-p:pt-0 prose-p:mb-2 prose-p:my-0 [&amp;&gt;p]:pt-0 [&amp;&gt;p]:mb-2 [&amp;&gt;p]:my-0\">\n<p class=\"my-2 [&amp;+p]:mt-4 [&amp;_strong:has(+br)]:inline-block [&amp;_strong:has(+br)]:pb-2\">Alkalmazhat\u00f3 b\u00e1rmilyen restaur\u00e1ci\u00f3 bels\u0151 felsz\u00edn\u00e9nek el\u0151kezel\u00e9s\u00e9hez; ecsettel felvive, majd leveg\u0151vel sz\u00e1r\u00edtva azonnal hat.\u200b<\/p>\n<\/li>\n<li class=\"py-0 my-0 prose-p:pt-0 prose-p:mb-2 prose-p:my-0 [&amp;&gt;p]:pt-0 [&amp;&gt;p]:mb-2 [&amp;&gt;p]:my-0\">\n<p class=\"my-2 [&amp;+p]:mt-4 [&amp;_strong:has(+br)]:inline-block [&amp;_strong:has(+br)]:pb-2\">R\u00e9sze a PANAVIA V5 cementrendszer hivatalos protokollj\u00e1nak; b\u00e1rmely gyantacementes r\u00f6gz\u00edt\u00e9shez haszn\u00e1lhat\u00f3, egyszer\u0171s\u00edti a folyamatot \u00e9s jelent\u0151sen n\u00f6veli a k\u00f6t\u00e9ser\u0151t.\u200b<\/p>\n<\/li>\n<\/ul>\n<p class=\"my-2 [&amp;+p]:mt-4 [&amp;_strong:has(+br)]:inline-block [&amp;_strong:has(+br)]:pb-2\"><strong>Kiszerel\u00e9s:<\/strong>\u00a04 ml-es flakon, egykomponens\u0171.<\/p>\n","protected":false},"excerpt":{"rendered":"<p>Univerz\u00e1lis primer valamennyi protetikai munk\u00e1hoz ragaszt\u00e1s vagy jav\u00edt\u00e1s el\u0151tt. Az MDP monomer mellett Silan monomert is tartalmaz.<\/p>\n","protected":false},"featured_media":10811,"comment_status":"open","ping_status":"closed","template":"","meta":{"inline_featured_image":false},"product_brand":[154],"product_cat":[126,271,274],"product_tag":[],"class_list":{"0":"post-10810","1":"product","2":"type-product","3":"status-publish","4":"has-post-thumbnail","6":"product_brand-kuraray","7":"product_cat-bondok","8":"product_cat-fogpotlas","9":"product_cat-kiegeszitok-ragasztashoz","11":"first","12":"instock","13":"taxable","14":"shipping-taxable","15":"purchasable","16":"product-type-variable"},"_links":{"self":[{"href":"https:\/\/prodental.hu\/shop\/wp-json\/wp\/v2\/product\/10810","targetHints":{"allow":["GET"]}}],"collection":[{"href":"https:\/\/prodental.hu\/shop\/wp-json\/wp\/v2\/product"}],"about":[{"href":"https:\/\/prodental.hu\/shop\/wp-json\/wp\/v2\/types\/product"}],"replies":[{"embeddable":true,"href":"https:\/\/prodental.hu\/shop\/wp-json\/wp\/v2\/comments?post=10810"}],"wp:featuredmedia":[{"embeddable":true,"href":"https:\/\/prodental.hu\/shop\/wp-json\/wp\/v2\/media\/10811"}],"wp:attachment":[{"href":"https:\/\/prodental.hu\/shop\/wp-json\/wp\/v2\/media?parent=10810"}],"wp:term":[{"taxonomy":"product_brand","embeddable":true,"href":"https:\/\/prodental.hu\/shop\/wp-json\/wp\/v2\/product_brand?post=10810"},{"taxonomy":"product_cat","embeddable":true,"href":"https:\/\/prodental.hu\/shop\/wp-json\/wp\/v2\/product_cat?post=10810"},{"taxonomy":"product_tag","embeddable":true,"href":"https:\/\/prodental.hu\/shop\/wp-json\/wp\/v2\/product_tag?post=10810"}],"curies":[{"name":"wp","href":"https:\/\/api.w.org\/{rel}","templated":true}]}}