{"id":10804,"date":"2025-10-12T16:45:46","date_gmt":"2025-10-12T16:45:46","guid":{"rendered":"https:\/\/prodental.hu\/shop\/?post_type=product&#038;p=10804"},"modified":"2025-11-07T12:24:54","modified_gmt":"2025-11-07T12:24:54","slug":"clearfil-dc-activator","status":"publish","type":"product","link":"https:\/\/prodental.hu\/shop\/product\/clearfil-dc-activator\/","title":{"rendered":"Clearfil DC Activator"},"content":{"rendered":"<p class=\"my-2 [&amp;+p]:mt-4 [&amp;_strong:has(+br)]:inline-block [&amp;_strong:has(+br)]:pb-2\">A Clearfil DC Activator egy univerz\u00e1lis, dual-cure kataliz\u00e1tor, amely a Kuraray hivatalos oldal\u00e1n is el\u00e9rhet\u0151 le\u00edr\u00e1s szerint a CLEARFIL SE BOND 2 \u00e9s CLEARFIL Universal Bond (valamint Universal Bond Quick) ragaszt\u00f3anyagokkal keverve lehet\u0151v\u00e9 teszi azok kett\u0151s k\u00f6t\u00e9s\u00e9t (dual-cure): \u00edgy \u00f6nmetsz\u0151 rendszerekhez indirekt restaur\u00e1ci\u00f3kn\u00e1l, korfel\u00e9p\u00edt\u00e9sekn\u00e9l is haszn\u00e1lhat\u00f3, ahol hagyom\u00e1nyos ragaszt\u00f3k \u00f6nmagukban nem k\u00e9pesek \u00f6nk\u00f6t\u00e9sre.\u200b<\/p>\n<p class=\"my-2 [&amp;+p]:mt-4 [&amp;_strong:has(+br)]:inline-block [&amp;_strong:has(+br)]:pb-2\"><strong>F\u0151 jellemz\u0151k:<\/strong><\/p>\n<ul class=\"marker:text-quiet list-disc\">\n<li class=\"py-0 my-0 prose-p:pt-0 prose-p:mb-2 prose-p:my-0 [&amp;&gt;p]:pt-0 [&amp;&gt;p]:mb-2 [&amp;&gt;p]:my-0\">\n<p class=\"my-2 [&amp;+p]:mt-4 [&amp;_strong:has(+br)]:inline-block [&amp;_strong:has(+br)]:pb-2\">Keverve a fenti ragaszt\u00f3anyagokkal az \u00edgy kapott bond rendszer \u00f6nk\u00f6t\u0151 (self-cure) funkci\u00f3val is rendelkezik, nem csak f\u00e9nyre k\u00f6t.\u200b<\/p>\n<\/li>\n<li class=\"py-0 my-0 prose-p:pt-0 prose-p:mb-2 prose-p:my-0 [&amp;&gt;p]:pt-0 [&amp;&gt;p]:mb-2 [&amp;&gt;p]:my-0\">\n<p class=\"my-2 [&amp;+p]:mt-4 [&amp;_strong:has(+br)]:inline-block [&amp;_strong:has(+br)]:pb-2\">Alacsony filmvastags\u00e1got biztos\u00edt (kb. 3-5 mikron), ami ide\u00e1lis indirekt restaur\u00e1ci\u00f3khoz.\u200b<\/p>\n<\/li>\n<li class=\"py-0 my-0 prose-p:pt-0 prose-p:mb-2 prose-p:my-0 [&amp;&gt;p]:pt-0 [&amp;&gt;p]:mb-2 [&amp;&gt;p]:my-0\">\n<p class=\"my-2 [&amp;+p]:mt-4 [&amp;_strong:has(+br)]:inline-block [&amp;_strong:has(+br)]:pb-2\">Er\u0151s \u00e9s tart\u00f3s \u00f6nk\u00f6t\u00e9s\u0171 ragaszt\u00f3r\u00e9teget ad, egyszer\u0171, univerz\u00e1lis megold\u00e1st biztos\u00edt direkt, indirekt \u00e9s csonkfel\u00e9p\u00edt\u00e9si elj\u00e1r\u00e1sokhoz.\u200b<\/p>\n<\/li>\n<li class=\"py-0 my-0 prose-p:pt-0 prose-p:mb-2 prose-p:my-0 [&amp;&gt;p]:pt-0 [&amp;&gt;p]:mb-2 [&amp;&gt;p]:my-0\">\n<p class=\"my-2 [&amp;+p]:mt-4 [&amp;_strong:has(+br)]:inline-block [&amp;_strong:has(+br)]:pb-2\">\u201cTouch-cure\u201d hat\u00e1s: a ragaszt\u00f3anyag a restaur\u00e1ci\u00f3 illetve core material \u00e9rint\u00e9sekor aktiv\u00e1l\u00f3dik, \u00edgy a k\u00f6t\u00e9s el\u0151sz\u00f6r a fogfelsz\u00ednen indul \u00e9s kiv\u00e1l\u00f3 hossz\u00fa t\u00e1v\u00fa z\u00e1r\u00e1st, er\u0151s kapcsolatot ad.\u200b<\/p>\n<\/li>\n<\/ul>\n<p class=\"my-2 [&amp;+p]:mt-4 [&amp;_strong:has(+br)]:inline-block [&amp;_strong:has(+br)]:pb-2\"><strong>Felhaszn\u00e1l\u00e1s:<\/strong><\/p>\n<ul class=\"marker:text-quiet list-disc\">\n<li class=\"py-0 my-0 prose-p:pt-0 prose-p:mb-2 prose-p:my-0 [&amp;&gt;p]:pt-0 [&amp;&gt;p]:mb-2 [&amp;&gt;p]:my-0\">\n<p class=\"my-2 [&amp;+p]:mt-4 [&amp;_strong:has(+br)]:inline-block [&amp;_strong:has(+br)]:pb-2\">CLEARFIL SE BOND 2, CLEARFIL Universal Bond (Quick) rendszerekkel kell elkeverni (az ar\u00e1ny 1 csepp\/csepp).<\/p>\n<\/li>\n<li class=\"py-0 my-0 prose-p:pt-0 prose-p:mb-2 prose-p:my-0 [&amp;&gt;p]:pt-0 [&amp;&gt;p]:mb-2 [&amp;&gt;p]:my-0\">\n<p class=\"my-2 [&amp;+p]:mt-4 [&amp;_strong:has(+br)]:inline-block [&amp;_strong:has(+br)]:pb-2\">Dual-cure kompozit cementtel, core build-up anyaggal egy\u00fctt alkalmazhat\u00f3.\u200b<\/p>\n<\/li>\n<li class=\"py-0 my-0 prose-p:pt-0 prose-p:mb-2 prose-p:my-0 [&amp;&gt;p]:pt-0 [&amp;&gt;p]:mb-2 [&amp;&gt;p]:my-0\">\n<p class=\"my-2 [&amp;+p]:mt-4 [&amp;_strong:has(+br)]:inline-block [&amp;_strong:has(+br)]:pb-2\">4 ml-es kiszerel\u00e9sben kaphat\u00f3.\u200b<\/p>\n<\/li>\n<\/ul>\n<p class=\"my-2 [&amp;+p]:mt-4 [&amp;_strong:has(+br)]:inline-block [&amp;_strong:has(+br)]:pb-2\">A Clearfil DC Activator haszn\u00e1lata lehet\u0151v\u00e9 teszi, hogy a Kuraray univerz\u00e1lis ragaszt\u00f3anyagai teljesen univerz\u00e1lis k\u00f6t\u0151rendszerr\u00e9 v\u00e1ljanak, egyszer\u0171s\u00edtve az indirekt technik\u00e1kat \u00e9s jav\u00edtva a klinikai eredm\u00e9nyeket.<\/p>\n","protected":false},"excerpt":{"rendered":"<p>A CLEARFIL\u2122 DC a CLEARFIL\u2122 SE BOND 2 \u00e9s a CLEARFIL\u2122 Universal Bond Quick 2 f\u00e9nyrek\u00f6t\u0151 bondok du\u00e1lk\u00f6t\u00e9s\u0171v\u00e9 v\u00e1lnak.<\/p>\n<p>Kiszerel\u00e9s: 4 ml<\/p>\n","protected":false},"featured_media":10805,"comment_status":"open","ping_status":"closed","template":"","meta":{"inline_featured_image":false},"product_brand":[154],"product_cat":[126,263],"product_tag":[],"class_list":{"0":"post-10804","1":"product","2":"type-product","3":"status-publish","4":"has-post-thumbnail","6":"product_brand-kuraray","7":"product_cat-bondok","8":"product_cat-tomeskeszites","10":"first","11":"instock","12":"taxable","13":"shipping-taxable","14":"purchasable","15":"product-type-simple"},"_links":{"self":[{"href":"https:\/\/prodental.hu\/shop\/wp-json\/wp\/v2\/product\/10804","targetHints":{"allow":["GET"]}}],"collection":[{"href":"https:\/\/prodental.hu\/shop\/wp-json\/wp\/v2\/product"}],"about":[{"href":"https:\/\/prodental.hu\/shop\/wp-json\/wp\/v2\/types\/product"}],"replies":[{"embeddable":true,"href":"https:\/\/prodental.hu\/shop\/wp-json\/wp\/v2\/comments?post=10804"}],"wp:featuredmedia":[{"embeddable":true,"href":"https:\/\/prodental.hu\/shop\/wp-json\/wp\/v2\/media\/10805"}],"wp:attachment":[{"href":"https:\/\/prodental.hu\/shop\/wp-json\/wp\/v2\/media?parent=10804"}],"wp:term":[{"taxonomy":"product_brand","embeddable":true,"href":"https:\/\/prodental.hu\/shop\/wp-json\/wp\/v2\/product_brand?post=10804"},{"taxonomy":"product_cat","embeddable":true,"href":"https:\/\/prodental.hu\/shop\/wp-json\/wp\/v2\/product_cat?post=10804"},{"taxonomy":"product_tag","embeddable":true,"href":"https:\/\/prodental.hu\/shop\/wp-json\/wp\/v2\/product_tag?post=10804"}],"curies":[{"name":"wp","href":"https:\/\/api.w.org\/{rel}","templated":true}]}}