{"id":10798,"date":"2025-10-12T16:39:50","date_gmt":"2025-10-12T16:39:50","guid":{"rendered":"https:\/\/prodental.hu\/shop\/?post_type=product&#038;p=10798"},"modified":"2025-11-09T14:44:59","modified_gmt":"2025-11-09T14:44:59","slug":"clearfil-universal-bond-quick-2","status":"publish","type":"product","link":"https:\/\/prodental.hu\/shop\/product\/clearfil-universal-bond-quick-2\/","title":{"rendered":"CLEARFIL Universal Bond Quick 2"},"content":{"rendered":"","protected":false},"excerpt":{"rendered":"<p>A bizony\u00edtottan leger\u0151sebb univerz\u00e1lis bond (58 Mpa)!<\/p>\n<p>Az &#8222;EVERYTHING&#8221; bond!<\/p>\n<p>A CLEARFIL Universal Bond Quick 2 a fog\u00e1szati adhez\u00edv technol\u00f3gia leg\u00fajabb fejleszt\u00e9se, amely egyszer\u0171 \u00e9s hat\u00e9kony megold\u00e1st k\u00edn\u00e1l a fogorvosok sz\u00e1m\u00e1ra. A munkafolyamat jav\u00edt\u00e1s\u00e1ra tervezett ragaszt\u00f3 kiemelked\u0151 teljes\u00edtm\u00e9nyt ny\u00fajt sz\u00e1mos klinikai helyzetben. A szabadalmaztatott Rapid Bond Technol\u00f3gia h\u00e1rom kulcsfontoss\u00e1g\u00fa monomert (MDP, AMIDE, UTMA) \u00f6tv\u00f6zve teszi lehet\u0151v\u00e9 egy rendk\u00edv\u00fcl er\u0151s k\u00f6t\u00e9s kialakul\u00e1s\u00e1t. M\u00e1s bondokkal \u00f6sszehasonl\u00edtva l\u00e9nyegesen gyorsabb \u00e9s prec\u00edzebb munk\u00e1t tesz lehet\u0151v\u00e9. Nem sz\u00fcks\u00e9ges bed\u00f6rzs\u00f6lni, applik\u00e1ci\u00f3 ut\u00e1n megsz\u00e1r\u00edtjuk \u00e9s 5-10 m\u00e1sodpercig vil\u00e1g\u00edtjuk.<\/p>\n","protected":false},"featured_media":11953,"comment_status":"open","ping_status":"closed","template":"","meta":{"inline_featured_image":false},"product_brand":[154],"product_cat":[263,126],"product_tag":[],"class_list":{"0":"post-10798","1":"product","2":"type-product","3":"status-publish","4":"has-post-thumbnail","6":"product_brand-kuraray","7":"product_cat-tomeskeszites","8":"product_cat-bondok","10":"first","11":"instock","12":"taxable","13":"shipping-taxable","14":"purchasable","15":"product-type-variable"},"_links":{"self":[{"href":"https:\/\/prodental.hu\/shop\/wp-json\/wp\/v2\/product\/10798","targetHints":{"allow":["GET"]}}],"collection":[{"href":"https:\/\/prodental.hu\/shop\/wp-json\/wp\/v2\/product"}],"about":[{"href":"https:\/\/prodental.hu\/shop\/wp-json\/wp\/v2\/types\/product"}],"replies":[{"embeddable":true,"href":"https:\/\/prodental.hu\/shop\/wp-json\/wp\/v2\/comments?post=10798"}],"wp:featuredmedia":[{"embeddable":true,"href":"https:\/\/prodental.hu\/shop\/wp-json\/wp\/v2\/media\/11953"}],"wp:attachment":[{"href":"https:\/\/prodental.hu\/shop\/wp-json\/wp\/v2\/media?parent=10798"}],"wp:term":[{"taxonomy":"product_brand","embeddable":true,"href":"https:\/\/prodental.hu\/shop\/wp-json\/wp\/v2\/product_brand?post=10798"},{"taxonomy":"product_cat","embeddable":true,"href":"https:\/\/prodental.hu\/shop\/wp-json\/wp\/v2\/product_cat?post=10798"},{"taxonomy":"product_tag","embeddable":true,"href":"https:\/\/prodental.hu\/shop\/wp-json\/wp\/v2\/product_tag?post=10798"}],"curies":[{"name":"wp","href":"https:\/\/api.w.org\/{rel}","templated":true}]}}