{"id":10796,"date":"2025-10-12T16:30:30","date_gmt":"2025-10-12T16:30:30","guid":{"rendered":"https:\/\/prodental.hu\/shop\/?post_type=product&#038;p=10796"},"modified":"2025-11-09T15:41:35","modified_gmt":"2025-11-09T15:41:35","slug":"k-etchant-syringe","status":"publish","type":"product","link":"https:\/\/prodental.hu\/shop\/product\/k-etchant-syringe\/","title":{"rendered":"K-Etchant Syringe"},"content":{"rendered":"<p class=\"my-2 [&amp;+p]:mt-4 [&amp;_strong:has(+br)]:inline-block [&amp;_strong:has(+br)]:pb-2\">A K-Etchant Syringe egy savaz\u00f3 g\u00e9l, amely 35%-os foszforsavat tartalmaz \u00e9s thixotr\u00f3p tulajdons\u00e1g\u00fa, \u00edgy pontosan \u00e9s kontroll\u00e1ltan lehet alkalmazni. F\u0151 c\u00e9lja a zom\u00e1nc \u00e9s dentin savaz\u00e1sa helyre\u00e1ll\u00edt\u00f3 beavatkoz\u00e1sok el\u0151tt, ugyanakkor alkalmas ker\u00e1mia, hibrid ker\u00e1mia, kompozit, illetve f\u00e9m restaur\u00e1ci\u00f3k tiszt\u00edt\u00e1s\u00e1ra \u00e9s el\u0151kezel\u00e9s\u00e9re is. A zsel\u00e9 k\u00e9k sz\u00edn\u0171, nem folyik el, ott marad, ahov\u00e1 felvissz\u00fck, \u00e9s a sz\u0171k (0,5 mm-es) kan\u00fcllel extr\u00e9m pontoss\u00e1ggal adagolhat\u00f3.\u200b<\/p>\n<p class=\"my-2 [&amp;+p]:mt-4 [&amp;_strong:has(+br)]:inline-block [&amp;_strong:has(+br)]:pb-2\"><strong>F\u0151bb jellemz\u0151k:<\/strong><\/p>\n<ul class=\"marker:text-quiet list-disc\">\n<li class=\"py-0 my-0 prose-p:pt-0 prose-p:mb-2 prose-p:my-0 [&amp;&gt;p]:pt-0 [&amp;&gt;p]:mb-2 [&amp;&gt;p]:my-0\">\n<p class=\"my-2 [&amp;+p]:mt-4 [&amp;_strong:has(+br)]:inline-block [&amp;_strong:has(+br)]:pb-2\">35% foszforsav-tartalom<\/p>\n<\/li>\n<li class=\"py-0 my-0 prose-p:pt-0 prose-p:mb-2 prose-p:my-0 [&amp;&gt;p]:pt-0 [&amp;&gt;p]:mb-2 [&amp;&gt;p]:my-0\">\n<p class=\"my-2 [&amp;+p]:mt-4 [&amp;_strong:has(+br)]:inline-block [&amp;_strong:has(+br)]:pb-2\">K\u00e9k, thixotr\u00f3p g\u00e9l: nem folyik el, prec\u00edzen adagolhat\u00f3<\/p>\n<\/li>\n<li class=\"py-0 my-0 prose-p:pt-0 prose-p:mb-2 prose-p:my-0 [&amp;&gt;p]:pt-0 [&amp;&gt;p]:mb-2 [&amp;&gt;p]:my-0\">\n<p class=\"my-2 [&amp;+p]:mt-4 [&amp;_strong:has(+br)]:inline-block [&amp;_strong:has(+br)]:pb-2\">Savaz\u00e1s zom\u00e1nchoz (f\u0151leg \u00e9p zom\u00e1nc) \u00e9s dentinhez<\/p>\n<\/li>\n<li class=\"py-0 my-0 prose-p:pt-0 prose-p:mb-2 prose-p:my-0 [&amp;&gt;p]:pt-0 [&amp;&gt;p]:mb-2 [&amp;&gt;p]:my-0\">\n<p class=\"my-2 [&amp;+p]:mt-4 [&amp;_strong:has(+br)]:inline-block [&amp;_strong:has(+br)]:pb-2\">Ker\u00e1mia, kompozit, hibrid ker\u00e1mia \u00e9s f\u00e9m restaur\u00e1ci\u00f3k fel\u00fclet\u00e9nek el\u0151kezel\u00e9s\u00e9re, aktiv\u00e1l\u00e1s\u00e1ra, tiszt\u00edt\u00e1s\u00e1ra is haszn\u00e1lhat\u00f3<\/p>\n<\/li>\n<\/ul>\n","protected":false},"excerpt":{"rendered":"<p>A K-Etchant Syringe egy savaz\u00f3 g\u00e9l, amely 35%-os foszforsavat tartalmaz \u00e9s thixotr\u00f3p tulajdons\u00e1g\u00fa, \u00edgy pontosan \u00e9s kontroll\u00e1ltan lehet alkalmazni. F\u0151 c\u00e9lja a zom\u00e1nc \u00e9s dentin savaz\u00e1sa helyre\u00e1ll\u00edt\u00f3 beavatkoz\u00e1sok el\u0151tt, ugyanakkor alkalmas ker\u00e1mia, hibrid ker\u00e1mia, kompozit, illetve f\u00e9m restaur\u00e1ci\u00f3k tiszt\u00edt\u00e1s\u00e1ra \u00e9s el\u0151kezel\u00e9s\u00e9re is. A zsel\u00e9 k\u00e9k sz\u00edn\u0171, nem folyik el, ott marad, ahov\u00e1 felvissz\u00fck, \u00e9s a sz\u0171k (0,5 mm-es) kan\u00fcllel extr\u00e9m pontoss\u00e1ggal adagolhat\u00f3.\u200b<\/p>\n<p>Kiszerel\u00e9s: K-etchant syringe 2&#215;3 ml, 40 db applik\u00e1ci\u00f3s kan\u00fcl<\/p>\n","protected":false},"featured_media":11964,"comment_status":"open","ping_status":"closed","template":"","meta":{"inline_featured_image":false},"product_brand":[154],"product_cat":[263,114],"product_tag":[],"class_list":{"0":"post-10796","1":"product","2":"type-product","3":"status-publish","4":"has-post-thumbnail","6":"product_brand-kuraray","7":"product_cat-tomeskeszites","8":"product_cat-savak","10":"first","11":"instock","12":"taxable","13":"shipping-taxable","14":"purchasable","15":"product-type-simple"},"_links":{"self":[{"href":"https:\/\/prodental.hu\/shop\/wp-json\/wp\/v2\/product\/10796","targetHints":{"allow":["GET"]}}],"collection":[{"href":"https:\/\/prodental.hu\/shop\/wp-json\/wp\/v2\/product"}],"about":[{"href":"https:\/\/prodental.hu\/shop\/wp-json\/wp\/v2\/types\/product"}],"replies":[{"embeddable":true,"href":"https:\/\/prodental.hu\/shop\/wp-json\/wp\/v2\/comments?post=10796"}],"wp:featuredmedia":[{"embeddable":true,"href":"https:\/\/prodental.hu\/shop\/wp-json\/wp\/v2\/media\/11964"}],"wp:attachment":[{"href":"https:\/\/prodental.hu\/shop\/wp-json\/wp\/v2\/media?parent=10796"}],"wp:term":[{"taxonomy":"product_brand","embeddable":true,"href":"https:\/\/prodental.hu\/shop\/wp-json\/wp\/v2\/product_brand?post=10796"},{"taxonomy":"product_cat","embeddable":true,"href":"https:\/\/prodental.hu\/shop\/wp-json\/wp\/v2\/product_cat?post=10796"},{"taxonomy":"product_tag","embeddable":true,"href":"https:\/\/prodental.hu\/shop\/wp-json\/wp\/v2\/product_tag?post=10796"}],"curies":[{"name":"wp","href":"https:\/\/api.w.org\/{rel}","templated":true}]}}