{"id":10779,"date":"2025-10-12T16:06:33","date_gmt":"2025-10-12T16:06:33","guid":{"rendered":"https:\/\/prodental.hu\/shop\/?post_type=product&#038;p=10779"},"modified":"2026-03-16T08:02:46","modified_gmt":"2026-03-16T08:02:46","slug":"clearfil-se-bond-2","status":"publish","type":"product","link":"https:\/\/prodental.hu\/shop\/product\/clearfil-se-bond-2\/","title":{"rendered":"CLEARFIL SE BOND 2"},"content":{"rendered":"","protected":false},"excerpt":{"rendered":"<p>A &#8222;GOLD STANDARD&#8221; bond!<\/p>\n<p class=\"my-2 [&amp;+p]:mt-4 [&amp;_strong:has(+br)]:inline-block [&amp;_strong:has(+br)]:pb-2\">A CLEARFIL SE BOND 2 egy univerz\u00e1lis, k\u00e9tl\u00e9p\u00e9ses, \u00f6nsavaz\u00f3, f\u00e9nyrek\u00f6t\u0151 adhez\u00edv rendszer, amelyet direkt \u00e9s indirekt restaur\u00e1ci\u00f3khoz, csonkfel\u00e9p\u00edt\u00e9shez, \u00e9rz\u00e9keny fogak kezel\u00e9s\u00e9hez \u00e9s intraor\u00e1lis jav\u00edt\u00e1sokhoz fejlesztettek ki.\u200b<\/p>\n<p class=\"my-2 [&amp;+p]:mt-4 [&amp;_strong:has(+br)]:inline-block [&amp;_strong:has(+br)]:pb-2\"><strong>F\u0151bb jellemz\u0151k:<\/strong><\/p>\n<ul class=\"marker:text-quiet list-disc\">\n<li class=\"py-0 my-0 prose-p:pt-0 prose-p:mb-2 prose-p:my-0 [&amp;&gt;p]:pt-0 [&amp;&gt;p]:mb-2 [&amp;&gt;p]:my-0\">\n<p class=\"my-2 [&amp;+p]:mt-4 [&amp;_strong:has(+br)]:inline-block [&amp;_strong:has(+br)]:pb-2\">A rendszer 10-MDP monomeren alapul, amely er\u0151s \u00e9s stabil k\u00f6t\u00e9st biztos\u00edt a dentinhez, minim\u00e1lis posztoperat\u00edv \u00e9rz\u00e9kenys\u00e9ggel.<\/p>\n<\/li>\n<li class=\"py-0 my-0 prose-p:pt-0 prose-p:mb-2 prose-p:my-0 [&amp;&gt;p]:pt-0 [&amp;&gt;p]:mb-2 [&amp;&gt;p]:my-0\">\n<p class=\"my-2 [&amp;+p]:mt-4 [&amp;_strong:has(+br)]:inline-block [&amp;_strong:has(+br)]:pb-2\">Gyors f\u00e9nyinduk\u00e1lt polimeriz\u00e1ci\u00f3 \u00e9s innovat\u00edv katalitikus rendszer a tart\u00f3s peremz\u00e1r\u00e1s \u00e9s t\u00f6m\u00edt\u00e9s \u00e9rdek\u00e9ben.<\/p>\n<\/li>\n<li class=\"py-0 my-0 prose-p:pt-0 prose-p:mb-2 prose-p:my-0 [&amp;&gt;p]:pt-0 [&amp;&gt;p]:mb-2 [&amp;&gt;p]:my-0\">\n<p class=\"my-2 [&amp;+p]:mt-4 [&amp;_strong:has(+br)]:inline-block [&amp;_strong:has(+br)]:pb-2\">CLEARFIL DC Activatorral keverve dualk\u00f6t\u00e9s\u0171 ragaszt\u00e1st tesz lehet\u0151v\u00e9 indirekt p\u00f3tl\u00e1sok, csonkfel\u00e9p\u00edt\u00e9sek cement\u00e1l\u00e1s\u00e1n\u00e1l.<\/p>\n<\/li>\n<li class=\"py-0 my-0 prose-p:pt-0 prose-p:mb-2 prose-p:my-0 [&amp;&gt;p]:pt-0 [&amp;&gt;p]:mb-2 [&amp;&gt;p]:my-0\">\n<p class=\"my-2 [&amp;+p]:mt-4 [&amp;_strong:has(+br)]:inline-block [&amp;_strong:has(+br)]:pb-2\">Nagyon alacsony r\u00e9tegvastags\u00e1g (3-5 \u03bcm), \u00edgy t\u00f6k\u00e9letes illeszked\u00e9st biztos\u00edt a prot\u00e9zisekn\u00e9l.<\/p>\n<\/li>\n<li class=\"py-0 my-0 prose-p:pt-0 prose-p:mb-2 prose-p:my-0 [&amp;&gt;p]:pt-0 [&amp;&gt;p]:mb-2 [&amp;&gt;p]:my-0\">\n<p class=\"my-2 [&amp;+p]:mt-4 [&amp;_strong:has(+br)]:inline-block [&amp;_strong:has(+br)]:pb-2\">K\u00f6zvetlen restaur\u00e1ci\u00f3khoz, indirekt p\u00f3tl\u00e1sokhoz, csonkfel\u00e9p\u00edt\u00e9sekhez, \u00e9rz\u00e9keny fogak kezel\u00e9s\u00e9hez sz\u00e9les indik\u00e1ci\u00f3s k\u00f6rben alkalmazhat\u00f3.<\/p>\n<\/li>\n<\/ul>\n<p class=\"my-2 [&amp;+p]:mt-4 [&amp;_strong:has(+br)]:inline-block [&amp;_strong:has(+br)]:pb-2\"><strong>Alkalmaz\u00e1si ter\u00fcletek:<\/strong><\/p>\n<ul class=\"marker:text-quiet list-disc\">\n<li class=\"py-0 my-0 prose-p:pt-0 prose-p:mb-2 prose-p:my-0 [&amp;&gt;p]:pt-0 [&amp;&gt;p]:mb-2 [&amp;&gt;p]:my-0\">\n<p class=\"my-2 [&amp;+p]:mt-4 [&amp;_strong:has(+br)]:inline-block [&amp;_strong:has(+br)]:pb-2\">Direkt kompozit t\u00f6m\u00e9sekhez<\/p>\n<\/li>\n<li class=\"py-0 my-0 prose-p:pt-0 prose-p:mb-2 prose-p:my-0 [&amp;&gt;p]:pt-0 [&amp;&gt;p]:mb-2 [&amp;&gt;p]:my-0\">\n<p class=\"my-2 [&amp;+p]:mt-4 [&amp;_strong:has(+br)]:inline-block [&amp;_strong:has(+br)]:pb-2\">Indirekt fogp\u00f3tl\u00e1sok cement\u00e1l\u00e1sa el\u0151tt dentin lez\u00e1r\u00e1sra<\/p>\n<\/li>\n<li class=\"py-0 my-0 prose-p:pt-0 prose-p:mb-2 prose-p:my-0 [&amp;&gt;p]:pt-0 [&amp;&gt;p]:mb-2 [&amp;&gt;p]:my-0\">\n<p class=\"my-2 [&amp;+p]:mt-4 [&amp;_strong:has(+br)]:inline-block [&amp;_strong:has(+br)]:pb-2\">Csonkfel\u00e9p\u00edt\u00e9s<\/p>\n<\/li>\n<li class=\"py-0 my-0 prose-p:pt-0 prose-p:mb-2 prose-p:my-0 [&amp;&gt;p]:pt-0 [&amp;&gt;p]:mb-2 [&amp;&gt;p]:my-0\">\n<p class=\"my-2 [&amp;+p]:mt-4 [&amp;_strong:has(+br)]:inline-block [&amp;_strong:has(+br)]:pb-2\">Fog\u00e9rz\u00e9kenys\u00e9g cs\u00f6kkent\u00e9se, szabadd\u00e1 v\u00e1lt gy\u00f6k\u00e9rfelsz\u00ednek lez\u00e1r\u00e1sa<\/p>\n<\/li>\n<li class=\"py-0 my-0 prose-p:pt-0 prose-p:mb-2 prose-p:my-0 [&amp;&gt;p]:pt-0 [&amp;&gt;p]:mb-2 [&amp;&gt;p]:my-0\">\n<p class=\"my-2 [&amp;+p]:mt-4 [&amp;_strong:has(+br)]:inline-block [&amp;_strong:has(+br)]:pb-2\">Intraor\u00e1lis jav\u00edt\u00e1sok<\/p>\n<\/li>\n<\/ul>\n","protected":false},"featured_media":11847,"comment_status":"open","ping_status":"closed","template":"","meta":{"inline_featured_image":false},"product_brand":[154],"product_cat":[263,126],"product_tag":[270,269],"class_list":{"0":"post-10779","1":"product","2":"type-product","3":"status-publish","4":"has-post-thumbnail","6":"product_brand-kuraray","7":"product_cat-tomeskeszites","8":"product_cat-bondok","9":"product_tag-10-mdp","10":"product_tag-gold-standard-bond","12":"first","13":"instock","14":"taxable","15":"shipping-taxable","16":"purchasable","17":"product-type-variable"},"_links":{"self":[{"href":"https:\/\/prodental.hu\/shop\/wp-json\/wp\/v2\/product\/10779","targetHints":{"allow":["GET"]}}],"collection":[{"href":"https:\/\/prodental.hu\/shop\/wp-json\/wp\/v2\/product"}],"about":[{"href":"https:\/\/prodental.hu\/shop\/wp-json\/wp\/v2\/types\/product"}],"replies":[{"embeddable":true,"href":"https:\/\/prodental.hu\/shop\/wp-json\/wp\/v2\/comments?post=10779"}],"wp:featuredmedia":[{"embeddable":true,"href":"https:\/\/prodental.hu\/shop\/wp-json\/wp\/v2\/media\/11847"}],"wp:attachment":[{"href":"https:\/\/prodental.hu\/shop\/wp-json\/wp\/v2\/media?parent=10779"}],"wp:term":[{"taxonomy":"product_brand","embeddable":true,"href":"https:\/\/prodental.hu\/shop\/wp-json\/wp\/v2\/product_brand?post=10779"},{"taxonomy":"product_cat","embeddable":true,"href":"https:\/\/prodental.hu\/shop\/wp-json\/wp\/v2\/product_cat?post=10779"},{"taxonomy":"product_tag","embeddable":true,"href":"https:\/\/prodental.hu\/shop\/wp-json\/wp\/v2\/product_tag?post=10779"}],"curies":[{"name":"wp","href":"https:\/\/api.w.org\/{rel}","templated":true}]}}