{"id":10768,"date":"2025-10-12T15:42:11","date_gmt":"2025-10-12T15:42:11","guid":{"rendered":"https:\/\/prodental.hu\/shop\/?post_type=product&#038;p=10768"},"modified":"2025-11-18T13:54:01","modified_gmt":"2025-11-18T13:54:01","slug":"clearfil-dc-core-plus","status":"publish","type":"product","link":"https:\/\/prodental.hu\/shop\/product\/clearfil-dc-core-plus\/","title":{"rendered":"CLEARFIL DC CORE PLUS Dentin"},"content":{"rendered":"<p class=\"my-2 [&amp;+p]:mt-4 [&amp;_strong:has(+br)]:inline-block [&amp;_strong:has(+br)]:pb-2\">A CLEARFIL DC CORE PLUS Dentin egy dual-k\u00f6t\u00e9s\u0171, radiopak, k\u00e9tkomponens\u0171 csonkfel\u00e9p\u00edt\u0151 anyag, amely 74%-ban t\u00f6lt\u00f6tt, \u00edgy kiv\u00e1l\u00f3 kompresszi\u00f3s \u00e9s hajl\u00edt\u00e1si szil\u00e1rds\u00e1g\u00fa. A prepar\u00e1l\u00e1s sor\u00e1n \u00fagy viselkedik, mint a saj\u00e1t dentin, k\u00f6nnyen \u00e9s pontosan munk\u00e1lhat\u00f3 meg. Er\u0151s, tart\u00f3s csonkot k\u00e9pez, amellyel a fogp\u00f3tl\u00e1s hossz\u00fa t\u00e1von stabil marad. Haszn\u00e1lata gyorsabb \u00e9s egyszer\u0171bb az egyl\u00e9p\u00e9ses CLEARFIL S3 BOND PLUS alkalmaz\u00e1s\u00e1val, amely fluoridot is tartalmaz. Nem ig\u00e9nyel matrica haszn\u00e1latot, speci\u00e1lis adagol\u00f3cs\u0151r\u00f6k seg\u00edtik a m\u00e9lyebb gy\u00f6k\u00e9rcsatorn\u00e1k kit\u00f6lt\u00e9s\u00e9t.<\/p>\n<p class=\"my-2 [&amp;+p]:mt-4 [&amp;_strong:has(+br)]:inline-block [&amp;_strong:has(+br)]:pb-2\">F\u0151 el\u0151ny\u00f6k:<\/p>\n<ul class=\"marker:text-quiet list-disc\">\n<li class=\"py-0 my-0 prose-p:pt-0 prose-p:mb-2 prose-p:my-0 [&amp;&gt;p]:pt-0 [&amp;&gt;p]:mb-2 [&amp;&gt;p]:my-0\">\n<p class=\"my-2 [&amp;+p]:mt-4 [&amp;_strong:has(+br)]:inline-block [&amp;_strong:has(+br)]:pb-2\">er\u0151s, tart\u00f3s restaur\u00e1ci\u00f3<\/p>\n<\/li>\n<li class=\"py-0 my-0 prose-p:pt-0 prose-p:mb-2 prose-p:my-0 [&amp;&gt;p]:pt-0 [&amp;&gt;p]:mb-2 [&amp;&gt;p]:my-0\">\n<p class=\"my-2 [&amp;+p]:mt-4 [&amp;_strong:has(+br)]:inline-block [&amp;_strong:has(+br)]:pb-2\">kimagasl\u00f3 kompresszi\u00f3s \u00e9s hajl\u00edt\u00e1si szil\u00e1rds\u00e1g<\/p>\n<\/li>\n<li class=\"py-0 my-0 prose-p:pt-0 prose-p:mb-2 prose-p:my-0 [&amp;&gt;p]:pt-0 [&amp;&gt;p]:mb-2 [&amp;&gt;p]:my-0\">\n<p class=\"my-2 [&amp;+p]:mt-4 [&amp;_strong:has(+br)]:inline-block [&amp;_strong:has(+br)]:pb-2\">dentinhez hasonl\u00f3 munk\u00e1lhat\u00f3s\u00e1g<\/p>\n<\/li>\n<li class=\"py-0 my-0 prose-p:pt-0 prose-p:mb-2 prose-p:my-0 [&amp;&gt;p]:pt-0 [&amp;&gt;p]:mb-2 [&amp;&gt;p]:my-0\">\n<p class=\"my-2 [&amp;+p]:mt-4 [&amp;_strong:has(+br)]:inline-block [&amp;_strong:has(+br)]:pb-2\">radiopak<\/p>\n<\/li>\n<\/ul>\n","protected":false},"excerpt":{"rendered":"<p>A CLEARFIL\u2122 DC CORE PLUS egy kett\u0151s k\u00f6t\u00e9s\u0171 (f\u00e9nyre k\u00f6t\u0151 \u00e9s \u00f6nk\u00f6t\u0151 tulajdons\u00e1g\u00fa), k\u00e9tkomponens\u0171 csonkfel\u00e9p\u00edt\u0151, amelyet automix kiszerel\u00e9sben eszt\u00e9tikus \u00e9s megb\u00edzhat\u00f3 restaur\u00e1ci\u00f3k k\u00e9sz\u00edt\u00e9s\u00e9hez.<\/p>\n<p>Sz\u00edn: Dentin<\/p>\n<p>Kiszerel\u00e9s: 1 syringe (17.9 g \/ 9 ml), 20 mixing tips, 10 guide tips (L), 10 guide tips (S) | 20 tips<\/p>\n","protected":false},"featured_media":11853,"comment_status":"open","ping_status":"closed","template":"","meta":{"inline_featured_image":false},"product_brand":[154],"product_cat":[272,271],"product_tag":[],"class_list":{"0":"post-10768","1":"product","2":"type-product","3":"status-publish","4":"has-post-thumbnail","6":"product_brand-kuraray","7":"product_cat-csonkfelepites","8":"product_cat-fogpotlas","10":"first","11":"instock","12":"taxable","13":"shipping-taxable","14":"purchasable","15":"product-type-simple"},"_links":{"self":[{"href":"https:\/\/prodental.hu\/shop\/wp-json\/wp\/v2\/product\/10768","targetHints":{"allow":["GET"]}}],"collection":[{"href":"https:\/\/prodental.hu\/shop\/wp-json\/wp\/v2\/product"}],"about":[{"href":"https:\/\/prodental.hu\/shop\/wp-json\/wp\/v2\/types\/product"}],"replies":[{"embeddable":true,"href":"https:\/\/prodental.hu\/shop\/wp-json\/wp\/v2\/comments?post=10768"}],"wp:featuredmedia":[{"embeddable":true,"href":"https:\/\/prodental.hu\/shop\/wp-json\/wp\/v2\/media\/11853"}],"wp:attachment":[{"href":"https:\/\/prodental.hu\/shop\/wp-json\/wp\/v2\/media?parent=10768"}],"wp:term":[{"taxonomy":"product_brand","embeddable":true,"href":"https:\/\/prodental.hu\/shop\/wp-json\/wp\/v2\/product_brand?post=10768"},{"taxonomy":"product_cat","embeddable":true,"href":"https:\/\/prodental.hu\/shop\/wp-json\/wp\/v2\/product_cat?post=10768"},{"taxonomy":"product_tag","embeddable":true,"href":"https:\/\/prodental.hu\/shop\/wp-json\/wp\/v2\/product_tag?post=10768"}],"curies":[{"name":"wp","href":"https:\/\/api.w.org\/{rel}","templated":true}]}}