{"id":10719,"date":"2025-08-22T19:16:30","date_gmt":"2025-08-22T19:16:30","guid":{"rendered":"https:\/\/prodental.hu\/shop\/?post_type=product&#038;p=10719"},"modified":"2025-11-09T14:22:58","modified_gmt":"2025-11-09T14:22:58","slug":"clearfil-st-opaquer-4g","status":"publish","type":"product","link":"https:\/\/prodental.hu\/shop\/product\/clearfil-st-opaquer-4g\/","title":{"rendered":"CLEARFIL ST OPAQUER"},"content":{"rendered":"<p>A CLEARFIL\u2122 ST OPAQUER egy f\u00e9nyre k\u00f6t\u0151, opak m\u0171gyanta, amely els\u0151sorban a f\u00e9mek \u00e9s az elsz\u00ednez\u0151d\u00f6tt fogak sz\u00edn\u00e9nek elfed\u00e9s\u00e9re szolg\u00e1l.<br \/>\n\u2022 Magas opacit\u00e1s<br \/>\n\u2022 M\u00e1r egy r\u00e9tegben elfedi a f\u00e9mek sz\u00edn\u00e9t<\/p>\n","protected":false},"excerpt":{"rendered":"<p>A CLEARFIL\u2122 ST OPAQUER egy f\u00e9nyre k\u00f6t\u0151, opak m\u0171gyanta, amely els\u0151sorban a f\u00e9mek \u00e9s az elsz\u00ednez\u0151d\u00f6tt fogak sz\u00edn\u00e9nek elfed\u00e9s\u00e9re szolg\u00e1l.<br \/>\n\u2022 Magas opacit\u00e1s<br \/>\n\u2022 M\u00e1r egy r\u00e9tegben elfedi a f\u00e9mek sz\u00edn\u00e9t<\/p>\n<p>4 g<\/p>\n","protected":false},"featured_media":10720,"comment_status":"open","ping_status":"closed","template":"","meta":{"inline_featured_image":false},"product_brand":[154],"product_cat":[271,274,264,130,263],"product_tag":[],"class_list":{"0":"post-10719","1":"product","2":"type-product","3":"status-publish","4":"has-post-thumbnail","6":"product_brand-kuraray","7":"product_cat-fogpotlas","8":"product_cat-kiegeszitok-ragasztashoz","9":"product_cat-kiegeszitok-tomeshez","10":"product_cat-kompozitok","11":"product_cat-tomeskeszites","13":"first","14":"instock","15":"taxable","16":"shipping-taxable","17":"purchasable","18":"product-type-simple"},"_links":{"self":[{"href":"https:\/\/prodental.hu\/shop\/wp-json\/wp\/v2\/product\/10719","targetHints":{"allow":["GET"]}}],"collection":[{"href":"https:\/\/prodental.hu\/shop\/wp-json\/wp\/v2\/product"}],"about":[{"href":"https:\/\/prodental.hu\/shop\/wp-json\/wp\/v2\/types\/product"}],"replies":[{"embeddable":true,"href":"https:\/\/prodental.hu\/shop\/wp-json\/wp\/v2\/comments?post=10719"}],"wp:featuredmedia":[{"embeddable":true,"href":"https:\/\/prodental.hu\/shop\/wp-json\/wp\/v2\/media\/10720"}],"wp:attachment":[{"href":"https:\/\/prodental.hu\/shop\/wp-json\/wp\/v2\/media?parent=10719"}],"wp:term":[{"taxonomy":"product_brand","embeddable":true,"href":"https:\/\/prodental.hu\/shop\/wp-json\/wp\/v2\/product_brand?post=10719"},{"taxonomy":"product_cat","embeddable":true,"href":"https:\/\/prodental.hu\/shop\/wp-json\/wp\/v2\/product_cat?post=10719"},{"taxonomy":"product_tag","embeddable":true,"href":"https:\/\/prodental.hu\/shop\/wp-json\/wp\/v2\/product_tag?post=10719"}],"curies":[{"name":"wp","href":"https:\/\/api.w.org\/{rel}","templated":true}]}}