{"id":10709,"date":"2025-08-22T19:10:50","date_gmt":"2025-08-22T19:10:50","guid":{"rendered":"https:\/\/prodental.hu\/shop\/?post_type=product&#038;p=10709"},"modified":"2025-11-18T14:14:00","modified_gmt":"2025-11-18T14:14:00","slug":"clearfil-majesty-es-flow-universal-low","status":"publish","type":"product","link":"https:\/\/prodental.hu\/shop\/product\/clearfil-majesty-es-flow-universal-low\/","title":{"rendered":"CLEARFIL MAJESTY ES Flow Universal"},"content":{"rendered":"<p>A CLEARFIL MAJESTY ES Flow Universal\u00a0 egy er\u0151s, univerz\u00e1lis \u00e9s foly\u00e9kony kompozit. Az \u00d6n \u00faj kedvenc kompozitja.<br \/>\nEz az innovat\u00edv, k\u00e9t konzisztenci\u00e1ban (Low \u00e9s Super Low) el\u00e9rhet\u0151 foly\u00e9kony kompozit nagy m\u00e9rt\u00e9kben megk\u00f6nny\u00edti a fogsz\u00edn meghat\u00e1roz\u00e1st &#8211; egyszer\u0171en nincs sz\u00fcks\u00e9g fogsz\u00ednkulcsra!<\/p>\n<p>Mind\u00f6ssze k\u00e9t egym\u00e1st kieg\u00e9sz\u00edt\u0151, az U \u00e9s az UD \u00e1rnyalat seg\u00edts\u00e9g\u00e9vel z\u00f6kken\u0151mentesen illeszkedik a k\u00f6rnyez\u0151 fogakhoz, lehet\u0151v\u00e9 t\u00e9ve, hogy minim\u00e1lis er\u0151fesz\u00edt\u00e9ssel gy\u00f6ny\u00f6r\u0171 fogp\u00f3tl\u00e1sokat hozzon l\u00e9tre. Mivel olyan er\u0151s, mint a legt\u00f6bb paszta t\u00edpus\u00fa kompozit, az alkalmaz\u00e1sok sz\u00e9les sk\u00e1l\u00e1ja el\u0151tt nyitja meg az ajt\u00f3t.<\/p>\n<p>Tulajdons\u00e1gok \u00e9s el\u0151ny\u00f6k<br \/>\n&#8211; Leegyszer\u0171s\u00edtett sz\u00ednv\u00e1laszt\u00e1s<br \/>\n&#8211; K\u00e9t konzisztencia kiv\u00e1l\u00f3 felhaszn\u00e1lhat\u00f3s\u00e1ggal<br \/>\n&#8211; A hagyom\u00e1nyos paszta kompozitokkal megegyez\u0151 nagy mechanikai szil\u00e1rds\u00e1g<br \/>\n&#8211; K\u00f6nny\u0171 pol\u00edrozhat\u00f3s\u00e1g, hosszan tart\u00f3 csillog\u00e1s<\/p>\n<p>2,7g (1,5 ml)<\/p>\n","protected":false},"excerpt":{"rendered":"<p>A CLEARFIL MAJESTY ES Flow Universal\u00a0 egy er\u0151s, univerz\u00e1lis \u00e9s foly\u00e9kony kompozit. Az \u00d6n \u00faj kedvenc kompozitja.<br \/>\nEz az innovat\u00edv, k\u00e9t konzisztenci\u00e1ban (Low \u00e9s Super Low) el\u00e9rhet\u0151 foly\u00e9kony kompozit nagy m\u00e9rt\u00e9kben megk\u00f6nny\u00edti a fogsz\u00edn meghat\u00e1roz\u00e1st &#8211; egyszer\u0171en nincs sz\u00fcks\u00e9g fogsz\u00ednkulcsra!<\/p>\n<p>Mind\u00f6ssze k\u00e9t egym\u00e1st kieg\u00e9sz\u00edt\u0151, az U \u00e9s az UD \u00e1rnyalat seg\u00edts\u00e9g\u00e9vel z\u00f6kken\u0151mentesen illeszkedik a k\u00f6rnyez\u0151 fogakhoz, lehet\u0151v\u00e9 t\u00e9ve, hogy minim\u00e1lis er\u0151fesz\u00edt\u00e9ssel gy\u00f6ny\u00f6r\u0171 fogp\u00f3tl\u00e1sokat hozzon l\u00e9tre. Mivel olyan er\u0151s, mint a legt\u00f6bb paszta t\u00edpus\u00fa kompozit, az alkalmaz\u00e1sok sz\u00e9les sk\u00e1l\u00e1ja el\u0151tt nyitja meg az ajt\u00f3t.<\/p>\n<p>Tulajdons\u00e1gok \u00e9s el\u0151ny\u00f6k<br \/>\n&#8211; Leegyszer\u0171s\u00edtett sz\u00ednv\u00e1laszt\u00e1s<br \/>\n&#8211; K\u00e9t konzisztencia kiv\u00e1l\u00f3 felhaszn\u00e1lhat\u00f3s\u00e1ggal<br \/>\n&#8211; A hagyom\u00e1nyos paszta kompozitokkal megegyez\u0151 nagy mechanikai szil\u00e1rds\u00e1g<br \/>\n&#8211; K\u00f6nny\u0171 pol\u00edrozhat\u00f3s\u00e1g, hosszan tart\u00f3 csillog\u00e1s<\/p>\n<p>2,7g (1,5 ml)<\/p>\n","protected":false},"featured_media":11898,"comment_status":"open","ping_status":"closed","template":"","meta":{"inline_featured_image":false},"product_brand":[154],"product_cat":[275,263],"product_tag":[],"class_list":{"0":"post-10709","1":"product","2":"type-product","3":"status-publish","4":"has-post-thumbnail","6":"product_brand-kuraray","7":"product_cat-folyekony-kompozitok","8":"product_cat-tomeskeszites","10":"first","11":"instock","12":"taxable","13":"shipping-taxable","14":"purchasable","15":"product-type-variable"},"_links":{"self":[{"href":"https:\/\/prodental.hu\/shop\/wp-json\/wp\/v2\/product\/10709","targetHints":{"allow":["GET"]}}],"collection":[{"href":"https:\/\/prodental.hu\/shop\/wp-json\/wp\/v2\/product"}],"about":[{"href":"https:\/\/prodental.hu\/shop\/wp-json\/wp\/v2\/types\/product"}],"replies":[{"embeddable":true,"href":"https:\/\/prodental.hu\/shop\/wp-json\/wp\/v2\/comments?post=10709"}],"wp:featuredmedia":[{"embeddable":true,"href":"https:\/\/prodental.hu\/shop\/wp-json\/wp\/v2\/media\/11898"}],"wp:attachment":[{"href":"https:\/\/prodental.hu\/shop\/wp-json\/wp\/v2\/media?parent=10709"}],"wp:term":[{"taxonomy":"product_brand","embeddable":true,"href":"https:\/\/prodental.hu\/shop\/wp-json\/wp\/v2\/product_brand?post=10709"},{"taxonomy":"product_cat","embeddable":true,"href":"https:\/\/prodental.hu\/shop\/wp-json\/wp\/v2\/product_cat?post=10709"},{"taxonomy":"product_tag","embeddable":true,"href":"https:\/\/prodental.hu\/shop\/wp-json\/wp\/v2\/product_tag?post=10709"}],"curies":[{"name":"wp","href":"https:\/\/api.w.org\/{rel}","templated":true}]}}