{"id":10678,"date":"2025-08-22T18:34:55","date_gmt":"2025-08-22T18:34:55","guid":{"rendered":"https:\/\/prodental.hu\/shop\/?post_type=product&#038;p=10678"},"modified":"2025-11-08T20:32:27","modified_gmt":"2025-11-08T20:32:27","slug":"clearfil-majesty-es-flow","status":"publish","type":"product","link":"https:\/\/prodental.hu\/shop\/product\/clearfil-majesty-es-flow\/","title":{"rendered":"CLEARFIL MAJESTY ES Flow &#8211; Low"},"content":{"rendered":"<p>CLEARFIL MAJESTY\u2122 ES Flow univerz\u00e1lis foly\u00e9kony kompozit 3 k\u00fcl\u00f6nb\u00f6z\u0151 viszkozit\u00e1sban (High Flow, Low Flow, Superlow Flow) kaphat\u00f3 az \u00d6n ig\u00e9nyeihez igaz\u00edtva, tart\u00f3s, eszt\u00e9tikus \u00e9s egyszer\u0171 helyre\u00e1ll\u00edt\u00e1st biztos\u00edtva.<\/p>\n<p>Low Flow<br \/>\nAnterior \u00e9s poszterior ell\u00e1t\u00e1sok sz\u00e9les k\u00f6r\u00e9hez haszn\u00e1lhat\u00f3<\/p>\n","protected":false},"excerpt":{"rendered":"<p>CLEARFIL MAJESTY\u2122 ES Flow foly\u00e9kony kompozit 3 k\u00fcl\u00f6nb\u00f6z\u0151 viszkozit\u00e1sban (High Flow, Low Flow, Superlow Flow) kaphat\u00f3 az \u00d6n ig\u00e9nyeihez igaz\u00edtva, tart\u00f3s, eszt\u00e9tikus \u00e9s egyszer\u0171 helyre\u00e1ll\u00edt\u00e1st biztos\u00edtva.<\/p>\n<p>Low Flow<br \/>\nAnterior \u00e9s poszterior ell\u00e1t\u00e1sok sz\u00e9les k\u00f6r\u00e9hez haszn\u00e1lhat\u00f3<\/p>\n<p>2,7g (1,5 ml)<\/p>\n","protected":false},"featured_media":10675,"comment_status":"open","ping_status":"closed","template":"","meta":{"inline_featured_image":false},"product_brand":[154],"product_cat":[275,263],"product_tag":[],"class_list":{"0":"post-10678","1":"product","2":"type-product","3":"status-publish","4":"has-post-thumbnail","6":"product_brand-kuraray","7":"product_cat-folyekony-kompozitok","8":"product_cat-tomeskeszites","10":"first","11":"instock","12":"taxable","13":"shipping-taxable","14":"purchasable","15":"product-type-variable"},"_links":{"self":[{"href":"https:\/\/prodental.hu\/shop\/wp-json\/wp\/v2\/product\/10678","targetHints":{"allow":["GET"]}}],"collection":[{"href":"https:\/\/prodental.hu\/shop\/wp-json\/wp\/v2\/product"}],"about":[{"href":"https:\/\/prodental.hu\/shop\/wp-json\/wp\/v2\/types\/product"}],"replies":[{"embeddable":true,"href":"https:\/\/prodental.hu\/shop\/wp-json\/wp\/v2\/comments?post=10678"}],"wp:featuredmedia":[{"embeddable":true,"href":"https:\/\/prodental.hu\/shop\/wp-json\/wp\/v2\/media\/10675"}],"wp:attachment":[{"href":"https:\/\/prodental.hu\/shop\/wp-json\/wp\/v2\/media?parent=10678"}],"wp:term":[{"taxonomy":"product_brand","embeddable":true,"href":"https:\/\/prodental.hu\/shop\/wp-json\/wp\/v2\/product_brand?post=10678"},{"taxonomy":"product_cat","embeddable":true,"href":"https:\/\/prodental.hu\/shop\/wp-json\/wp\/v2\/product_cat?post=10678"},{"taxonomy":"product_tag","embeddable":true,"href":"https:\/\/prodental.hu\/shop\/wp-json\/wp\/v2\/product_tag?post=10678"}],"curies":[{"name":"wp","href":"https:\/\/api.w.org\/{rel}","templated":true}]}}