{"id":10662,"date":"2025-08-22T18:21:32","date_gmt":"2025-08-22T18:21:32","guid":{"rendered":"https:\/\/prodental.hu\/shop\/?post_type=product&#038;p=10662"},"modified":"2025-11-09T10:58:25","modified_gmt":"2025-11-09T10:58:25","slug":"clearfil-majesty-flow","status":"publish","type":"product","link":"https:\/\/prodental.hu\/shop\/product\/clearfil-majesty-flow\/","title":{"rendered":"CLEARFIL MAJESTY Flow"},"content":{"rendered":"","protected":false},"excerpt":{"rendered":"<p>A CLEARFIL MAJESTY\u2122 Flow egy f\u00e9nyre k\u00f6t\u0151, radiopak foly\u00e9kony t\u00f6m\u0151anyag, magas t\u00f6lt\u0151anyag-tartalommal. A t\u00f6lt\u0151anyag r\u00e9szecsk\u00e9i egy \u00faj, szabadalmaztatott fel\u00fcletkezel\u00e9si elj\u00e1r\u00e1son estek \u00e1t, ez teszi lehet\u0151v\u00e9, hogy m\u00e1s foly\u00e9kony kompozitokhoz k\u00e9pest extr\u00e9m magas a t\u00f6lt\u0151anyag-tartalma amellett, hogy a felhaszn\u00e1lhat\u00f3s\u00e1ga, foly\u00e9kony tulajdons\u00e1gai nem romlanak.<\/p>\n<p>3,2 g (1,5 ml)<\/p>\n","protected":false},"featured_media":11926,"comment_status":"open","ping_status":"closed","template":"","meta":{"inline_featured_image":false},"product_brand":[154],"product_cat":[275,263],"product_tag":[],"class_list":{"0":"post-10662","1":"product","2":"type-product","3":"status-publish","4":"has-post-thumbnail","6":"product_brand-kuraray","7":"product_cat-folyekony-kompozitok","8":"product_cat-tomeskeszites","10":"first","11":"instock","12":"taxable","13":"shipping-taxable","14":"purchasable","15":"product-type-variable"},"_links":{"self":[{"href":"https:\/\/prodental.hu\/shop\/wp-json\/wp\/v2\/product\/10662","targetHints":{"allow":["GET"]}}],"collection":[{"href":"https:\/\/prodental.hu\/shop\/wp-json\/wp\/v2\/product"}],"about":[{"href":"https:\/\/prodental.hu\/shop\/wp-json\/wp\/v2\/types\/product"}],"replies":[{"embeddable":true,"href":"https:\/\/prodental.hu\/shop\/wp-json\/wp\/v2\/comments?post=10662"}],"wp:featuredmedia":[{"embeddable":true,"href":"https:\/\/prodental.hu\/shop\/wp-json\/wp\/v2\/media\/11926"}],"wp:attachment":[{"href":"https:\/\/prodental.hu\/shop\/wp-json\/wp\/v2\/media?parent=10662"}],"wp:term":[{"taxonomy":"product_brand","embeddable":true,"href":"https:\/\/prodental.hu\/shop\/wp-json\/wp\/v2\/product_brand?post=10662"},{"taxonomy":"product_cat","embeddable":true,"href":"https:\/\/prodental.hu\/shop\/wp-json\/wp\/v2\/product_cat?post=10662"},{"taxonomy":"product_tag","embeddable":true,"href":"https:\/\/prodental.hu\/shop\/wp-json\/wp\/v2\/product_tag?post=10662"}],"curies":[{"name":"wp","href":"https:\/\/api.w.org\/{rel}","templated":true}]}}