{"id":3,"date":"2025-07-27T18:29:05","date_gmt":"2025-07-27T18:29:05","guid":{"rendered":"https:\/\/prodental.hu\/shop\/?page_id=3"},"modified":"2025-12-18T10:51:51","modified_gmt":"2025-12-18T10:51:51","slug":"privacy-policy","status":"publish","type":"page","link":"https:\/\/prodental.hu\/shop\/privacy-policy\/","title":{"rendered":"\u00c1ltal\u00e1nos Szerz\u0151d\u00e9si Felt\u00e9telek"},"content":{"rendered":"\t\t<div data-elementor-type=\"wp-page\" data-elementor-id=\"3\" class=\"elementor elementor-3\" data-elementor-post-type=\"page\">\n\t\t\t\t<div class=\"elementor-element elementor-element-755a960 e-flex e-con-boxed e-con e-parent\" data-id=\"755a960\" data-element_type=\"container\" data-e-type=\"container\">\n\t\t\t\t\t<div class=\"e-con-inner\">\n\t\t\t\t<div class=\"elementor-element elementor-element-2c38634 elementor-widget elementor-widget-html\" data-id=\"2c38634\" data-element_type=\"widget\" data-e-type=\"widget\" data-widget_type=\"html.default\">\n\t\t\t\t\t<iframe width='100%' height='1000' src='https:\/\/api.virtualjog.hu\/api\/v1\/document\/9995?access-token=9f411d33cdbdc73a62b3c4e7215daffa' frameborder='0'><\/iframe>\t\t\t\t<\/div>\n\t\t\t\t\t<\/div>\n\t\t\t\t<\/div>\n\t\t\t\t<\/div>\n\t\t","protected":false},"excerpt":{"rendered":"","protected":false},"author":1,"featured_media":0,"parent":0,"menu_order":0,"comment_status":"closed","ping_status":"open","template":"","meta":{"inline_featured_image":false,"footnotes":""},"class_list":["post-3","page","type-page","status-publish","hentry"],"_links":{"self":[{"href":"https:\/\/prodental.hu\/shop\/wp-json\/wp\/v2\/pages\/3","targetHints":{"allow":["GET"]}}],"collection":[{"href":"https:\/\/prodental.hu\/shop\/wp-json\/wp\/v2\/pages"}],"about":[{"href":"https:\/\/prodental.hu\/shop\/wp-json\/wp\/v2\/types\/page"}],"author":[{"embeddable":true,"href":"https:\/\/prodental.hu\/shop\/wp-json\/wp\/v2\/users\/1"}],"replies":[{"embeddable":true,"href":"https:\/\/prodental.hu\/shop\/wp-json\/wp\/v2\/comments?post=3"}],"version-history":[{"count":4,"href":"https:\/\/prodental.hu\/shop\/wp-json\/wp\/v2\/pages\/3\/revisions"}],"predecessor-version":[{"id":12574,"href":"https:\/\/prodental.hu\/shop\/wp-json\/wp\/v2\/pages\/3\/revisions\/12574"}],"wp:attachment":[{"href":"https:\/\/prodental.hu\/shop\/wp-json\/wp\/v2\/media?parent=3"}],"curies":[{"name":"wp","href":"https:\/\/api.w.org\/{rel}","templated":true}]}}