{"id":22,"date":"2025-07-27T18:59:16","date_gmt":"2025-07-27T18:59:16","guid":{"rendered":"https:\/\/prodental.hu\/shop\/cart\/"},"modified":"2025-10-13T03:34:51","modified_gmt":"2025-10-13T03:34:51","slug":"cart","status":"publish","type":"page","link":"https:\/\/prodental.hu\/shop\/cart\/","title":{"rendered":"Kos\u00e1r"},"content":{"rendered":"\r\n<div data-block-name=\"woocommerce\/cart\" class=\"wp-block-woocommerce-cart alignwide is-loading\">\r\n<div data-block-name=\"woocommerce\/filled-cart-block\" class=\"wp-block-woocommerce-filled-cart-block\">\r\n<div data-block-name=\"woocommerce\/cart-items-block\" class=\"wp-block-woocommerce-cart-items-block\">\r\n<div data-block-name=\"woocommerce\/cart-line-items-block\" class=\"wp-block-woocommerce-cart-line-items-block\">\u00a0<\/div>\r\n\r\n\r\n\r\n<div data-block-name=\"woocommerce\/cart-cross-sells-block\" class=\"wp-block-woocommerce-cart-cross-sells-block\">\r\n<h2 class=\"wp-block-heading has-large-font-size\">\u00c9rdekelheti \u00d6nt&#8230;<\/h2>\r\n\r\n\r\n\r\n<div data-block-name=\"woocommerce\/cart-cross-sells-products-block\" class=\"wp-block-woocommerce-cart-cross-sells-products-block\">\u00a0<\/div>\r\n<\/div>\r\n<\/div>\r\n\r\n\r\n\r\n<div data-block-name=\"woocommerce\/cart-totals-block\" class=\"wp-block-woocommerce-cart-totals-block\">\r\n<div data-block-name=\"woocommerce\/cart-order-summary-block\" class=\"wp-block-woocommerce-cart-order-summary-block\">\r\n<div data-block-name=\"woocommerce\/cart-order-summary-heading-block\" class=\"wp-block-woocommerce-cart-order-summary-heading-block\">\u00a0<\/div>\r\n\r\n\r\n\r\n<div data-block-name=\"woocommerce\/cart-order-summary-coupon-form-block\" class=\"wp-block-woocommerce-cart-order-summary-coupon-form-block\">\u00a0<\/div>\r\n\r\n\r\n\r\n\r\n\r\n\r\n\r\n\r\n\r\n\r\n\r\n\r\n\r\n\r\n\r\n\r\n\r\n\r\n\r\n<div data-block-name=\"woocommerce\/cart-order-summary-totals-block\" class=\"wp-block-woocommerce-cart-order-summary-totals-block\">\n<div data-block-name=\"woocommerce\/cart-order-summary-subtotal-block\" class=\"wp-block-woocommerce-cart-order-summary-subtotal-block\">\u00a0<\/div>\n<div data-block-name=\"woocommerce\/cart-order-summary-discount-block\" class=\"wp-block-woocommerce-cart-order-summary-discount-block\">\u00a0<\/div>\n<div data-block-name=\"woocommerce\/cart-order-summary-fee-block\" class=\"wp-block-woocommerce-cart-order-summary-fee-block\">\u00a0<\/div>\n<div data-block-name=\"woocommerce\/cart-order-summary-shipping-block\" class=\"wp-block-woocommerce-cart-order-summary-shipping-block\">\u00a0<\/div>\n<div data-block-name=\"woocommerce\/cart-order-summary-taxes-block\" class=\"wp-block-woocommerce-cart-order-summary-taxes-block\">\u00a0<\/div><\/div>\r\n<\/div>\r\n\r\n\r\n\r\n<div data-block-name=\"woocommerce\/cart-express-payment-block\" class=\"wp-block-woocommerce-cart-express-payment-block\">\u00a0<\/div>\r\n\r\n\r\n\r\n<div data-block-name=\"woocommerce\/proceed-to-checkout-block\" class=\"wp-block-woocommerce-proceed-to-checkout-block\">\u00a0<\/div>\r\n\r\n\r\n\r\n<div data-block-name=\"woocommerce\/cart-accepted-payment-methods-block\" class=\"wp-block-woocommerce-cart-accepted-payment-methods-block\">\u00a0<\/div>\r\n<\/div>\r\n<\/div>\r\n\r\n\r\n\r\n<div data-block-name=\"woocommerce\/empty-cart-block\" class=\"wp-block-woocommerce-empty-cart-block\">\r\n<h2 class=\"wp-block-heading has-text-align-center with-empty-cart-icon wc-block-cart__empty-cart__title\">A kosara jelenleg \u00fcres!<\/h2>\r\n\r\n\r\n<hr class=\"wp-block-separator has-alpha-channel-opacity is-style-dots\" \/>\r\n\r\n\r\n<h2 class=\"wp-block-heading has-text-align-center\">\u00dajdons\u00e1gok<\/h2>\r\n\r\n\r\n<div data-block-name=\"woocommerce\/product-new\" data-columns=\"4\" data-rows=\"1\" class=\"wc-block-grid wp-block-product-new wp-block-woocommerce-product-new wc-block-product-new has-4-columns\"><ul class=\"wc-block-grid__products\"><li class=\"wc-block-grid__product\">\n\t\t\t\t<a href=\"https:\/\/prodental.hu\/shop\/product\/palodent-v3-4-db-ajandek-gyuru-akcios-csomag\/\" class=\"wc-block-grid__product-link\">\n\t\t\t\t\t\n\t\t\t\t\t<div class=\"wc-block-grid__product-image\"><img fetchpriority=\"high\" decoding=\"async\" width=\"300\" height=\"250\" src=\"https:\/\/prodental.hu\/shop\/wp-content\/uploads\/2026\/04\/4db-V3-ajandek-gyuru-300x250.png\" class=\"attachment-woocommerce_thumbnail size-woocommerce_thumbnail\" alt=\"PALODENT V3 4 DB + AJ\u00c1ND\u00c9K GY\u0170R\u0170 AKCI\u00d3S CSOMAG\" \/><\/div>\n\t\t\t\t\t<div class=\"wc-block-grid__product-title\">PALODENT V3 4 DB + AJ\u00c1ND\u00c9K GY\u0170R\u0170 AKCI\u00d3S CSOMAG<\/div>\n\t\t\t\t<\/a>\n\t\t\t\t<div class=\"wc-block-grid__product-price price\"><span class=\"woocommerce-Price-amount amount\">118 352&nbsp;<span class=\"woocommerce-Price-currencySymbol\">&#070;&#116;<\/span><\/span><\/div>\n\t\t\t\t\n\t\t\t\t<div class=\"wp-block-button wc-block-grid__product-add-to-cart\"><a href=\"\/shop\/wp-json\/wp\/v2\/pages\/22?add-to-cart=12931\" aria-label=\"Kos\u00e1rba: &ldquo;PALODENT V3 4 DB + AJ\u00c1ND\u00c9K GY\u0170R\u0170 AKCI\u00d3S CSOMAG&rdquo;\" data-quantity=\"1\" data-product_id=\"12931\" data-product_sku=\"\" data-price=\"118352\" rel=\"nofollow\" class=\"wp-block-button__link  add_to_cart_button ajax_add_to_cart\">Kos\u00e1rba teszem<\/a><\/div>\n\t\t\t<\/li><li class=\"wc-block-grid__product\">\n\t\t\t\t<a href=\"https:\/\/prodental.hu\/shop\/product\/pola-office-csomag-ajandek-polimerizacios-lampaval\/\" class=\"wc-block-grid__product-link\">\n\t\t\t\t\t\n\t\t\t\t\t<div class=\"wc-block-grid__product-image\"><img decoding=\"async\" width=\"300\" height=\"250\" src=\"https:\/\/prodental.hu\/shop\/wp-content\/uploads\/2025\/11\/polaoffice_3patient_2020_hi-300x250.jpg\" class=\"attachment-woocommerce_thumbnail size-woocommerce_thumbnail\" alt=\"POLA OFFICE+ CSOMAG AJ\u00c1ND\u00c9K POLIMERIZ\u00c1CI\u00d3S L\u00c1MP\u00c1VAL\" \/><\/div>\n\t\t\t\t\t<div class=\"wc-block-grid__product-title\">POLA OFFICE+ CSOMAG AJ\u00c1ND\u00c9K POLIMERIZ\u00c1CI\u00d3S L\u00c1MP\u00c1VAL<\/div>\n\t\t\t\t<\/a>\n\t\t\t\t<div class=\"wc-block-grid__product-price price\"><span class=\"woocommerce-Price-amount amount\">1 319 400&nbsp;<span class=\"woocommerce-Price-currencySymbol\">&#070;&#116;<\/span><\/span><\/div>\n\t\t\t\t\n\t\t\t\t<div class=\"wp-block-button wc-block-grid__product-add-to-cart\"><a href=\"\/shop\/wp-json\/wp\/v2\/pages\/22?add-to-cart=12896\" aria-label=\"Kos\u00e1rba: &ldquo;POLA OFFICE+ CSOMAG AJ\u00c1ND\u00c9K POLIMERIZ\u00c1CI\u00d3S L\u00c1MP\u00c1VAL&rdquo;\" data-quantity=\"1\" data-product_id=\"12896\" data-product_sku=\"\" data-price=\"1319400\" rel=\"nofollow\" class=\"wp-block-button__link  add_to_cart_button ajax_add_to_cart\">Kos\u00e1rba teszem<\/a><\/div>\n\t\t\t<\/li><li class=\"wc-block-grid__product\">\n\t\t\t\t<a href=\"https:\/\/prodental.hu\/shop\/product\/radii-xpert-polimerizacios-es-fogfeherito-lampa-csomag-akcio\/\" class=\"wc-block-grid__product-link\">\n\t\t\t\t\t<div class=\"wc-block-grid__product-onsale\">\n\t\t\t<span aria-hidden=\"true\">Akci\u00f3<\/span>\n\t\t\t<span class=\"screen-reader-text\">Akci\u00f3s term\u00e9k<\/span>\n\t\t<\/div>\n\t\t\t\t\t<div class=\"wc-block-grid__product-image\"><img decoding=\"async\" width=\"300\" height=\"250\" src=\"https:\/\/prodental.hu\/shop\/wp-content\/uploads\/2025\/11\/Radii_xpert_side_HR-300x250.jpg\" class=\"attachment-woocommerce_thumbnail size-woocommerce_thumbnail\" alt=\"RADII XPERT POLIMERIZ\u00c1CI\u00d3S \u00c9S FOGFEH\u00c9R\u00cdT\u0150 L\u00c1MPA CSOMAG AKCI\u00d3\" \/><\/div>\n\t\t\t\t\t<div class=\"wc-block-grid__product-title\">RADII XPERT POLIMERIZ\u00c1CI\u00d3S \u00c9S FOGFEH\u00c9R\u00cdT\u0150 L\u00c1MPA CSOMAG AKCI\u00d3<\/div>\n\t\t\t\t<\/a>\n\t\t\t\t<div class=\"wc-block-grid__product-price price\"><del aria-hidden=\"true\"><span class=\"woocommerce-Price-amount amount\">1 366 183&nbsp;<span class=\"woocommerce-Price-currencySymbol\">&#070;&#116;<\/span><\/span><\/del> <span class=\"screen-reader-text\">Original price was: 1 366 183&nbsp;&#070;&#116;.<\/span><ins aria-hidden=\"true\"><span class=\"woocommerce-Price-amount amount\">515 075&nbsp;<span class=\"woocommerce-Price-currencySymbol\">&#070;&#116;<\/span><\/span><\/ins><span class=\"screen-reader-text\">Current price is: 515 075&nbsp;&#070;&#116;.<\/span><\/div>\n\t\t\t\t\n\t\t\t\t<div class=\"wp-block-button wc-block-grid__product-add-to-cart\"><a href=\"\/shop\/wp-json\/wp\/v2\/pages\/22?add-to-cart=12880\" aria-label=\"Kos\u00e1rba: &ldquo;RADII XPERT POLIMERIZ\u00c1CI\u00d3S \u00c9S FOGFEH\u00c9R\u00cdT\u0150 L\u00c1MPA CSOMAG AKCI\u00d3&rdquo;\" data-quantity=\"1\" data-product_id=\"12880\" data-product_sku=\"5600300-1\" data-price=\"515075\" rel=\"nofollow\" class=\"wp-block-button__link  add_to_cart_button ajax_add_to_cart\">Kos\u00e1rba teszem<\/a><\/div>\n\t\t\t<\/li><li class=\"wc-block-grid__product\">\n\t\t\t\t<a href=\"https:\/\/prodental.hu\/shop\/product\/lentulo-nem-rugos\/\" class=\"wc-block-grid__product-link\">\n\t\t\t\t\t\n\t\t\t\t\t<div class=\"wc-block-grid__product-image\"><img loading=\"lazy\" decoding=\"async\" width=\"300\" height=\"250\" src=\"https:\/\/prodental.hu\/shop\/wp-content\/uploads\/2026\/02\/Lentulo-nem-rugos-300x250.jpg\" class=\"attachment-woocommerce_thumbnail size-woocommerce_thumbnail\" alt=\"LENTULO - NEM RUG\u00d3S\" \/><\/div>\n\t\t\t\t\t<div class=\"wc-block-grid__product-title\">LENTULO &#8211; NEM RUG\u00d3S<\/div>\n\t\t\t\t<\/a>\n\t\t\t\t<div class=\"wc-block-grid__product-price price\"><span class=\"woocommerce-Price-amount amount\">4 172&nbsp;<span class=\"woocommerce-Price-currencySymbol\">&#070;&#116;<\/span><\/span><\/div>\n\t\t\t\t\n\t\t\t\t<div class=\"wp-block-button wc-block-grid__product-add-to-cart\"><a href=\"https:\/\/prodental.hu\/shop\/product\/lentulo-nem-rugos\/\" aria-label=\"V\u00e1lasszunk &ldquo;LENTULO - NEM RUG\u00d3S&rdquo; lehet\u0151s\u00e9gek k\u00f6z\u00fcl\" data-quantity=\"1\" data-product_id=\"12856\" data-product_sku=\"\" data-price=\"4172\" rel=\"nofollow\" class=\"wp-block-button__link  add_to_cart_button\">Opci\u00f3k v\u00e1laszt\u00e1sa<\/a><\/div>\n\t\t\t<\/li><\/ul><\/div><\/div>\r\n<\/div>\r\n","protected":false},"excerpt":{"rendered":"","protected":false},"author":1,"featured_media":0,"parent":0,"menu_order":0,"comment_status":"closed","ping_status":"closed","template":"","meta":{"inline_featured_image":false,"footnotes":""},"class_list":["post-22","page","type-page","status-publish","hentry"],"_links":{"self":[{"href":"https:\/\/prodental.hu\/shop\/wp-json\/wp\/v2\/pages\/22","targetHints":{"allow":["GET"]}}],"collection":[{"href":"https:\/\/prodental.hu\/shop\/wp-json\/wp\/v2\/pages"}],"about":[{"href":"https:\/\/prodental.hu\/shop\/wp-json\/wp\/v2\/types\/page"}],"author":[{"embeddable":true,"href":"https:\/\/prodental.hu\/shop\/wp-json\/wp\/v2\/users\/1"}],"replies":[{"embeddable":true,"href":"https:\/\/prodental.hu\/shop\/wp-json\/wp\/v2\/comments?post=22"}],"version-history":[{"count":3,"href":"https:\/\/prodental.hu\/shop\/wp-json\/wp\/v2\/pages\/22\/revisions"}],"predecessor-version":[{"id":11169,"href":"https:\/\/prodental.hu\/shop\/wp-json\/wp\/v2\/pages\/22\/revisions\/11169"}],"wp:attachment":[{"href":"https:\/\/prodental.hu\/shop\/wp-json\/wp\/v2\/media?parent=22"}],"curies":[{"name":"wp","href":"https:\/\/api.w.org\/{rel}","templated":true}]}}